{"id":1011,"date":"2017-08-03T12:11:03","date_gmt":"2017-08-03T11:11:03","guid":{"rendered":"http:\/\/matgroup.com\/index2.php\/index.php\/technologies\/corium"},"modified":"2020-11-30T15:56:27","modified_gmt":"2020-11-30T14:56:27","slug":"corium","status":"publish","type":"page","link":"https:\/\/matgroup.com\/index.php\/technologies\/corium?lang=ca","title":{"rendered":"CORIUM+"},"content":{"rendered":"<p>[vc_row css_animation=&#8221;&#8221; row_type=&#8221;row&#8221; use_row_as_full_screen_section=&#8221;no&#8221; type=&#8221;full_width&#8221; angled_section=&#8221;no&#8221; text_align=&#8221;left&#8221; background_image_as_pattern=&#8221;without_pattern&#8221; css=&#8221;.vc_custom_1504864088832{padding-right: 47px !important;padding-left: 47px !important;}&#8221;][vc_column css=&#8221;.vc_custom_1506606089941{margin-bottom: 2% !important;}&#8221; offset=&#8221;vc_hidden-sm vc_hidden-xs&#8221;][layerslider_vc id=&#8221;58&#8243;][\/vc_column][\/vc_row][vc_row css_animation=&#8221;&#8221; row_type=&#8221;row&#8221; use_row_as_full_screen_section=&#8221;no&#8221; type=&#8221;full_width&#8221; angled_section=&#8221;no&#8221; text_align=&#8221;left&#8221; background_image_as_pattern=&#8221;without_pattern&#8221; css=&#8221;.vc_custom_1506606104581{padding-right: 10px !important;padding-left: 10px !important;}&#8221;][vc_column css=&#8221;.vc_custom_1506606096612{margin-bottom: 2% !important;}&#8221; offset=&#8221;vc_hidden-lg vc_hidden-md&#8221;][layerslider_vc id=&#8221;58&#8243;][\/vc_column][\/vc_row][vc_row css_animation=&#8221;&#8221; row_type=&#8221;row&#8221; use_row_as_full_screen_section=&#8221;no&#8221; type=&#8221;grid&#8221; angled_section=&#8221;no&#8221; text_align=&#8221;left&#8221; background_image_as_pattern=&#8221;without_pattern&#8221;][vc_column css=&#8221;.vc_custom_1506339049922{margin-top: 2% !important;margin-bottom: 5% !important;}&#8221;][vc_column_text]<\/p>\n<p style=\"font-size: 150%; line-height: 155%; font-family: montserrat; text-align: center;\"><strong>Corium+\u00ae<\/strong> \u00e9s una tecnologia altament vers\u00e0til, creada per enfortir un dels materials m\u00e9s usats per l\u2019\u00e9sser hum\u00e0 per a la vestimenta de protecci\u00f3.<\/p>\n<p>&nbsp;<\/p>\n<p style=\"font-size: 150%; line-height: 155%; font-family: montserrat; text-align: center;\">Aquesta soluci\u00f3 innovadora afegeix protecci\u00f3 contra els elements a la capa de pell de la pe\u00e7a, a la vegada que garanteix la seva transpirabilitat. Aix\u00f2 transforma una pe\u00e7a, complement o qualsevol altre producte fet amb aquesta tecnologia en un producte impermeable, transpirable i talla vent, conservant la comoditat i la protecci\u00f3 que ofereix la pell.<\/p>\n<p>[\/vc_column_text][\/vc_column][\/vc_row][vc_row css_animation=&#8221;&#8221; row_type=&#8221;row&#8221; use_row_as_full_screen_section=&#8221;no&#8221; type=&#8221;grid&#8221; angled_section=&#8221;no&#8221; text_align=&#8221;center&#8221; background_image_as_pattern=&#8221;without_pattern&#8221;][vc_column css=&#8221;.vc_custom_1509986949471{margin-top: 5% !important;}&#8221;][vc_column_text]<\/p>\n<p><center><div id=\"image-map-pro-7166\"><\/div><\/center>[\/vc_column_text][vc_column_text css=&#8221;.vc_custom_1512477888604{margin-top: 2% !important;}&#8221;]<\/p>\n<p style=\"font-family: montserrat; color: #5f574e; text-align: center;\"><strong>Corium+\u00ae<\/strong> combina una pell microperforada que compta amb diferents capes i una membrana que aporta aquestes caracter\u00edstiques.<\/p>\n<p>[\/vc_column_text][\/vc_column][\/vc_row][vc_row css_animation=&#8221;&#8221; row_type=&#8221;row&#8221; use_row_as_full_screen_section=&#8221;no&#8221; type=&#8221;grid&#8221; angled_section=&#8221;no&#8221; text_align=&#8221;left&#8221; background_image_as_pattern=&#8221;without_pattern&#8221; css=&#8221;.vc_custom_1509986888770{padding-top: 5% !important;}&#8221;][vc_column css=&#8221;.vc_custom_1509986896275{margin-bottom: 2% !important;}&#8221;][vc_column_text css=&#8221;.vc_custom_1512477653092{margin-bottom: 2% !important;}&#8221;]<\/p>\n<h2 style=\"text-align: center;\">LA PELL. UNA ELECCI\u00d3 EXCEL\u00b7LENT I SOSTENIBLE<\/h2>\n<p>[\/vc_column_text][vc_separator type=&#8221;small&#8221; position=&#8221;center&#8221; color=&#8221;#002732&#8243; thickness=&#8221;3&#8243; width=&#8221;50&#8243;][\/vc_column][\/vc_row][vc_row css_animation=&#8221;&#8221; row_type=&#8221;row&#8221; use_row_as_full_screen_section=&#8221;no&#8221; type=&#8221;grid&#8221; angled_section=&#8221;no&#8221; text_align=&#8221;left&#8221; background_image_as_pattern=&#8221;without_pattern&#8221; css=&#8221;.vc_custom_1570608218231{padding-bottom: 5% !important;}&#8221; z_index=&#8221;&#8221;][vc_column width=&#8221;1\/2&#8243;][vc_column_text]<span style=\"color: #5f574e;\">La pell \u00e9s el material m\u00e9s antic usat per l&#8217;\u00e9sser hum\u00e0 per vestir-se i protegir-se.<\/span><\/p>\n<p><span style=\"color: #5f574e;\">Les motocicletes i la pell sempre han estat lligats i avui dia segueix sent un dels materials mes usats pels motociclistes. Les principals raons s\u00f3n:<\/span>[\/vc_column_text][vc_column_text css=&#8221;.vc_custom_1512477920553{margin-top: 1% !important;}&#8221;]<\/p>\n<p style=\"font-family: montserrat; font-size: 120%; color: #e4620b; line-height: 160%;\"><strong>\u00b7 Resist\u00e8ncia a l&#8217;abrasi\u00f3<br \/>\n\u00b7 Ergonomia<br \/>\n\u00b7 Major sensaci\u00f3 de protecci\u00f3<\/strong><\/p>\n<p>[\/vc_column_text][\/vc_column][vc_column width=&#8221;1\/2&#8243; css=&#8221;.vc_custom_1506339773099{margin-bottom: 5% !important;}&#8221;][vc_column_text]<span style=\"color: #5f574e;\">Totes les pells usades en la tecnologia Corium+\u00ae s\u00f3n tractades usant els m\u00e8todes de adob m\u00e9s ecol\u00f2gics.<\/span><\/p>\n<p><span style=\"color: #5f574e;\">Estan completament lliures de subst\u00e0ncies com Chromium 6 i PFOA\/*PFOS a m\u00e9s estan controlades i regulades. A m\u00e9s, el seu proc\u00e9s es estrictament controlat per que compleixin amb la normativa REACH europea.<\/span><\/p>\n<p>[\/vc_column_text][\/vc_column][\/vc_row][vc_row css_animation=&#8221;&#8221; row_type=&#8221;row&#8221; use_row_as_full_screen_section=&#8221;no&#8221; type=&#8221;grid&#8221; angled_section=&#8221;no&#8221; text_align=&#8221;left&#8221; background_image_as_pattern=&#8221;without_pattern&#8221; css=&#8221;.vc_custom_1510302821683{padding-top: 5% !important;padding-right: 10% !important;padding-left: 10% !important;background-color: #f7f6f4 !important;background-position: center !important;background-repeat: no-repeat !important;background-size: contain !important;}&#8221;][vc_column][vc_column_text css=&#8221;.vc_custom_1512477978713{margin-bottom: 2% !important;}&#8221;]<\/p>\n<h2 style=\"text-align: center; color: #002e3d;\">ELS BENEFICIS AFEGITS DE CORIUM+\u00ae<\/h2>\n<p>[\/vc_column_text][vc_separator type=&#8221;small&#8221; position=&#8221;center&#8221; color=&#8221;#002732&#8243; thickness=&#8221;3&#8243; width=&#8221;50&#8243;][\/vc_column][\/vc_row][vc_row css_animation=&#8221;&#8221; row_type=&#8221;row&#8221; use_row_as_full_screen_section=&#8221;no&#8221; type=&#8221;grid&#8221; angled_section=&#8221;no&#8221; text_align=&#8221;left&#8221; background_image_as_pattern=&#8221;without_pattern&#8221; css=&#8221;.vc_custom_1510304517576{padding-bottom: 2% !important;background-color: #f7f6f4 !important;}&#8221;][vc_column width=&#8221;2\/4&#8243;][vc_column_text css=&#8221;.vc_custom_1512478027937{margin-top: 5% !important;}&#8221;]<\/p>\n<p style=\"text-align: left;\"><span style=\"color: #5f574e;\">La pell per si sola no es impermeable, i aix\u00f2 fa que de vegades siguin materials inadequats per segons quins climes.<\/span><\/p>\n<p>&nbsp;<\/p>\n<p style=\"text-align: left;\"><span style=\"color: #5f574e;\"><strong>Corium+\u00ae<\/strong> Smart Leather \u00e9s impermeable, transpirable i talla vent. Combina el material m\u00e9s antic usat per l&#8217;home amb l&#8217;\u00faltim en tractament de pell i tecnologia de laminaci\u00f3 material per oferir la soluci\u00f3 definitiva.<\/span><\/p>\n<p>[\/vc_column_text][\/vc_column][vc_column width=&#8221;1\/4&#8243; css=&#8221;.vc_custom_1510304058278{padding-bottom: 2% !important;}&#8221;][vc_column_text css=&#8221;.vc_custom_1512485524137{margin-top: 5% !important;padding-top: 5% !important;padding-right: 5% !important;}&#8221;]<span style=\"font-size: 16px; font-family: montserrat; color: #5f574e;\"><strong>AVANTATGES DE LA MICROPERFORACI\u00d3<\/strong><\/span>[\/vc_column_text][vc_column_text css=&#8221;.vc_custom_1512485558654{margin-top: 1% !important;}&#8221;]<\/p>\n<p style=\"font-family: montserrat; font-size: 120%; color: #e4620b; line-height: 160%;\"><strong>\u00b7 baix pes<br \/>\n\u00b7 adaptable<br \/>\n\u00b7 flexible<br \/>\n\u00b7 transpirabilitat afegida<br \/>\n<\/strong><\/p>\n<p>[\/vc_column_text][\/vc_column][vc_column width=&#8221;1\/4&#8243;][vc_column_text css=&#8221;.vc_custom_1512485577045{margin-top: 5% !important;padding-top: 5% !important;padding-right: 5% !important;}&#8221;]<span style=\"font-size: 16px; font-family: montserrat; color: #5f574e;\"><strong>AVANTATGES DE LA MEMBRANA<\/strong><\/span>[\/vc_column_text][vc_column_text css=&#8221;.vc_custom_1512485609476{margin-top: 1% !important;}&#8221;]<\/p>\n<p style=\"font-family: montserrat; font-size: 120%; color: #e4620b; line-height: 160%;\"><strong>\u00b7 transpirable<br \/>\n\u00b7 impermeable<br \/>\n\u00b7 efecte tallavent<br \/>\n<\/strong><\/p>\n<p>[\/vc_column_text][\/vc_column][\/vc_row][vc_row css_animation=&#8221;&#8221; row_type=&#8221;row&#8221; use_row_as_full_screen_section=&#8221;no&#8221; type=&#8221;grid&#8221; angled_section=&#8221;no&#8221; text_align=&#8221;left&#8221; background_image_as_pattern=&#8221;without_pattern&#8221; css=&#8221;.vc_custom_1510304492170{padding-bottom: 5% !important;background-color: #f7f6f4 !important;}&#8221;][vc_column][vc_accordion active_tab=&#8221;false&#8221; collapsible=&#8221;yes&#8221; style=&#8221;boxed_toggle&#8221;][vc_accordion_tab title=&#8221;\u2014 Veure estudi\u2014&#8221; title_tag=&#8221;h5&#8243; title_color=&#8221;#002732&#8243; background_color=&#8221;#f7f6f4&#8243;][vc_row_inner row_type=&#8221;row&#8221; type=&#8221;grid&#8221; text_align=&#8221;left&#8221; css_animation=&#8221;&#8221;][vc_column_inner][vc_column_text css=&#8221;.vc_custom_1512485922700{margin-bottom: 2% !important;}&#8221;]<\/p>\n<h2 style=\"text-align: center; color: #002732;\">COMODITAT I RENDIMENT<\/h2>\n<p>[\/vc_column_text][vc_separator type=&#8221;small&#8221; position=&#8221;center&#8221; color=&#8221;#002732&#8243; thickness=&#8221;3&#8243; width=&#8221;50&#8243;][\/vc_column_inner][\/vc_row_inner][vc_row_inner row_type=&#8221;row&#8221; type=&#8221;grid&#8221; text_align=&#8221;left&#8221; css_animation=&#8221;&#8221;][vc_column_inner][vc_single_image image=&#8221;2224&#8243; img_size=&#8221;full&#8221; alignment=&#8221;center&#8221; qode_css_animation=&#8221;&#8221;][\/vc_column_inner][\/vc_row_inner][vc_row_inner row_type=&#8221;row&#8221; type=&#8221;grid&#8221; text_align=&#8221;left&#8221; css_animation=&#8221;&#8221; css=&#8221;.vc_custom_1507549238691{margin-top: 3% !important;}&#8221;][vc_column_inner width=&#8221;1\/2&#8243;][vc_column_text css=&#8221;.vc_custom_1512486173032{padding-top: 3% !important;padding-bottom: 5% !important;}&#8221;]<span style=\"font-size: 120%; letter-spacing: 2px; font-weight: bold; font-family: montserrat; color: #5f574e; line-height: 130%;\">Productes Corium+\u00ae (l\u00ednia verda i vermella)<\/span><\/p>\n<p>&nbsp;<\/p>\n<p><span style=\"font-size: 110%; font-family: montserrat; color: #5f574e; line-height: 120%;\">\u2022 Durant els 60 minuts de per\u00edode d&#8217;alta activitat, <strong>Corium+\u00ae<\/strong> Smart Leather es comporta de forma semblant als teixits laminats m\u00e9s eficients del mercat.<\/span><\/p>\n<p>&nbsp;<\/p>\n<p><span style=\"font-size: 110%; font-family: montserrat; color: #5f574e; line-height: 120%;\">\u2022 L\u2019usuari arriba a alts nivells de refredament per evaporaci\u00f3. L&#8217;usuari est\u00e0 m\u00e9s c\u00f2mode en aquestes condicions.<\/span><\/p>\n<p>&nbsp;<\/p>\n<p><span style=\"font-size: 110%; font-family: montserrat; color: #5f574e; line-height: 120%;\">\u2022 Despr\u00e9s que hagin passat entre 90 i 120 minuts despr\u00e9s del per\u00edode d&#8217;activitat alta, l&#8217;usuari i\/o producte estan completament secs gr\u00e0cies a les propietats de transpiraci\u00f3.<\/span>[\/vc_column_text][\/vc_column_inner][vc_column_inner width=&#8221;1\/2&#8243;][vc_column_text css=&#8221;.vc_custom_1512487752474{padding-top: 3% !important;}&#8221;]<span style=\"font-size: 120%; letter-spacing: 2px; font-weight: bold; font-family: montserrat; color: #5f574e; line-height: 130%;\">Pell revestida, sense perforaci\u00f3: (l\u00ednia negra discont\u00ednua)<\/span><\/p>\n<p>&nbsp;<\/p>\n<p><span style=\"font-size: 110%; font-family: montserrat; color: #5f574e; line-height: 120%;\">\u2022 Entrant en el per\u00edode d&#8217;activitat, la pell est\u00e0ndard revestida sense perforaci\u00f3 aconsegueix el seu m\u00e0xim punt de perduda de calor i es queda en aquest valor fins a 3 hores i mitja. <\/span><\/p>\n<p>&nbsp;<\/p>\n<p><span style=\"font-size: 110%; font-family: montserrat; color: #5f574e; line-height: 120%;\">\u2022 El producte no \u00e9s transpirable i evita el refredament evaporador pr\u00f2piament dit.<\/span><\/p>\n<p>&nbsp;<\/p>\n<p><span style=\"font-size: 110%; font-family: montserrat; color: #5f574e; line-height: 120%;\">\u2022 L&#8217;usuari sua i es mant\u00e9 aix\u00ed fins que el test ha acabat.<\/span>[\/vc_column_text][\/vc_column_inner][\/vc_row_inner][\/vc_accordion_tab][\/vc_accordion][\/vc_column][\/vc_row][vc_row css_animation=&#8221;&#8221; row_type=&#8221;row&#8221; use_row_as_full_screen_section=&#8221;no&#8221; type=&#8221;grid&#8221; angled_section=&#8221;no&#8221; text_align=&#8221;left&#8221; background_image_as_pattern=&#8221;without_pattern&#8221; css=&#8221;.vc_custom_1510302631320{margin-top: 5% !important;}&#8221;][vc_column css=&#8221;.vc_custom_1509985083525{margin-bottom: 2% !important;}&#8221;][vc_column_text css=&#8221;.vc_custom_1512485632405{margin-bottom: 2% !important;}&#8221;]<\/p>\n<h2 style=\"text-align: center; color: #002e3d;\">CONSTRUCCI\u00d3 DE LES COSTURES<\/h2>\n<p>[\/vc_column_text][vc_separator type=&#8221;small&#8221; position=&#8221;center&#8221; color=&#8221;#002732&#8243; thickness=&#8221;3&#8243; width=&#8221;50&#8243;][\/vc_column][\/vc_row][vc_row css_animation=&#8221;&#8221; row_type=&#8221;row&#8221; use_row_as_full_screen_section=&#8221;no&#8221; type=&#8221;grid&#8221; angled_section=&#8221;no&#8221; text_align=&#8221;left&#8221; background_image_as_pattern=&#8221;without_pattern&#8221; css=&#8221;.vc_custom_1510304698962{padding-bottom: 5% !important;}&#8221;][vc_column width=&#8221;1\/2&#8243;][vc_single_image image=&#8221;570&#8243; img_size=&#8221;full&#8221; alignment=&#8221;center&#8221; qode_css_animation=&#8221;&#8221;][vc_column_text css=&#8221;.vc_custom_1512485775409{margin-top: 5% !important;}&#8221;]<\/p>\n<p style=\"text-align: left;\"><span style=\"color: #5f574e;\">Tota la roba fabricada amb el proc\u00e9s de <strong>Corium+\u00ae<\/strong> \u00e9s totalment impermeable segons la normativa EN-14360 gr\u00e0cies a les propietats de la membrana, i al proc\u00e9s de construcci\u00f3 de la costura.<\/span><\/p>\n<p style=\"text-align: left;\"><span style=\"color: #5f574e;\">Tota cinta de termosellar \u00e9s aplicada sota un estricte control de proc\u00e9s seguint dades espec\u00edfiques de preparaci\u00f3 per la costura.<\/span><\/p>\n<p>[\/vc_column_text][\/vc_column][vc_column width=&#8221;1\/2&#8243;][vc_single_image image=&#8221;573&#8243; img_size=&#8221;full&#8221; alignment=&#8221;center&#8221; qode_css_animation=&#8221;&#8221;][vc_column_text css=&#8221;.vc_custom_1512485811767{margin-top: 5% !important;}&#8221;]<\/p>\n<p style=\"text-align: left;\"><span style=\"color: #5f574e;\">Totes les costures que poden permetre que l\u2019aigua entri a la pe\u00e7a, son curosament termosellades per evitar filtracions.<\/span><\/p>\n<p>[\/vc_column_text][\/vc_column][\/vc_row][vc_row css_animation=&#8221;&#8221; row_type=&#8221;row&#8221; use_row_as_full_screen_section=&#8221;no&#8221; type=&#8221;grid&#8221; angled_section=&#8221;no&#8221; text_align=&#8221;left&#8221; background_image_as_pattern=&#8221;without_pattern&#8221; css=&#8221;.vc_custom_1510302651029{padding-top: 5% !important;background-color: #f7f6f4 !important;}&#8221;][vc_column css=&#8221;.vc_custom_1509985094377{margin-bottom: 2% !important;}&#8221;][vc_column_text css=&#8221;.vc_custom_1512487783839{margin-bottom: 2% !important;}&#8221;]<\/p>\n<h2 style=\"text-align: center; color: #002e3d;\">UNA TECNOLOGIA VERS\u00c0TIL<\/h2>\n<p>[\/vc_column_text][vc_separator type=&#8221;small&#8221; position=&#8221;center&#8221; color=&#8221;#002732&#8243; thickness=&#8221;3&#8243; width=&#8221;50&#8243;][\/vc_column][\/vc_row][vc_row css_animation=&#8221;&#8221; row_type=&#8221;row&#8221; use_row_as_full_screen_section=&#8221;no&#8221; type=&#8221;grid&#8221; angled_section=&#8221;no&#8221; text_align=&#8221;left&#8221; background_image_as_pattern=&#8221;without_pattern&#8221; css=&#8221;.vc_custom_1509987093901{padding-right: 10% !important;padding-bottom: 5% !important;padding-left: 10% !important;background-color: #f7f6f4 !important;}&#8221;][vc_column width=&#8221;1\/2&#8243; css=&#8221;.vc_custom_1513003560945{padding-bottom: 3% !important;}&#8221;][vc_column_text]<span style=\"color: #5f574e;\"><strong>PELL<\/strong><\/span><\/p>\n<p><span style=\"color: #5f574e;\">Es poden usar molts tipus de pell com a vaca, cabra, cangur\u2026<\/span><\/p>\n<p>&nbsp;<\/p>\n<p><span style=\"color: #5f574e;\"><strong>ACABAT DE LA PELL<\/strong><\/span><\/p>\n<p><span style=\"color: #5f574e;\">Pell adobada, pull up, envellit\u2026<\/span>[\/vc_column_text][\/vc_column][vc_column width=&#8221;1\/2&#8243;][vc_column_text]<span style=\"color: #5f574e;\"><strong>TRACTAMENTS<\/strong><\/span><\/p>\n<p><span style=\"color: #5f574e;\">TFL Cool-system, Chrome-free i altres tractaments espec\u00edfics que poden aplicar-se sota demanda.<\/span><\/p>\n<p>&nbsp;<\/p>\n<p><span style=\"color: #5f574e;\"><strong>AMBIENTAL<\/strong><\/span><\/p>\n<p><span style=\"color: #5f574e;\">Sense chrome VI o PFOA\/PFOS.<\/span>[\/vc_column_text][\/vc_column][\/vc_row][vc_row css_animation=&#8221;&#8221; row_type=&#8221;row&#8221; use_row_as_full_screen_section=&#8221;no&#8221; type=&#8221;grid&#8221; angled_section=&#8221;no&#8221; text_align=&#8221;center&#8221; background_image_as_pattern=&#8221;without_pattern&#8221;][vc_column css=&#8221;.vc_custom_1509986949471{margin-top: 5% !important;}&#8221;][vc_column_text css=&#8221;.vc_custom_1606739339230{margin-top: 2% !important;}&#8221;]<\/p>\n<h2 style=\"text-align: center;\">UN MATERIAL NATURAL<\/h2>\n<p>[\/vc_column_text][vc_separator type=&#8221;small&#8221; position=&#8221;center&#8221; color=&#8221;#002732&#8243; thickness=&#8221;3&#8243; width=&#8221;50&#8243;][vc_column_text css=&#8221;.vc_custom_1606748182728{margin-top: 3% !important;}&#8221;]<\/p>\n<p style=\"text-align: center;\">El cuir \u00e9s un material natural que pot experimentar un desgast visual i un envelliment natural davant una exposici\u00f3 prolongada i directa a la llum solar.<\/p>\n<p>&nbsp;<\/p>\n<p style=\"text-align: center;\">Per a mantenir-lo hidratat, flexible i que alhora recuperi el seu color original, <strong>CORIUM+\u00ae SMART LEATHER<\/strong> ha desenvolupat un tractament espec\u00edfic de cura.<\/p>\n<p>[\/vc_column_text][vc_empty_space height=&#8221;100PX&#8221;][\/vc_column][\/vc_row][vc_row css_animation=&#8221;&#8221; row_type=&#8221;row&#8221; use_row_as_full_screen_section=&#8221;no&#8221; type=&#8221;full_width&#8221; angled_section=&#8221;no&#8221; text_align=&#8221;left&#8221; background_image_as_pattern=&#8221;without_pattern&#8221; css=&#8221;.vc_custom_1501847060293{margin-bottom: 5% !important;}&#8221;][vc_column][vc_empty_space height=&#8221;100PX&#8221;][\/vc_column][\/vc_row]<\/p>\n","protected":false},"excerpt":{"rendered":"<p>[vc_row css_animation=&#8221;&#8221; row_type=&#8221;row&#8221; use_row_as_full_screen_section=&#8221;no&#8221; type=&#8221;full_width&#8221; angled_section=&#8221;no&#8221; text_align=&#8221;left&#8221; background_image_as_pattern=&#8221;without_pattern&#8221; css=&#8221;.vc_custom_1504864088832{padding-right: 47px !important;padding-left: 47px !important;}&#8221;][vc_column css=&#8221;.vc_custom_1506606089941{margin-bottom: 2% !important;}&#8221; offset=&#8221;vc_hidden-sm vc_hidden-xs&#8221;][layerslider_vc id=&#8221;58&#8243;][\/vc_column][\/vc_row][vc_row css_animation=&#8221;&#8221; row_type=&#8221;row&#8221; use_row_as_full_screen_section=&#8221;no&#8221; type=&#8221;full_width&#8221; angled_section=&#8221;no&#8221; text_align=&#8221;left&#8221; background_image_as_pattern=&#8221;without_pattern&#8221; css=&#8221;.vc_custom_1506606104581{padding-right: 10px !important;padding-left: 10px !important;}&#8221;][vc_column css=&#8221;.vc_custom_1506606096612{margin-bottom: 2% !important;}&#8221; offset=&#8221;vc_hidden-lg vc_hidden-md&#8221;][layerslider_vc id=&#8221;58&#8243;][\/vc_column][\/vc_row][vc_row css_animation=&#8221;&#8221; row_type=&#8221;row&#8221; use_row_as_full_screen_section=&#8221;no&#8221; type=&#8221;grid&#8221; angled_section=&#8221;no&#8221; text_align=&#8221;left&#8221; background_image_as_pattern=&#8221;without_pattern&#8221;][vc_column css=&#8221;.vc_custom_1506339049922{margin-top:&#8230;<\/p>\n","protected":false},"author":1,"featured_media":0,"parent":327,"menu_order":0,"comment_status":"closed","ping_status":"closed","template":"full_width.php","meta":{"footnotes":""},"class_list":["post-1011","page","type-page","status-publish","hentry"],"aioseo_notices":[],"_links":{"self":[{"href":"https:\/\/matgroup.com\/index.php\/wp-json\/wp\/v2\/pages\/1011","targetHints":{"allow":["GET"]}}],"collection":[{"href":"https:\/\/matgroup.com\/index.php\/wp-json\/wp\/v2\/pages"}],"about":[{"href":"https:\/\/matgroup.com\/index.php\/wp-json\/wp\/v2\/types\/page"}],"author":[{"embeddable":true,"href":"https:\/\/matgroup.com\/index.php\/wp-json\/wp\/v2\/users\/1"}],"replies":[{"embeddable":true,"href":"https:\/\/matgroup.com\/index.php\/wp-json\/wp\/v2\/comments?post=1011"}],"version-history":[{"count":103,"href":"https:\/\/matgroup.com\/index.php\/wp-json\/wp\/v2\/pages\/1011\/revisions"}],"predecessor-version":[{"id":4869,"href":"https:\/\/matgroup.com\/index.php\/wp-json\/wp\/v2\/pages\/1011\/revisions\/4869"}],"up":[{"embeddable":true,"href":"https:\/\/matgroup.com\/index.php\/wp-json\/wp\/v2\/pages\/327"}],"wp:attachment":[{"href":"https:\/\/matgroup.com\/index.php\/wp-json\/wp\/v2\/media?parent=1011"}],"curies":[{"name":"wp","href":"https:\/\/api.w.org\/{rel}","templated":true}]}}