{"id":1012,"date":"2017-08-03T12:11:03","date_gmt":"2017-08-03T11:11:03","guid":{"rendered":"http:\/\/matgroup.com\/index2.php\/index.php\/technologies\/corium"},"modified":"2020-11-30T15:58:38","modified_gmt":"2020-11-30T14:58:38","slug":"corium","status":"publish","type":"page","link":"https:\/\/matgroup.com\/index.php\/technologies\/corium?lang=es","title":{"rendered":"CORIUM+"},"content":{"rendered":"<p>[vc_row css_animation=&#8221;&#8221; row_type=&#8221;row&#8221; use_row_as_full_screen_section=&#8221;no&#8221; type=&#8221;full_width&#8221; angled_section=&#8221;no&#8221; text_align=&#8221;left&#8221; background_image_as_pattern=&#8221;without_pattern&#8221; css=&#8221;.vc_custom_1504864088832{padding-right: 47px !important;padding-left: 47px !important;}&#8221;][vc_column css=&#8221;.vc_custom_1506606089941{margin-bottom: 2% !important;}&#8221; offset=&#8221;vc_hidden-sm vc_hidden-xs&#8221;][layerslider_vc id=&#8221;44&#8243;][\/vc_column][\/vc_row][vc_row css_animation=&#8221;&#8221; row_type=&#8221;row&#8221; use_row_as_full_screen_section=&#8221;no&#8221; type=&#8221;full_width&#8221; angled_section=&#8221;no&#8221; text_align=&#8221;left&#8221; background_image_as_pattern=&#8221;without_pattern&#8221; css=&#8221;.vc_custom_1506606104581{padding-right: 10px !important;padding-left: 10px !important;}&#8221;][vc_column css=&#8221;.vc_custom_1506606096612{margin-bottom: 2% !important;}&#8221; offset=&#8221;vc_hidden-lg vc_hidden-md&#8221;][layerslider_vc id=&#8221;44&#8243;][\/vc_column][\/vc_row][vc_row css_animation=&#8221;&#8221; row_type=&#8221;row&#8221; use_row_as_full_screen_section=&#8221;no&#8221; type=&#8221;grid&#8221; angled_section=&#8221;no&#8221; text_align=&#8221;left&#8221; background_image_as_pattern=&#8221;without_pattern&#8221;][vc_column css=&#8221;.vc_custom_1506339049922{margin-top: 2% !important;margin-bottom: 5% !important;}&#8221;][vc_column_text]<\/p>\n<p style=\"font-size: 150%; line-height: 155%; font-family: montserrat; text-align: center;\"><strong>Corium+\u00ae<\/strong> es una tecnolog\u00eda altamente vers\u00e1til, creada para fortalecer uno de los materiales m\u00e1s usados por el ser humano para la vestimenta de protecci\u00f3n.<\/p>\n<p>&nbsp;<\/p>\n<p style=\"font-size: 150%; line-height: 155%; font-family: montserrat; text-align: center;\">Esta soluci\u00f3n innovadora a\u00f1ade protecci\u00f3n contra los elementos a la capa de piel de la prenda, mientras que garantiza su transpirabilidad. Eso transforma una prenda, complemento o cualquier otro producto hecho con esta tecnolog\u00eda, en un producto impermeable, transpirable y cortaviento, conservando la comodidad y la protecci\u00f3n que ofrece la piel.<\/p>\n<p>[\/vc_column_text][\/vc_column][\/vc_row][vc_row css_animation=&#8221;&#8221; row_type=&#8221;row&#8221; use_row_as_full_screen_section=&#8221;no&#8221; type=&#8221;grid&#8221; angled_section=&#8221;no&#8221; text_align=&#8221;center&#8221; background_image_as_pattern=&#8221;without_pattern&#8221;][vc_column css=&#8221;.vc_custom_1509986949471{margin-top: 5% !important;}&#8221;][vc_column_text]<\/p>\n<p><center><div id=\"image-map-pro-7019\"><\/div><\/center>[\/vc_column_text][vc_column_text css=&#8221;.vc_custom_1512382761304{margin-top: 2% !important;}&#8221;]<\/p>\n<p style=\"font-family: montserrat; color: #5f574e; text-align: center;\"><strong>Corium+\u00ae<\/strong> combina una piel micro perforada que cuenta con diferentes capas y una membrana que le confiere estas caracter\u00edsticas.<\/p>\n<p>[\/vc_column_text][\/vc_column][\/vc_row][vc_row css_animation=&#8221;&#8221; row_type=&#8221;row&#8221; use_row_as_full_screen_section=&#8221;no&#8221; type=&#8221;grid&#8221; angled_section=&#8221;no&#8221; text_align=&#8221;left&#8221; background_image_as_pattern=&#8221;without_pattern&#8221; css=&#8221;.vc_custom_1509986888770{padding-top: 5% !important;}&#8221;][vc_column css=&#8221;.vc_custom_1509986896275{margin-bottom: 2% !important;}&#8221;][vc_column_text css=&#8221;.vc_custom_1511439247985{margin-bottom: 2% !important;}&#8221;]<\/p>\n<h2 style=\"text-align: center;\">LA PIEL. UNA ELECCI\u00d3N EXCELENTE Y SOSTENIBLE<\/h2>\n<p>[\/vc_column_text][vc_separator type=&#8221;small&#8221; position=&#8221;center&#8221; color=&#8221;#002732&#8243; thickness=&#8221;3&#8243; width=&#8221;50&#8243;][\/vc_column][\/vc_row][vc_row css_animation=&#8221;&#8221; row_type=&#8221;row&#8221; use_row_as_full_screen_section=&#8221;no&#8221; type=&#8221;grid&#8221; angled_section=&#8221;no&#8221; text_align=&#8221;left&#8221; background_image_as_pattern=&#8221;without_pattern&#8221; css=&#8221;.vc_custom_1570608122180{padding-bottom: 5% !important;}&#8221; z_index=&#8221;&#8221;][vc_column width=&#8221;1\/2&#8243;][vc_column_text]<span style=\"color: #5f574e;\">La piel es el material m\u00e1s antiguo usado por el ser humano para vestirse y protegerse<\/span><\/p>\n<p><span style=\"color: #5f574e;\">Las motocicletas y la piel siempre han estado ligados y hoy en d\u00eda sigue siendo uno de los materiales m\u00e1s usados por los motociclistas. Las principales razones son:<br \/>\n<\/span>[\/vc_column_text][vc_column_text css=&#8221;.vc_custom_1512382830215{margin-top: 1% !important;}&#8221;]<\/p>\n<p style=\"font-family: montserrat; font-size: 120%; color: #e4620b; line-height: 160%;\"><strong>\u00b7 Resistencia a la abrasi\u00f3n<br \/>\n\u00b7 Ergonom\u00eda<br \/>\n\u00b7 Mayor sensaci\u00f3n de protecci\u00f3n<\/strong><\/p>\n<p>[\/vc_column_text][\/vc_column][vc_column width=&#8221;1\/2&#8243; css=&#8221;.vc_custom_1506339773099{margin-bottom: 5% !important;}&#8221;][vc_column_text]<span style=\"color: #5f574e;\">Todas las pieles usadas en la tecnolog\u00eda <strong>Corium+\u00ae<\/strong> son tratadas usando los m\u00e9todos de curtido m\u00e1s ecol\u00f3gicos. <\/span><\/p>\n<p><span style=\"color: #5f574e;\">Est\u00e1n completamente libres de substancias como Chromium 6 y PFOA\/PFOS. Adem\u00e1s su proceso es controlado para que cumplan con la normativa REACH europea.<\/span>[\/vc_column_text][\/vc_column][\/vc_row][vc_row css_animation=&#8221;&#8221; row_type=&#8221;row&#8221; use_row_as_full_screen_section=&#8221;no&#8221; type=&#8221;grid&#8221; angled_section=&#8221;no&#8221; text_align=&#8221;left&#8221; background_image_as_pattern=&#8221;without_pattern&#8221; css=&#8221;.vc_custom_1510302821683{padding-top: 5% !important;padding-right: 10% !important;padding-left: 10% !important;background-color: #f7f6f4 !important;background-position: center !important;background-repeat: no-repeat !important;background-size: contain !important;}&#8221;][vc_column][vc_column_text css=&#8221;.vc_custom_1511439920422{margin-bottom: 2% !important;}&#8221;]<\/p>\n<h2 style=\"text-align: center; color: #002e3d;\">LOS BENEFICIOS A\u00d1ADIDOS DE CORIUM+\u00ae<\/h2>\n<p>[\/vc_column_text][vc_separator type=&#8221;small&#8221; position=&#8221;center&#8221; color=&#8221;#002732&#8243; thickness=&#8221;3&#8243; width=&#8221;50&#8243;][\/vc_column][\/vc_row][vc_row css_animation=&#8221;&#8221; row_type=&#8221;row&#8221; use_row_as_full_screen_section=&#8221;no&#8221; type=&#8221;grid&#8221; angled_section=&#8221;no&#8221; text_align=&#8221;left&#8221; background_image_as_pattern=&#8221;without_pattern&#8221; css=&#8221;.vc_custom_1510304517576{padding-bottom: 2% !important;background-color: #f7f6f4 !important;}&#8221;][vc_column width=&#8221;2\/4&#8243;][vc_column_text css=&#8221;.vc_custom_1512383429801{margin-top: 5% !important;}&#8221;]<\/p>\n<p style=\"text-align: left;\"><span style=\"color: #5f574e;\">La piel por s\u00ed sola no es impermeable, lo cual la hace inadecuada para determinados climas.<\/span><\/p>\n<p>&nbsp;<\/p>\n<p style=\"text-align: left;\"><span style=\"color: #5f574e;\"><strong>Corium+\u00ae Smart Leather es impermeable, transpirable y cortaviento. Combina el material m\u00e1s antiguo usado por el hombre con lo \u00faltimo en tratamiento de piel y tecnolog\u00eda de laminaci\u00f3n para ofrecer la soluci\u00f3n definitiva.<\/strong><\/span><\/p>\n<p>[\/vc_column_text][\/vc_column][vc_column width=&#8221;1\/4&#8243; css=&#8221;.vc_custom_1510304058278{padding-bottom: 2% !important;}&#8221;][vc_column_text css=&#8221;.vc_custom_1511440144998{margin-top: 5% !important;padding-top: 5% !important;padding-right: 5% !important;}&#8221;]<span style=\"font-size: 16px; font-family: montserrat; color: #5f574e;\"><strong>VENTAJAS DE LA MICROPERFORACI\u00d3N<\/strong><\/span>[\/vc_column_text][vc_column_text css=&#8221;.vc_custom_1512383458462{margin-top: 1% !important;}&#8221;]<\/p>\n<p style=\"font-family: montserrat; font-size: 120%; color: #e4620b; line-height: 160%;\"><strong>\u00b7 bajo peso<br \/>\n\u00b7 adaptable<br \/>\n\u00b7 flexible<br \/>\n\u00b7 transpirabilidad a\u00f1adida<br \/>\n<\/strong><\/p>\n<p>[\/vc_column_text][\/vc_column][vc_column width=&#8221;1\/4&#8243;][vc_column_text css=&#8221;.vc_custom_1511440211241{margin-top: 5% !important;padding-top: 5% !important;padding-right: 5% !important;}&#8221;]<span style=\"font-size: 16px; font-family: montserrat; color: #5f574e;\"><strong>VENTAJAS DE LA MEMBRANA<\/strong><\/span>[\/vc_column_text][vc_column_text css=&#8221;.vc_custom_1512383470419{margin-top: 1% !important;}&#8221;]<\/p>\n<p style=\"font-family: montserrat; font-size: 120%; color: #e4620b; line-height: 160%;\"><strong>\u00b7 transpirable<br \/>\n\u00b7 impermebale<br \/>\n\u00b7 efecto cortaviento<br \/>\n<\/strong><\/p>\n<p>[\/vc_column_text][\/vc_column][\/vc_row][vc_row css_animation=&#8221;&#8221; row_type=&#8221;row&#8221; use_row_as_full_screen_section=&#8221;no&#8221; type=&#8221;grid&#8221; angled_section=&#8221;no&#8221; text_align=&#8221;left&#8221; background_image_as_pattern=&#8221;without_pattern&#8221; css=&#8221;.vc_custom_1510304492170{padding-bottom: 5% !important;background-color: #f7f6f4 !important;}&#8221;][vc_column][vc_accordion active_tab=&#8221;false&#8221; collapsible=&#8221;yes&#8221; style=&#8221;boxed_toggle&#8221;][vc_accordion_tab title=&#8221;\u2014 Ver estudio \u2014&#8221; title_tag=&#8221;h5&#8243; title_color=&#8221;#002732&#8243; background_color=&#8221;#f7f6f4&#8243;][vc_row_inner row_type=&#8221;row&#8221; type=&#8221;grid&#8221; text_align=&#8221;left&#8221; css_animation=&#8221;&#8221;][vc_column_inner][vc_column_text css=&#8221;.vc_custom_1511440312664{margin-bottom: 2% !important;}&#8221;]<\/p>\n<h2 style=\"text-align: center; color: #002732;\">COMODIDAD Y RENDIMIENTO<\/h2>\n<p>[\/vc_column_text][vc_separator type=&#8221;small&#8221; position=&#8221;center&#8221; color=&#8221;#002732&#8243; thickness=&#8221;3&#8243; width=&#8221;50&#8243;][\/vc_column_inner][\/vc_row_inner][vc_row_inner row_type=&#8221;row&#8221; type=&#8221;grid&#8221; text_align=&#8221;left&#8221; css_animation=&#8221;&#8221;][vc_column_inner][vc_single_image image=&#8221;2225&#8243; img_size=&#8221;full&#8221; alignment=&#8221;center&#8221; qode_css_animation=&#8221;&#8221;][\/vc_column_inner][\/vc_row_inner][vc_row_inner row_type=&#8221;row&#8221; type=&#8221;grid&#8221; text_align=&#8221;left&#8221; css_animation=&#8221;&#8221; css=&#8221;.vc_custom_1507549238691{margin-top: 3% !important;}&#8221;][vc_column_inner width=&#8221;1\/2&#8243;][vc_column_text css=&#8221;.vc_custom_1512383675489{padding-top: 3% !important;padding-bottom: 5% !important;}&#8221;]<span style=\"font-size: 120%; letter-spacing: 2px; font-weight: bold; font-family: montserrat; color: #5f574e; line-height: 130%;\">Productos Corium+\u00ae (l\u00ednea verde y roja)<\/span><\/p>\n<p>&nbsp;<\/p>\n<p><span style=\"font-size: 110%; font-family: montserrat; color: #5f574e; line-height: 120%;\">\u2022 Durante los 60 minutos de periodo de alta actividad, <strong>Corium+\u00ae<\/strong> Smart Leather se comporta de forma parecida a los tejidos laminados m\u00e1s eficientes del Mercado.<\/span><\/p>\n<p>&nbsp;<\/p>\n<p><span style=\"font-size: 110%; font-family: montserrat; color: #5f574e; line-height: 120%;\">\u2022 El usuario llega a altos niveles de enfriamiento por evaporaci\u00f3n. El usuario est\u00e1 m\u00e1s c\u00f3modo en estas condiciones.<\/span><\/p>\n<p>&nbsp;<\/p>\n<p><span style=\"font-size: 110%; font-family: montserrat; color: #5f574e; line-height: 120%;\">\u2022 Despu\u00e9s de que hayan pasado entre 90 y 120 minutos despu\u00e9s del per\u00edodo de actividad alta, el usuario y\/o producto est\u00e1n completamente secos gracias a las propiedades de transpiraci\u00f3n.<\/span>[\/vc_column_text][\/vc_column_inner][vc_column_inner width=&#8221;1\/2&#8243;][vc_column_text css=&#8221;.vc_custom_1512383704513{padding-top: 3% !important;}&#8221;]<span style=\"font-size: 120%; letter-spacing: 2px; font-weight: bold; font-family: montserrat; color: #5f574e; line-height: 130%;\">Piel revestida, sin perforaci\u00f3n: (l\u00ednea negra discontinua)<\/span><\/p>\n<p>&nbsp;<\/p>\n<p><span style=\"font-size: 110%; font-family: montserrat; color: #5f574e; line-height: 120%;\">\u2022 Entrando en el periodo de actividad, la piel est\u00e1ndar revestida sin perforaci\u00f3n alcanza su m\u00e1ximo punto de perdida de calor y se queda en ese valor de hasta 3 horas y media.<\/span><\/p>\n<p>&nbsp;<\/p>\n<p><span style=\"font-size: 110%; font-family: montserrat; color: #5f574e; line-height: 120%;\">\u2022 El producto no es transpirable y evita el enfriamiento evaporador propiamente dicho.<\/span><\/p>\n<p>&nbsp;<\/p>\n<p><span style=\"font-size: 110%; font-family: montserrat; color: #5f574e; line-height: 120%;\">\u2022 El usuario suda y se mantiene as\u00ed hasta que el test ha acabado.<\/span>[\/vc_column_text][\/vc_column_inner][\/vc_row_inner][\/vc_accordion_tab][\/vc_accordion][\/vc_column][\/vc_row][vc_row css_animation=&#8221;&#8221; row_type=&#8221;row&#8221; use_row_as_full_screen_section=&#8221;no&#8221; type=&#8221;grid&#8221; angled_section=&#8221;no&#8221; text_align=&#8221;left&#8221; background_image_as_pattern=&#8221;without_pattern&#8221; css=&#8221;.vc_custom_1510302631320{margin-top: 5% !important;}&#8221;][vc_column css=&#8221;.vc_custom_1509985083525{margin-bottom: 2% !important;}&#8221;][vc_column_text css=&#8221;.vc_custom_1512383502648{margin-bottom: 2% !important;}&#8221;]<\/p>\n<h2 style=\"text-align: center; color: #002e3d;\">CONSTRUCCI\u00d3N DE LAS COSTURAS<\/h2>\n<p>[\/vc_column_text][vc_separator type=&#8221;small&#8221; position=&#8221;center&#8221; color=&#8221;#002732&#8243; thickness=&#8221;3&#8243; width=&#8221;50&#8243;][\/vc_column][\/vc_row][vc_row css_animation=&#8221;&#8221; row_type=&#8221;row&#8221; use_row_as_full_screen_section=&#8221;no&#8221; type=&#8221;grid&#8221; angled_section=&#8221;no&#8221; text_align=&#8221;left&#8221; background_image_as_pattern=&#8221;without_pattern&#8221; css=&#8221;.vc_custom_1510304698962{padding-bottom: 5% !important;}&#8221;][vc_column width=&#8221;1\/2&#8243;][vc_single_image image=&#8221;571&#8243; img_size=&#8221;full&#8221; alignment=&#8221;center&#8221; qode_css_animation=&#8221;&#8221;][vc_column_text css=&#8221;.vc_custom_1512383594930{margin-top: 5% !important;}&#8221;]<\/p>\n<p style=\"text-align: left;\"><span style=\"color: #5f574e;\">Toda la ropa fabricada con el proceso <strong>Corium+\u00ae<\/strong> es totalmente impermeable seg\u00fan la normativa EN-14360 gracias a las propiedades de la membrana, y al proceso de construcci\u00f3n de la costura.<\/span><\/p>\n<p style=\"text-align: left;\"><span style=\"color: #5f574e;\">Toda cinta para termosellar es aplicada bajo un estricto control de proceso, siguiendo datos espec\u00edficos de preparaci\u00f3n para la costura. <\/span><\/p>\n<p style=\"text-align: left;\"><span style=\"color: #5f574e;\">Todas las costuras que puedan permitir que el agua entre a la prenda son cuidadosamente termoselladas para evitar filtraciones.<\/span><\/p>\n<p>[\/vc_column_text][\/vc_column][vc_column width=&#8221;1\/2&#8243;][vc_single_image image=&#8221;574&#8243; img_size=&#8221;full&#8221; alignment=&#8221;center&#8221; qode_css_animation=&#8221;&#8221;][vc_column_text css=&#8221;.vc_custom_1511440699969{margin-top: 5% !important;}&#8221;]<\/p>\n<p style=\"text-align: left;\"><span style=\"color: #5f574e;\">Toda costura que permita acceder a la ropa interior y llegar al usuario est\u00e1 sellada por costuras.<\/span><\/p>\n<p>[\/vc_column_text][\/vc_column][\/vc_row][vc_row css_animation=&#8221;&#8221; row_type=&#8221;row&#8221; use_row_as_full_screen_section=&#8221;no&#8221; type=&#8221;grid&#8221; angled_section=&#8221;no&#8221; text_align=&#8221;left&#8221; background_image_as_pattern=&#8221;without_pattern&#8221; css=&#8221;.vc_custom_1510302651029{padding-top: 5% !important;background-color: #f7f6f4 !important;}&#8221;][vc_column css=&#8221;.vc_custom_1509985094377{margin-bottom: 2% !important;}&#8221;][vc_column_text css=&#8221;.vc_custom_1511440730682{margin-bottom: 2% !important;}&#8221;]<\/p>\n<h2 style=\"text-align: center; color: #002e3d;\">UNA TECNOLOG\u00cdA VERS\u00c1TIL<\/h2>\n<p>[\/vc_column_text][vc_separator type=&#8221;small&#8221; position=&#8221;center&#8221; color=&#8221;#002732&#8243; thickness=&#8221;3&#8243; width=&#8221;50&#8243;][\/vc_column][\/vc_row][vc_row css_animation=&#8221;&#8221; row_type=&#8221;row&#8221; use_row_as_full_screen_section=&#8221;no&#8221; type=&#8221;grid&#8221; angled_section=&#8221;no&#8221; text_align=&#8221;left&#8221; background_image_as_pattern=&#8221;without_pattern&#8221; css=&#8221;.vc_custom_1509987093901{padding-right: 10% !important;padding-bottom: 5% !important;padding-left: 10% !important;background-color: #f7f6f4 !important;}&#8221;][vc_column width=&#8221;1\/2&#8243; css=&#8221;.vc_custom_1513003733019{padding-bottom: 3% !important;}&#8221;][vc_column_text]<span style=\"color: #5f574e;\"><strong>PIEL<\/strong><\/span><\/p>\n<p><span style=\"color: #5f574e;\">Se pueden usar muchos tipos de piel como vaca, cabra, canguro\u2026<\/span><\/p>\n<p>&nbsp;<\/p>\n<p><span style=\"color: #5f574e;\"><strong>ACABADO EN LA PIEL<\/strong><\/span><\/p>\n<p><span style=\"color: #5f574e;\">Piel curtida, pull up, envejecido\u2026<\/span>[\/vc_column_text][\/vc_column][vc_column width=&#8221;1\/2&#8243;][vc_column_text]<span style=\"color: #5f574e;\"><strong>TRATAMIENTOS<\/strong><\/span><\/p>\n<p><span style=\"color: #5f574e;\">TFL Cool-system, Chrome-free y otros tratamientos espec\u00edficos pueden aplicarse bajo demanda<br \/>\n<\/span><\/p>\n<p>&nbsp;<\/p>\n<p><span style=\"color: #5f574e;\"><strong>AMBIENTAL<\/strong><\/span><\/p>\n<p><span style=\"color: #5f574e;\">Libre de chrome VI o PFOA\/PFOS.<\/span>[\/vc_column_text][\/vc_column][\/vc_row][vc_row css_animation=&#8221;&#8221; row_type=&#8221;row&#8221; use_row_as_full_screen_section=&#8221;no&#8221; type=&#8221;grid&#8221; angled_section=&#8221;no&#8221; text_align=&#8221;center&#8221; background_image_as_pattern=&#8221;without_pattern&#8221;][vc_column css=&#8221;.vc_custom_1509986949471{margin-top: 5% !important;}&#8221;][vc_column_text css=&#8221;.vc_custom_1606739625327{margin-top: 2% !important;}&#8221;]<\/p>\n<h2 style=\"text-align: center;\">UN MATERIAL NATURAL<\/h2>\n<p>[\/vc_column_text][vc_separator type=&#8221;small&#8221; position=&#8221;center&#8221; color=&#8221;#002732&#8243; thickness=&#8221;3&#8243; width=&#8221;50&#8243;][vc_column_text css=&#8221;.vc_custom_1606748313835{margin-top: 3% !important;}&#8221;]<\/p>\n<p style=\"text-align: center;\">El cuero es un material natural que puede experimentar un desgaste visual y un envejecimiento natural ante una exposici\u00f3n prolongada y directa a la luz solar.<\/p>\n<p>&nbsp;<\/p>\n<p style=\"text-align: center;\">Para mantenerlo hidratado, flexible y que a la vez recupere su color original, <strong>CORIUM+\u00ae SMART LEATHER<\/strong> ha desarrollado un tratamiento espec\u00edfico de cuidado.<\/p>\n<p>[\/vc_column_text][vc_empty_space height=&#8221;100PX&#8221;][\/vc_column][\/vc_row][vc_row css_animation=&#8221;&#8221; row_type=&#8221;row&#8221; use_row_as_full_screen_section=&#8221;no&#8221; type=&#8221;full_width&#8221; angled_section=&#8221;no&#8221; text_align=&#8221;left&#8221; background_image_as_pattern=&#8221;without_pattern&#8221; css=&#8221;.vc_custom_1501847060293{margin-bottom: 5% !important;}&#8221;][vc_column][vc_empty_space height=&#8221;100PX&#8221;][\/vc_column][\/vc_row]<\/p>\n","protected":false},"excerpt":{"rendered":"<p>[vc_row css_animation=&#8221;&#8221; row_type=&#8221;row&#8221; use_row_as_full_screen_section=&#8221;no&#8221; type=&#8221;full_width&#8221; angled_section=&#8221;no&#8221; text_align=&#8221;left&#8221; background_image_as_pattern=&#8221;without_pattern&#8221; css=&#8221;.vc_custom_1504864088832{padding-right: 47px !important;padding-left: 47px !important;}&#8221;][vc_column css=&#8221;.vc_custom_1506606089941{margin-bottom: 2% !important;}&#8221; offset=&#8221;vc_hidden-sm vc_hidden-xs&#8221;][layerslider_vc id=&#8221;44&#8243;][\/vc_column][\/vc_row][vc_row css_animation=&#8221;&#8221; row_type=&#8221;row&#8221; use_row_as_full_screen_section=&#8221;no&#8221; type=&#8221;full_width&#8221; angled_section=&#8221;no&#8221; text_align=&#8221;left&#8221; background_image_as_pattern=&#8221;without_pattern&#8221; css=&#8221;.vc_custom_1506606104581{padding-right: 10px !important;padding-left: 10px !important;}&#8221;][vc_column css=&#8221;.vc_custom_1506606096612{margin-bottom: 2% !important;}&#8221; offset=&#8221;vc_hidden-lg vc_hidden-md&#8221;][layerslider_vc id=&#8221;44&#8243;][\/vc_column][\/vc_row][vc_row css_animation=&#8221;&#8221; row_type=&#8221;row&#8221; use_row_as_full_screen_section=&#8221;no&#8221; type=&#8221;grid&#8221; angled_section=&#8221;no&#8221; text_align=&#8221;left&#8221; background_image_as_pattern=&#8221;without_pattern&#8221;][vc_column css=&#8221;.vc_custom_1506339049922{margin-top:&#8230;<\/p>\n","protected":false},"author":1,"featured_media":0,"parent":328,"menu_order":0,"comment_status":"closed","ping_status":"closed","template":"full_width.php","meta":{"footnotes":""},"class_list":["post-1012","page","type-page","status-publish","hentry"],"aioseo_notices":[],"_links":{"self":[{"href":"https:\/\/matgroup.com\/index.php\/wp-json\/wp\/v2\/pages\/1012","targetHints":{"allow":["GET"]}}],"collection":[{"href":"https:\/\/matgroup.com\/index.php\/wp-json\/wp\/v2\/pages"}],"about":[{"href":"https:\/\/matgroup.com\/index.php\/wp-json\/wp\/v2\/types\/page"}],"author":[{"embeddable":true,"href":"https:\/\/matgroup.com\/index.php\/wp-json\/wp\/v2\/users\/1"}],"replies":[{"embeddable":true,"href":"https:\/\/matgroup.com\/index.php\/wp-json\/wp\/v2\/comments?post=1012"}],"version-history":[{"count":106,"href":"https:\/\/matgroup.com\/index.php\/wp-json\/wp\/v2\/pages\/1012\/revisions"}],"predecessor-version":[{"id":4870,"href":"https:\/\/matgroup.com\/index.php\/wp-json\/wp\/v2\/pages\/1012\/revisions\/4870"}],"up":[{"embeddable":true,"href":"https:\/\/matgroup.com\/index.php\/wp-json\/wp\/v2\/pages\/328"}],"wp:attachment":[{"href":"https:\/\/matgroup.com\/index.php\/wp-json\/wp\/v2\/media?parent=1012"}],"curies":[{"name":"wp","href":"https:\/\/api.w.org\/{rel}","templated":true}]}}