{"id":2154,"date":"2017-10-24T16:34:08","date_gmt":"2017-10-24T15:34:08","guid":{"rendered":"http:\/\/matgroup.com\/index2.php\/index.php\/air-cradle"},"modified":"2019-10-08T17:01:52","modified_gmt":"2019-10-08T16:01:52","slug":"air-cradle","status":"publish","type":"page","link":"https:\/\/matgroup.com\/index.php\/technologies\/air-cradle?lang=ca","title":{"rendered":"AIR CRADLE"},"content":{"rendered":"<p>[vc_row css_animation=&#8221;&#8221; row_type=&#8221;row&#8221; use_row_as_full_screen_section=&#8221;no&#8221; type=&#8221;full_width&#8221; angled_section=&#8221;no&#8221; text_align=&#8221;left&#8221; background_image_as_pattern=&#8221;without_pattern&#8221; css=&#8221;.vc_custom_1508859216578{padding-right: 47px !important;padding-left: 47px !important;}&#8221;][vc_column css=&#8221;.vc_custom_1508859245441{margin-bottom: 2% !important;}&#8221; offset=&#8221;vc_hidden-sm vc_hidden-xs&#8221;][layerslider_vc id=&#8221;59&#8243;][\/vc_column][\/vc_row][vc_row css_animation=&#8221;&#8221; row_type=&#8221;row&#8221; use_row_as_full_screen_section=&#8221;no&#8221; type=&#8221;full_width&#8221; angled_section=&#8221;no&#8221; text_align=&#8221;left&#8221; background_image_as_pattern=&#8221;without_pattern&#8221; css=&#8221;.vc_custom_1508859293729{padding-right: 10px !important;padding-left: 10px !important;}&#8221;][vc_column css=&#8221;.vc_custom_1508859305241{margin-bottom: 2% !important;}&#8221; offset=&#8221;vc_hidden-lg vc_hidden-md&#8221;][layerslider_vc id=&#8221;59&#8243;][\/vc_column][\/vc_row][vc_row css_animation=&#8221;&#8221; row_type=&#8221;row&#8221; use_row_as_full_screen_section=&#8221;no&#8221; type=&#8221;grid&#8221; angled_section=&#8221;no&#8221; text_align=&#8221;left&#8221; background_image_as_pattern=&#8221;without_pattern&#8221;][vc_column css=&#8221;.vc_custom_1508922175565{margin-top: 2% !important;}&#8221;][vc_column_text]<\/p>\n<p style=\"font-size: 150%; line-height: 155%; font-family: montserrat; text-align: center;\">Un casc mai havia estat tan c\u00f2mode i adaptable. <strong>Air Cradle\u00ae<\/strong> \u00e9s l&#8217;interior m\u00e9s comode, adaptable i tecnol\u00f2gicament avan\u00e7at. El sistema s\u2019infla i es desinfla r\u00e0pidament, facilitant posar-se i treure\u2019s el casc. Gr\u00e0cies a la configuraci\u00f3 especial de la c\u00e0mera, s&#8217;iguala la pressi\u00f3 per correspondre perfectament a la morfologia dels usuaris i no tenir cap punt de pressi\u00f3.<\/p>\n<p>[\/vc_column_text][\/vc_column][\/vc_row][vc_row css_animation=&#8221;&#8221; row_type=&#8221;row&#8221; use_row_as_full_screen_section=&#8221;no&#8221; type=&#8221;grid&#8221; angled_section=&#8221;no&#8221; text_align=&#8221;left&#8221; background_image_as_pattern=&#8221;without_pattern&#8221; css=&#8221;.vc_custom_1508921997371{padding-top: 3% !important;padding-right: 10% !important;padding-left: 10% !important;}&#8221;][vc_column css=&#8221;.vc_custom_1508859789852{margin-bottom: 3% !important;}&#8221;][vc_single_image image=&#8221;1208&#8243; img_size=&#8221;8&#215;8&#8243; alignment=&#8221;center&#8221; qode_css_animation=&#8221;&#8221; css=&#8221;.vc_custom_1509973398323{padding-bottom: 1% !important;}&#8221;][vc_column_text]<\/p>\n<h2 style=\"text-align: center; font-size: 120%;\">TECNOLOGIA PATENTADA<\/h2>\n<p>[\/vc_column_text][vc_single_image image=&#8221;1208&#8243; img_size=&#8221;8&#215;8&#8243; alignment=&#8221;center&#8221; qode_css_animation=&#8221;&#8221; css=&#8221;.vc_custom_1509973409581{padding-top: 1% !important;}&#8221;][\/vc_column][\/vc_row][vc_row css_animation=&#8221;&#8221; row_type=&#8221;row&#8221; use_row_as_full_screen_section=&#8221;no&#8221; type=&#8221;grid&#8221; angled_section=&#8221;no&#8221; text_align=&#8221;left&#8221; background_image_as_pattern=&#8221;without_pattern&#8221;][vc_column css=&#8221;.vc_custom_1508859649044{margin-top: 5% !important;margin-bottom: 5% !important;}&#8221;][vc_single_image image=&#8221;2072&#8243; img_size=&#8221;full&#8221; alignment=&#8221;center&#8221; qode_css_animation=&#8221;&#8221;][vc_column_text css=&#8221;.vc_custom_1512488894790{margin-top: 2% !important;}&#8221;]<\/p>\n<p style=\"font-family: montserrat; color: #5f574e; text-align: center;\"><strong>Air Cradle\u00ae<\/strong> \u00e9s una tecnologia exclusiva dissenyada a mida per cada model de casc diferent. D&#8217;aquesta forma, l&#8217;usuari es beneficiar\u00e0 de la millor experi\u00e8ncia quant a comoditat a l&#8217;hora de portar un casc equipat amb aquesta tecnologia.<\/p>\n<p>[\/vc_column_text][\/vc_column][\/vc_row][vc_row css_animation=&#8221;&#8221; row_type=&#8221;row&#8221; use_row_as_full_screen_section=&#8221;no&#8221; type=&#8221;grid&#8221; angled_section=&#8221;no&#8221; text_align=&#8221;left&#8221; background_image_as_pattern=&#8221;without_pattern&#8221; css=&#8221;.vc_custom_1508926498802{padding-top: 3% !important;padding-right: 10% !important;padding-left: 10% !important;}&#8221;][vc_column css=&#8221;.vc_custom_1508859789852{margin-bottom: 3% !important;}&#8221;][vc_column_text css=&#8221;.vc_custom_1512490142167{margin-bottom: 2% !important;}&#8221;]<\/p>\n<h2 style=\"text-align: center;\">COM FER SERVIR AIR CRADLE\u00ae<\/h2>\n<p>[\/vc_column_text][vc_separator type=&#8221;small&#8221; position=&#8221;center&#8221; color=&#8221;#000000&#8243; thickness=&#8221;3&#8243; width=&#8221;50&#8243;][\/vc_column][\/vc_row][vc_row css_animation=&#8221;&#8221; row_type=&#8221;row&#8221; use_row_as_full_screen_section=&#8221;no&#8221; type=&#8221;grid&#8221; angled_section=&#8221;no&#8221; text_align=&#8221;left&#8221; background_image_as_pattern=&#8221;without_pattern&#8221; css=&#8221;.vc_custom_1508860500792{margin-bottom: 5% !important;}&#8221;][vc_column width=&#8221;1\/4&#8243;][vc_single_image image=&#8221;2078&#8243; img_size=&#8221;full&#8221; alignment=&#8221;center&#8221; qode_css_animation=&#8221;&#8221;][\/vc_column][vc_column width=&#8221;1\/4&#8243;][vc_single_image image=&#8221;2081&#8243; img_size=&#8221;full&#8221; alignment=&#8221;center&#8221; qode_css_animation=&#8221;&#8221;][\/vc_column][vc_column width=&#8221;1\/4&#8243; css=&#8221;.vc_custom_1570550478378{margin-bottom: 5% !important;}&#8221;][vc_column_text css=&#8221;.vc_custom_1570549817160{margin-bottom: 5% !important;}&#8221;]<\/p>\n<p style=\"font-family: montserrat; color: #e4620b; font-weight: bold;\">1.<\/p>\n<p style=\"font-family: montserrat; color: #5f574e;\">Posa&#8217;t el casc.<\/p>\n<p>&nbsp;<\/p>\n<p style=\"font-family: montserrat; color: #e4620b; font-weight: bold;\">2.<\/p>\n<p style=\"font-family: montserrat; color: #5f574e;\">Ajusta la corretja de la barbeta.<\/p>\n<p>&nbsp;<\/p>\n<p style=\"font-family: montserrat; color: #e4620b; font-weight: bold;\">3.<\/p>\n<p style=\"font-family: montserrat; color: #5f574e;\">Activa el sistema fins que sentis la pressi\u00f3 optima.<\/p>\n<p>[\/vc_column_text][\/vc_column][vc_column width=&#8221;1\/4&#8243; css=&#8221;.vc_custom_1570550483752{margin-bottom: 5% !important;}&#8221;][vc_column_text css=&#8221;.vc_custom_1570549757846{margin-bottom: 5% !important;}&#8221;]<\/p>\n<p style=\"font-family: montserrat; color: #e4620b; font-weight: bold;\">4.<\/p>\n<p style=\"font-family: montserrat; color: #5f574e;\">Gaudeix de la conducci\u00f3 en perfecta comoditat.<\/p>\n<p>&nbsp;<\/p>\n<p style=\"font-family: montserrat; color: #e4620b; font-weight: bold;\">5.<\/p>\n<p style=\"font-family: montserrat; color: #5f574e;\">Abans de llevar-te el casc pressiona la v\u00e0lvula d\u2019escapament per desinflar i facilitar la extracci\u00f3 del casc.<\/p>\n<p>&nbsp;<\/p>\n<p>[\/vc_column_text][\/vc_column][\/vc_row][vc_row css_animation=&#8221;&#8221; row_type=&#8221;row&#8221; use_row_as_full_screen_section=&#8221;no&#8221; type=&#8221;grid&#8221; angled_section=&#8221;no&#8221; text_align=&#8221;left&#8221; background_image_as_pattern=&#8221;without_pattern&#8221; css=&#8221;.vc_custom_1508860602888{padding-top: 5% !important;padding-right: 10% !important;padding-left: 10% !important;background-color: #f7f6f4 !important;}&#8221;][vc_column css=&#8221;.vc_custom_1508860661591{margin-bottom: 3% !important;}&#8221;][vc_column_text css=&#8221;.vc_custom_1512489010231{margin-bottom: 2% !important;}&#8221;]<\/p>\n<h2 style=\"text-align: center; color: #002e3d;\">TOTALMENT ADAPTABLE, EXTREMADAMENT CONFORTABLE<\/h2>\n<p>[\/vc_column_text][vc_separator type=&#8221;small&#8221; position=&#8221;center&#8221; color=&#8221;#000000&#8243; thickness=&#8221;3&#8243; width=&#8221;50&#8243;][\/vc_column][\/vc_row][vc_row css_animation=&#8221;&#8221; row_type=&#8221;row&#8221; use_row_as_full_screen_section=&#8221;no&#8221; type=&#8221;grid&#8221; angled_section=&#8221;no&#8221; text_align=&#8221;left&#8221; background_image_as_pattern=&#8221;without_pattern&#8221; css=&#8221;.vc_custom_1508860994910{background-color: #f7f6f4 !important;}&#8221;][vc_column width=&#8221;1\/2&#8243;][vc_column_text]<\/p>\n<p style=\"font-family: montserrat; color: #5f574e;\">\u2022 Gr\u00e0cies al seu sistema de cambra d\u2019aire, reparteix la pressi\u00f3 per tot el cap.<\/p>\n<p style=\"font-family: montserrat; color: #5f574e;\">\u2022 Facilita posar-se i llevar-se el casc.<\/p>\n<p style=\"font-family: montserrat; color: #5f574e;\">\u2022 S&#8217;adapta a la morfologia de l&#8217;usuari tant en formes com en grand\u00e0ries de cap.<\/p>\n<p>[\/vc_column_text][\/vc_column][vc_column width=&#8221;1\/2&#8243;][vc_column_text]<\/p>\n<p style=\"font-family: montserrat; color: #5f574e; font-weight: bold;\">Amb Air Cradle\u00ae el teu cap encaixar\u00e0 c\u00f2modament en qualsevol casc equipat amb aquest sistema.<\/p>\n<p style=\"font-family: montserrat; color: #5f574e;\">\u2022 S\u2019adapta a diferents grand\u00e0ries i formes del cap.<\/p>\n<p style=\"font-family: montserrat; color: #5f574e;\">\u2022 S\u2019adapta a les distintes capes addicionals (sotocascos, balaclaves, etc.).<\/p>\n<p style=\"font-family: montserrat; color: #5f574e;\">\u2022 S&#8217;ajusta als canvis de mida de cap (augments\/p\u00e8rdues de pes) i canvis en la llargada\/volum de cabell de l&#8217;usuari.<\/p>\n<p>[\/vc_column_text][\/vc_column][\/vc_row][vc_row css_animation=&#8221;&#8221; row_type=&#8221;row&#8221; use_row_as_full_screen_section=&#8221;no&#8221; type=&#8221;grid&#8221; angled_section=&#8221;no&#8221; text_align=&#8221;left&#8221; background_image_as_pattern=&#8221;without_pattern&#8221; css=&#8221;.vc_custom_1508861106486{padding-bottom: 5% !important;background-color: #f7f6f4 !important;}&#8221;][vc_column css=&#8221;.vc_custom_1508860958367{padding-top: 5% !important;}&#8221;][vc_single_image image=&#8221;2092&#8243; img_size=&#8221;full&#8221; alignment=&#8221;center&#8221; qode_css_animation=&#8221;&#8221; css=&#8221;.vc_custom_1508861080823{padding-bottom: 5% !important;background-color: #f7f6f4 !important;}&#8221;][vc_column_text]<\/p>\n<p style=\"font-family: montserrat; font-weight: bold; font-size: 130%; line-height: 140%; color: #5f574e; text-align: center;\">No dir\u00e0s m\u00e9s \u201cAquest casc no est\u00e0 fet per a mi\u201d.<\/p>\n<p style=\"font-family: montserrat; font-size: 130%; line-height: 140%; color: #5f574e; text-align: center;\">Amb <strong>Air Cradle\u00ae<\/strong> el teu cap s&#8217;ajustar\u00e0 c\u00f2modament en qualsevol casc que estigui equipat amb <strong>Air Cradle\u00ae<\/strong><\/p>\n<p>[\/vc_column_text][\/vc_column][\/vc_row][vc_row css_animation=&#8221;&#8221; row_type=&#8221;row&#8221; use_row_as_full_screen_section=&#8221;no&#8221; type=&#8221;grid&#8221; angled_section=&#8221;no&#8221; text_align=&#8221;left&#8221; background_image_as_pattern=&#8221;without_pattern&#8221; css=&#8221;.vc_custom_1508861552775{padding-top: 5% !important;padding-right: 10% !important;padding-left: 10% !important;}&#8221;][vc_column css=&#8221;.vc_custom_1510248177791{margin-bottom: 5% !important;}&#8221;][vc_column_text css=&#8221;.vc_custom_1512489942203{margin-bottom: 2% !important;}&#8221;]<\/p>\n<h2 style=\"text-align: center;\">QUINES EXPECTATIVES T\u00c9 EL CLIENT PEL QUE RESPECTA A LA COMODITAT DEL CASC?<\/h2>\n<p>[\/vc_column_text][vc_separator type=&#8221;small&#8221; position=&#8221;center&#8221; color=&#8221;#000000&#8243; thickness=&#8221;3&#8243; width=&#8221;50&#8243;][\/vc_column][\/vc_row][vc_row css_animation=&#8221;&#8221; row_type=&#8221;row&#8221; use_row_as_full_screen_section=&#8221;no&#8221; type=&#8221;grid&#8221; angled_section=&#8221;no&#8221; text_align=&#8221;left&#8221; background_image_as_pattern=&#8221;without_pattern&#8221;][vc_column width=&#8221;1\/3&#8243; css=&#8221;.vc_custom_1509706812668{margin-bottom: 3% !important;}&#8221;][vc_single_image image=&#8221;2109&#8243; img_size=&#8221;full&#8221; alignment=&#8221;center&#8221; qode_css_animation=&#8221;&#8221; css=&#8221;.vc_custom_1570549644830{margin-bottom: 3% !important;}&#8221;][vc_column_text css=&#8221;.vc_custom_1512489961544{margin-top: 5% !important;margin-bottom: 5% !important;}&#8221;]<\/p>\n<p style=\"font-family: montserrat; font-size: 120%; color: #e4620b; line-height: 120%; text-align: center;\"><strong>F\u00e0cil de posar<\/strong><\/p>\n<p>[\/vc_column_text][\/vc_column][vc_column width=&#8221;1\/3&#8243; css=&#8221;.vc_custom_1509706177789{margin-bottom: 3% !important;}&#8221;][vc_single_image image=&#8221;2112&#8243; img_size=&#8221;full&#8221; alignment=&#8221;center&#8221; qode_css_animation=&#8221;&#8221; css=&#8221;.vc_custom_1570549651498{margin-bottom: 3% !important;}&#8221;][vc_column_text css=&#8221;.vc_custom_1512489979016{margin-top: 5% !important;margin-bottom: 5% !important;}&#8221;]<\/p>\n<p style=\"font-family: montserrat; font-size: 120%; color: #e4620b; line-height: 120%; text-align: center;\"><strong>Sense punts de pressi\u00f3<\/strong><\/p>\n<p>[\/vc_column_text][\/vc_column][vc_column width=&#8221;1\/3&#8243; css=&#8221;.vc_custom_1509706188844{margin-bottom: 3% !important;}&#8221;][vc_single_image image=&#8221;2115&#8243; img_size=&#8221;full&#8221; alignment=&#8221;center&#8221; qode_css_animation=&#8221;&#8221; css=&#8221;.vc_custom_1570549658090{margin-bottom: 3% !important;}&#8221;][vc_column_text css=&#8221;.vc_custom_1512489990202{margin-top: 5% !important;margin-bottom: 5% !important;}&#8221;]<\/p>\n<p style=\"font-family: montserrat; font-size: 120%; color: #e4620b; line-height: 120%; text-align: center;\"><strong>Transpirable<\/strong><\/p>\n<p>[\/vc_column_text][\/vc_column][\/vc_row][vc_row css_animation=&#8221;&#8221; row_type=&#8221;row&#8221; use_row_as_full_screen_section=&#8221;no&#8221; type=&#8221;grid&#8221; angled_section=&#8221;no&#8221; text_align=&#8221;left&#8221; background_image_as_pattern=&#8221;without_pattern&#8221;][vc_column width=&#8221;1\/3&#8243; css=&#8221;.vc_custom_1509706203352{margin-bottom: 2% !important;}&#8221;][vc_single_image image=&#8221;2118&#8243; img_size=&#8221;full&#8221; alignment=&#8221;center&#8221; qode_css_animation=&#8221;&#8221; css=&#8221;.vc_custom_1570549664516{margin-bottom: 3% !important;}&#8221;][vc_column_text css=&#8221;.vc_custom_1509983268827{margin-top: 5% !important;margin-bottom: 5% !important;}&#8221;]<\/p>\n<p style=\"font-family: montserrat; font-size: 120%; color: #e4620b; line-height: 120%; text-align: center;\"><strong>Adaptable<\/strong><\/p>\n<p>[\/vc_column_text][\/vc_column][vc_column width=&#8221;1\/3&#8243;][vc_single_image image=&#8221;2121&#8243; img_size=&#8221;full&#8221; alignment=&#8221;center&#8221; qode_css_animation=&#8221;&#8221; css=&#8221;.vc_custom_1570549671147{margin-bottom: 3% !important;}&#8221;][vc_column_text css=&#8221;.vc_custom_1512490005020{margin-top: 5% !important;margin-bottom: 5% !important;}&#8221;]<\/p>\n<p style=\"font-family: montserrat; font-size: 120%; color: #e4620b; line-height: 120%; text-align: center;\"><strong>Segur<\/strong><\/p>\n<p>[\/vc_column_text][\/vc_column][vc_column width=&#8221;1\/3&#8243; css=&#8221;.vc_custom_1509706219092{margin-bottom: 3% !important;}&#8221;][vc_single_image image=&#8221;2124&#8243; img_size=&#8221;full&#8221; alignment=&#8221;center&#8221; qode_css_animation=&#8221;&#8221; css=&#8221;.vc_custom_1570549682251{margin-bottom: 3% !important;}&#8221;][vc_column_text css=&#8221;.vc_custom_1509983304305{margin-top: 5% !important;margin-bottom: 5% !important;}&#8221;]<\/p>\n<p style=\"font-family: montserrat; font-size: 120%; color: #e4620b; line-height: 120%; text-align: center;\"><strong>Durable<\/strong><\/p>\n<p>[\/vc_column_text][\/vc_column][\/vc_row][vc_row css_animation=&#8221;&#8221; row_type=&#8221;row&#8221; use_row_as_full_screen_section=&#8221;no&#8221; type=&#8221;grid&#8221; angled_section=&#8221;no&#8221; text_align=&#8221;left&#8221; background_image_as_pattern=&#8221;without_pattern&#8221;][vc_column width=&#8221;1\/3&#8243;][\/vc_column][vc_column width=&#8221;1\/3&#8243;][vc_single_image image=&#8221;2127&#8243; img_size=&#8221;full&#8221; alignment=&#8221;center&#8221; qode_css_animation=&#8221;&#8221; css=&#8221;.vc_custom_1570549688442{margin-bottom: 3% !important;}&#8221;][vc_column_text css=&#8221;.vc_custom_1512490017442{margin-top: 5% !important;margin-bottom: 5% !important;}&#8221;]<\/p>\n<p style=\"font-family: montserrat; font-size: 120%; color: #e4620b; line-height: 120%; text-align: center;\"><strong>Rentable<\/strong><\/p>\n<p>[\/vc_column_text][\/vc_column][vc_column width=&#8221;1\/3&#8243;][\/vc_column][\/vc_row][vc_row css_animation=&#8221;&#8221; row_type=&#8221;row&#8221; use_row_as_full_screen_section=&#8221;no&#8221; type=&#8221;grid&#8221; angled_section=&#8221;no&#8221; text_align=&#8221;left&#8221; background_image_as_pattern=&#8221;without_pattern&#8221;][vc_column css=&#8221;.vc_custom_1508926369186{margin-top: 3% !important;margin-bottom: 5% !important;}&#8221;][vc_column_text css=&#8221;.vc_custom_1512650538451{margin-top: 2% !important;}&#8221;]<\/p>\n<p style=\"font-family: montserrat; color: #5f574e; text-align: center;\">La innovadora tecnologia <strong>Air Cradle\u00ae<\/strong> creada per MAT Group compleix amb totes aquestes expectatives. A m\u00e9s, potencialment pot reduir el dany d&#8217;un impacte rotacional.<\/p>\n<p>&nbsp;<\/p>\n<p style=\"font-family: montserrat; color: #5f574e; text-align: center;\"><strong>Air Cradle\u00ae<\/strong> \u00e9s una altra de les tecnologies patentades per Mat Group dirigida a millorar la seguretat i comoditat dels usuaris de cascos.<\/p>\n<p>[\/vc_column_text][\/vc_column][\/vc_row][vc_row css_animation=&#8221;&#8221; row_type=&#8221;row&#8221; use_row_as_full_screen_section=&#8221;no&#8221; type=&#8221;grid&#8221; angled_section=&#8221;no&#8221; text_align=&#8221;left&#8221; background_image_as_pattern=&#8221;without_pattern&#8221; css=&#8221;.vc_custom_1508862548313{padding-top: 5% !important;padding-right: 10% !important;padding-left: 10% !important;background-color: #f7f6f4 !important;}&#8221;][vc_column][vc_column_text css=&#8221;.vc_custom_1512490096080{margin-bottom: 2% !important;}&#8221;]<\/p>\n<h2 style=\"text-align: center; color: #002e3d;\">UN MAL DE CAP MENYS PER A MARQUES I BOTIGUES<\/h2>\n<p>[\/vc_column_text][vc_separator type=&#8221;small&#8221; position=&#8221;center&#8221; color=&#8221;#000000&#8243; thickness=&#8221;3&#8243; width=&#8221;50&#8243;][\/vc_column][\/vc_row][vc_row css_animation=&#8221;&#8221; row_type=&#8221;row&#8221; use_row_as_full_screen_section=&#8221;no&#8221; type=&#8221;grid&#8221; angled_section=&#8221;no&#8221; text_align=&#8221;left&#8221; background_image_as_pattern=&#8221;without_pattern&#8221; css=&#8221;.vc_custom_1508923149129{margin-bottom: 5% !important;padding-right: 10% !important;padding-left: 10% !important;background-color: #f7f6f4 !important;}&#8221;][vc_column css=&#8221;.vc_custom_1508923096040{margin-bottom: 5% !important;}&#8221;][vc_column_text css=&#8221;.vc_custom_1512650550072{padding-top: 2% !important;}&#8221;]<\/p>\n<p style=\"font-family: montserrat; color: #5f574e; text-align: center;\"><strong>Air Cradle\u00ae<\/strong> redueix dr\u00e0sticament la inversi\u00f3 en l&#8217;inventari de talles extremes i millora les vendes en el punt de venda evitant el risk de restos deguts a cascs inc\u00f2modes o talles extremes. Tant les marques com les botigues es beneficiaran de servir les talles extremes pels clients que ho necessitin, sense generar restos en els seus magatzems.<\/p>\n<p>[\/vc_column_text][\/vc_column][\/vc_row]<\/p>\n","protected":false},"excerpt":{"rendered":"<p>[vc_row css_animation=&#8221;&#8221; row_type=&#8221;row&#8221; use_row_as_full_screen_section=&#8221;no&#8221; type=&#8221;full_width&#8221; angled_section=&#8221;no&#8221; text_align=&#8221;left&#8221; background_image_as_pattern=&#8221;without_pattern&#8221; css=&#8221;.vc_custom_1508859216578{padding-right: 47px !important;padding-left: 47px !important;}&#8221;][vc_column css=&#8221;.vc_custom_1508859245441{margin-bottom: 2% !important;}&#8221; offset=&#8221;vc_hidden-sm vc_hidden-xs&#8221;][layerslider_vc id=&#8221;59&#8243;][\/vc_column][\/vc_row][vc_row css_animation=&#8221;&#8221; row_type=&#8221;row&#8221; use_row_as_full_screen_section=&#8221;no&#8221; type=&#8221;full_width&#8221; angled_section=&#8221;no&#8221; text_align=&#8221;left&#8221; background_image_as_pattern=&#8221;without_pattern&#8221; css=&#8221;.vc_custom_1508859293729{padding-right: 10px !important;padding-left: 10px !important;}&#8221;][vc_column css=&#8221;.vc_custom_1508859305241{margin-bottom: 2% !important;}&#8221; offset=&#8221;vc_hidden-lg vc_hidden-md&#8221;][layerslider_vc id=&#8221;59&#8243;][\/vc_column][\/vc_row][vc_row css_animation=&#8221;&#8221; row_type=&#8221;row&#8221; use_row_as_full_screen_section=&#8221;no&#8221; type=&#8221;grid&#8221; angled_section=&#8221;no&#8221; text_align=&#8221;left&#8221; background_image_as_pattern=&#8221;without_pattern&#8221;][vc_column css=&#8221;.vc_custom_1508922175565{margin-top:&#8230;<\/p>\n","protected":false},"author":1,"featured_media":0,"parent":327,"menu_order":0,"comment_status":"closed","ping_status":"closed","template":"full_width.php","meta":{"footnotes":""},"class_list":["post-2154","page","type-page","status-publish","hentry"],"aioseo_notices":[],"_links":{"self":[{"href":"https:\/\/matgroup.com\/index.php\/wp-json\/wp\/v2\/pages\/2154","targetHints":{"allow":["GET"]}}],"collection":[{"href":"https:\/\/matgroup.com\/index.php\/wp-json\/wp\/v2\/pages"}],"about":[{"href":"https:\/\/matgroup.com\/index.php\/wp-json\/wp\/v2\/types\/page"}],"author":[{"embeddable":true,"href":"https:\/\/matgroup.com\/index.php\/wp-json\/wp\/v2\/users\/1"}],"replies":[{"embeddable":true,"href":"https:\/\/matgroup.com\/index.php\/wp-json\/wp\/v2\/comments?post=2154"}],"version-history":[{"count":39,"href":"https:\/\/matgroup.com\/index.php\/wp-json\/wp\/v2\/pages\/2154\/revisions"}],"predecessor-version":[{"id":4550,"href":"https:\/\/matgroup.com\/index.php\/wp-json\/wp\/v2\/pages\/2154\/revisions\/4550"}],"up":[{"embeddable":true,"href":"https:\/\/matgroup.com\/index.php\/wp-json\/wp\/v2\/pages\/327"}],"wp:attachment":[{"href":"https:\/\/matgroup.com\/index.php\/wp-json\/wp\/v2\/media?parent=2154"}],"curies":[{"name":"wp","href":"https:\/\/api.w.org\/{rel}","templated":true}]}}