{"id":2155,"date":"2017-10-24T16:34:08","date_gmt":"2017-10-24T15:34:08","guid":{"rendered":"http:\/\/matgroup.com\/index2.php\/index.php\/air-cradle"},"modified":"2019-10-08T17:14:09","modified_gmt":"2019-10-08T16:14:09","slug":"air-cradle","status":"publish","type":"page","link":"https:\/\/matgroup.com\/index.php\/technologies\/air-cradle?lang=es","title":{"rendered":"AIR CRADLE"},"content":{"rendered":"<p>[vc_row css_animation=&#8221;&#8221; row_type=&#8221;row&#8221; use_row_as_full_screen_section=&#8221;no&#8221; type=&#8221;full_width&#8221; angled_section=&#8221;no&#8221; text_align=&#8221;left&#8221; background_image_as_pattern=&#8221;without_pattern&#8221; css=&#8221;.vc_custom_1508859216578{padding-right: 47px !important;padding-left: 47px !important;}&#8221;][vc_column css=&#8221;.vc_custom_1508859245441{margin-bottom: 2% !important;}&#8221; offset=&#8221;vc_hidden-sm vc_hidden-xs&#8221;][layerslider_vc id=&#8221;46&#8243;][\/vc_column][\/vc_row][vc_row css_animation=&#8221;&#8221; row_type=&#8221;row&#8221; use_row_as_full_screen_section=&#8221;no&#8221; type=&#8221;full_width&#8221; angled_section=&#8221;no&#8221; text_align=&#8221;left&#8221; background_image_as_pattern=&#8221;without_pattern&#8221; css=&#8221;.vc_custom_1508859293729{padding-right: 10px !important;padding-left: 10px !important;}&#8221;][vc_column css=&#8221;.vc_custom_1508859305241{margin-bottom: 2% !important;}&#8221; offset=&#8221;vc_hidden-lg vc_hidden-md&#8221;][layerslider_vc id=&#8221;46&#8243;][\/vc_column][\/vc_row][vc_row css_animation=&#8221;&#8221; row_type=&#8221;row&#8221; use_row_as_full_screen_section=&#8221;no&#8221; type=&#8221;grid&#8221; angled_section=&#8221;no&#8221; text_align=&#8221;left&#8221; background_image_as_pattern=&#8221;without_pattern&#8221;][vc_column css=&#8221;.vc_custom_1508922175565{margin-top: 2% !important;}&#8221;][vc_column_text]<\/p>\n<p style=\"font-size: 150%; line-height: 155%; font-family: montserrat; text-align: center;\">Un casco nunca hab\u00eda sido tan c\u00f3modo y adaptable. <strong>Air Cradle\u00ae<\/strong> es el interior m\u00e1s c\u00f3modo, adaptable y tecnol\u00f3gicamente adelantado. El sistema se infla y se desinfla r\u00e1pidamente, facilitando el ponerse y quitarse el casco. Gracias a la configuraci\u00f3n especial de la c\u00e1mara, se iguala la presi\u00f3n para amoldarse perfectamente a la morfolog\u00eda del usuario y no tener ning\u00fan punto de presi\u00f3n inc\u00f3modo.<\/p>\n<p>[\/vc_column_text][\/vc_column][\/vc_row][vc_row css_animation=&#8221;&#8221; row_type=&#8221;row&#8221; use_row_as_full_screen_section=&#8221;no&#8221; type=&#8221;grid&#8221; angled_section=&#8221;no&#8221; text_align=&#8221;left&#8221; background_image_as_pattern=&#8221;without_pattern&#8221; css=&#8221;.vc_custom_1508921997371{padding-top: 3% !important;padding-right: 10% !important;padding-left: 10% !important;}&#8221;][vc_column css=&#8221;.vc_custom_1508859789852{margin-bottom: 3% !important;}&#8221;][vc_single_image image=&#8221;1208&#8243; img_size=&#8221;8&#215;8&#8243; alignment=&#8221;center&#8221; qode_css_animation=&#8221;&#8221; css=&#8221;.vc_custom_1509973398323{padding-bottom: 1% !important;}&#8221;][vc_column_text]<\/p>\n<h2 style=\"text-align: center; font-size: 120%;\">TECNOLOG\u00cdA PATENTADA<\/h2>\n<p>[\/vc_column_text][vc_single_image image=&#8221;1208&#8243; img_size=&#8221;8&#215;8&#8243; alignment=&#8221;center&#8221; qode_css_animation=&#8221;&#8221; css=&#8221;.vc_custom_1509973409581{padding-top: 1% !important;}&#8221;][\/vc_column][\/vc_row][vc_row css_animation=&#8221;&#8221; row_type=&#8221;row&#8221; use_row_as_full_screen_section=&#8221;no&#8221; type=&#8221;grid&#8221; angled_section=&#8221;no&#8221; text_align=&#8221;left&#8221; background_image_as_pattern=&#8221;without_pattern&#8221;][vc_column css=&#8221;.vc_custom_1508859649044{margin-top: 5% !important;margin-bottom: 5% !important;}&#8221;][vc_single_image image=&#8221;2072&#8243; img_size=&#8221;full&#8221; alignment=&#8221;center&#8221; qode_css_animation=&#8221;&#8221;][vc_column_text css=&#8221;.vc_custom_1512384255339{margin-top: 2% !important;}&#8221;]<\/p>\n<p style=\"font-family: montserrat; color: #5f574e; text-align: center;\"><strong>Air Cradle\u00ae<\/strong> es una tecnolog\u00eda exclusiva dise\u00f1ada a medida para cada modelo de casco diferente. De esta forma, el usuario se beneficiar\u00e1 de la mejor experiencia en cuanto a comodidad a la hora de llevar un casco equipado con <strong>Air Cradle\u00ae.<\/strong><\/p>\n<p>[\/vc_column_text][\/vc_column][\/vc_row][vc_row css_animation=&#8221;&#8221; row_type=&#8221;row&#8221; use_row_as_full_screen_section=&#8221;no&#8221; type=&#8221;grid&#8221; angled_section=&#8221;no&#8221; text_align=&#8221;left&#8221; background_image_as_pattern=&#8221;without_pattern&#8221; css=&#8221;.vc_custom_1508926498802{padding-top: 3% !important;padding-right: 10% !important;padding-left: 10% !important;}&#8221;][vc_column css=&#8221;.vc_custom_1508859789852{margin-bottom: 3% !important;}&#8221;][vc_column_text css=&#8221;.vc_custom_1511514080707{margin-bottom: 2% !important;}&#8221;]<\/p>\n<h2 style=\"text-align: center;\">C\u00d3MO USAR AIR CRADLE\u00ae<\/h2>\n<p>[\/vc_column_text][vc_separator type=&#8221;small&#8221; position=&#8221;center&#8221; color=&#8221;#000000&#8243; thickness=&#8221;3&#8243; width=&#8221;50&#8243;][\/vc_column][\/vc_row][vc_row css_animation=&#8221;&#8221; row_type=&#8221;row&#8221; use_row_as_full_screen_section=&#8221;no&#8221; type=&#8221;grid&#8221; angled_section=&#8221;no&#8221; text_align=&#8221;left&#8221; background_image_as_pattern=&#8221;without_pattern&#8221; css=&#8221;.vc_custom_1508860500792{margin-bottom: 5% !important;}&#8221;][vc_column width=&#8221;1\/4&#8243; css=&#8221;.vc_custom_1570550973380{margin-bottom: 3% !important;}&#8221;][vc_single_image image=&#8221;2078&#8243; img_size=&#8221;full&#8221; alignment=&#8221;center&#8221; qode_css_animation=&#8221;&#8221;][\/vc_column][vc_column width=&#8221;1\/4&#8243; css=&#8221;.vc_custom_1570550979186{margin-bottom: 3% !important;}&#8221;][vc_single_image image=&#8221;2081&#8243; img_size=&#8221;full&#8221; alignment=&#8221;center&#8221; qode_css_animation=&#8221;&#8221;][\/vc_column][vc_column width=&#8221;1\/4&#8243; css=&#8221;.vc_custom_1570550995786{margin-bottom: 5% !important;}&#8221;][vc_column_text]<\/p>\n<p style=\"font-family: montserrat; color: #e4620b; font-weight: bold;\">1.<\/p>\n<p style=\"font-family: montserrat; color: #5f574e;\">Ponte el casco<\/p>\n<p>&nbsp;<\/p>\n<p style=\"font-family: montserrat; color: #e4620b; font-weight: bold;\">2.<\/p>\n<p style=\"font-family: montserrat; color: #5f574e;\">Ajusta la correa de la barbilla<\/p>\n<p>&nbsp;<\/p>\n<p style=\"font-family: montserrat; color: #e4620b; font-weight: bold;\">3.<\/p>\n<p style=\"font-family: montserrat; color: #5f574e;\">Activa el sistema hasta que sientas la presi\u00f3n \u00f3ptima<\/p>\n<p>[\/vc_column_text][\/vc_column][vc_column width=&#8221;1\/4&#8243; css=&#8221;.vc_custom_1570550555476{margin-bottom: 5% !important;}&#8221;][vc_column_text]<\/p>\n<p style=\"font-family: montserrat; color: #e4620b; font-weight: bold;\">4.<\/p>\n<p style=\"font-family: montserrat; color: #5f574e;\">Disfruta de la conducci\u00f3n en perfecta comodidad<\/p>\n<p>&nbsp;<\/p>\n<p style=\"font-family: montserrat; color: #e4620b; font-weight: bold;\">5.<\/p>\n<p style=\"font-family: montserrat; color: #5f574e;\">Antes de quitarte el casco presionar la v\u00e1lvula de escape para desinflar y facilitar la extracci\u00f3n del casco<\/p>\n<p>[\/vc_column_text][\/vc_column][\/vc_row][vc_row css_animation=&#8221;&#8221; row_type=&#8221;row&#8221; use_row_as_full_screen_section=&#8221;no&#8221; type=&#8221;grid&#8221; angled_section=&#8221;no&#8221; text_align=&#8221;left&#8221; background_image_as_pattern=&#8221;without_pattern&#8221; css=&#8221;.vc_custom_1508860602888{padding-top: 5% !important;padding-right: 10% !important;padding-left: 10% !important;background-color: #f7f6f4 !important;}&#8221;][vc_column css=&#8221;.vc_custom_1508860661591{margin-bottom: 3% !important;}&#8221;][vc_column_text css=&#8221;.vc_custom_1511514407837{margin-bottom: 2% !important;}&#8221;]<\/p>\n<h2 style=\"text-align: center; color: #002e3d;\">TOTALMENTE ADAPTABLE, EXTREMADAMENTE CONFORTABLE<\/h2>\n<p>[\/vc_column_text][vc_separator type=&#8221;small&#8221; position=&#8221;center&#8221; color=&#8221;#000000&#8243; thickness=&#8221;3&#8243; width=&#8221;50&#8243;][\/vc_column][\/vc_row][vc_row css_animation=&#8221;&#8221; row_type=&#8221;row&#8221; use_row_as_full_screen_section=&#8221;no&#8221; type=&#8221;grid&#8221; angled_section=&#8221;no&#8221; text_align=&#8221;left&#8221; background_image_as_pattern=&#8221;without_pattern&#8221; css=&#8221;.vc_custom_1508860994910{background-color: #f7f6f4 !important;}&#8221;][vc_column width=&#8221;1\/2&#8243;][vc_column_text]<\/p>\n<p style=\"font-family: montserrat; color: #5f574e;\">\u2022 Gracias a su sistema de c\u00e1mara de aire, reparte y equaliza la presi\u00f3n por todas las partes de la cabeza.<\/p>\n<p style=\"font-family: montserrat; color: #5f574e;\">\u2022 Facilita el de poner y quitar el casco.<\/p>\n<p style=\"font-family: montserrat; color: #5f574e;\">\u2022 Se adapta a la morfolog\u00eda del usuario tanto en forma como en tama\u00f1o de cabeza de los distintos individuos.<\/p>\n<p>[\/vc_column_text][\/vc_column][vc_column width=&#8221;1\/2&#8243;][vc_column_text]<\/p>\n<p style=\"font-family: montserrat; color: #5f574e; font-weight: bold;\">Con Air Cradle\u00ae tu cabeza encajar\u00e1 c\u00f3modamente en cualquier casco equipado con este sistema<\/p>\n<p style=\"font-family: montserrat; color: #5f574e;\">\u2022 Acomoda diferentes tama\u00f1os y formas de la cabeza<\/p>\n<p style=\"font-family: montserrat; color: #5f574e;\">\u2022 Acomoda las distintas capas adicionales (sotocascos, balaclavas, etc.)<\/p>\n<p style=\"font-family: montserrat; color: #5f574e;\">\u2022 Se ajusta a los cambios en la medida de la cabeza (aumentos\/p\u00e9rdidas de peso) y cambios en la medida\/volumen de pelo del usuario<\/p>\n<p>[\/vc_column_text][\/vc_column][\/vc_row][vc_row css_animation=&#8221;&#8221; row_type=&#8221;row&#8221; use_row_as_full_screen_section=&#8221;no&#8221; type=&#8221;grid&#8221; angled_section=&#8221;no&#8221; text_align=&#8221;left&#8221; background_image_as_pattern=&#8221;without_pattern&#8221; css=&#8221;.vc_custom_1508861106486{padding-bottom: 5% !important;background-color: #f7f6f4 !important;}&#8221;][vc_column css=&#8221;.vc_custom_1508860958367{padding-top: 5% !important;}&#8221;][vc_single_image image=&#8221;2092&#8243; img_size=&#8221;full&#8221; alignment=&#8221;center&#8221; qode_css_animation=&#8221;&#8221; css=&#8221;.vc_custom_1508861080823{padding-bottom: 5% !important;background-color: #f7f6f4 !important;}&#8221;][vc_column_text]<\/p>\n<p style=\"font-family: montserrat; font-weight: bold; font-size: 130%; line-height: 140%; color: #5f574e; text-align: center;\">No dir\u00e1s m\u00e1s \u201cEste casco no est\u00e1 hecho para m\u00ed\u201d<\/p>\n<p style=\"font-family: montserrat; font-size: 130%; line-height: 140%; color: #5f574e; text-align: center;\">Con <strong>Air Cradle\u00ae<\/strong> tu cabeza se ajustar\u00e1 c\u00f3modamente a cualquier casco que est\u00e9 equipado con <strong>Air Cradle\u00ae<\/strong><\/p>\n<p>[\/vc_column_text][\/vc_column][\/vc_row][vc_row css_animation=&#8221;&#8221; row_type=&#8221;row&#8221; use_row_as_full_screen_section=&#8221;no&#8221; type=&#8221;grid&#8221; angled_section=&#8221;no&#8221; text_align=&#8221;left&#8221; background_image_as_pattern=&#8221;without_pattern&#8221; css=&#8221;.vc_custom_1508861552775{padding-top: 5% !important;padding-right: 10% !important;padding-left: 10% !important;}&#8221;][vc_column css=&#8221;.vc_custom_1510248177791{margin-bottom: 5% !important;}&#8221;][vc_column_text css=&#8221;.vc_custom_1512384549922{margin-bottom: 2% !important;}&#8221;]<\/p>\n<h2 style=\"text-align: center;\">\u00bfCU\u00c1LES SON LAS EXPECTATIVAS QUE TIENE EL CLIENTE EN CUANTO A COMODIDAD DEL CASCO?<\/h2>\n<p>[\/vc_column_text][vc_separator type=&#8221;small&#8221; position=&#8221;center&#8221; color=&#8221;#000000&#8243; thickness=&#8221;3&#8243; width=&#8221;50&#8243;][\/vc_column][\/vc_row][vc_row css_animation=&#8221;&#8221; row_type=&#8221;row&#8221; use_row_as_full_screen_section=&#8221;no&#8221; type=&#8221;grid&#8221; angled_section=&#8221;no&#8221; text_align=&#8221;left&#8221; background_image_as_pattern=&#8221;without_pattern&#8221;][vc_column width=&#8221;1\/3&#8243; css=&#8221;.vc_custom_1509706812668{margin-bottom: 3% !important;}&#8221;][vc_single_image image=&#8221;2109&#8243; img_size=&#8221;full&#8221; alignment=&#8221;center&#8221; qode_css_animation=&#8221;&#8221; css=&#8221;.vc_custom_1570550576986{margin-bottom: 3% !important;}&#8221;][vc_column_text css=&#8221;.vc_custom_1512384634989{margin-top: 5% !important;margin-bottom: 5% !important;}&#8221;]<\/p>\n<p style=\"font-family: montserrat; font-size: 120%; color: #e4620b; line-height: 120%; text-align: center;\"><strong>F\u00e1cil colocaci\u00f3n<\/strong><\/p>\n<p>[\/vc_column_text][\/vc_column][vc_column width=&#8221;1\/3&#8243; css=&#8221;.vc_custom_1509706177789{margin-bottom: 3% !important;}&#8221;][vc_single_image image=&#8221;2112&#8243; img_size=&#8221;full&#8221; alignment=&#8221;center&#8221; qode_css_animation=&#8221;&#8221; css=&#8221;.vc_custom_1570550599524{margin-bottom: 3% !important;}&#8221;][vc_column_text css=&#8221;.vc_custom_1512384649309{margin-top: 5% !important;margin-bottom: 5% !important;}&#8221;]<\/p>\n<p style=\"font-family: montserrat; font-size: 120%; color: #e4620b; line-height: 120%; text-align: center;\"><strong>Sin puntos de presi\u00f3n<\/strong><\/p>\n<p>[\/vc_column_text][\/vc_column][vc_column width=&#8221;1\/3&#8243; css=&#8221;.vc_custom_1509706188844{margin-bottom: 3% !important;}&#8221;][vc_single_image image=&#8221;2115&#8243; img_size=&#8221;full&#8221; alignment=&#8221;center&#8221; qode_css_animation=&#8221;&#8221; css=&#8221;.vc_custom_1570550606593{margin-bottom: 3% !important;}&#8221;][vc_column_text css=&#8221;.vc_custom_1512384660974{margin-top: 5% !important;margin-bottom: 5% !important;}&#8221;]<\/p>\n<p style=\"font-family: montserrat; font-size: 120%; color: #e4620b; line-height: 120%; text-align: center;\"><strong>Transpirable<\/strong><\/p>\n<p>[\/vc_column_text][\/vc_column][\/vc_row][vc_row css_animation=&#8221;&#8221; row_type=&#8221;row&#8221; use_row_as_full_screen_section=&#8221;no&#8221; type=&#8221;grid&#8221; angled_section=&#8221;no&#8221; text_align=&#8221;left&#8221; background_image_as_pattern=&#8221;without_pattern&#8221; css=&#8221;.vc_custom_1570551239420{margin-bottom: 3% !important;}&#8221; z_index=&#8221;&#8221;][vc_column width=&#8221;1\/3&#8243; css=&#8221;.vc_custom_1570551027017{margin-bottom: 3% !important;}&#8221;][vc_single_image image=&#8221;2118&#8243; img_size=&#8221;full&#8221; alignment=&#8221;center&#8221; qode_css_animation=&#8221;&#8221; css=&#8221;.vc_custom_1570550615470{margin-bottom: 3% !important;}&#8221;][vc_column_text css=&#8221;.vc_custom_1509983268827{margin-top: 5% !important;margin-bottom: 5% !important;}&#8221;]<\/p>\n<p style=\"font-family: montserrat; font-size: 120%; color: #e4620b; line-height: 120%; text-align: center;\"><strong>Adaptable<\/strong><\/p>\n<p>[\/vc_column_text][\/vc_column][vc_column width=&#8221;1\/3&#8243; css=&#8221;.vc_custom_1570551034639{margin-bottom: 3% !important;}&#8221;][vc_single_image image=&#8221;2121&#8243; img_size=&#8221;full&#8221; alignment=&#8221;center&#8221; qode_css_animation=&#8221;&#8221; css=&#8221;.vc_custom_1570550621276{margin-bottom: 3% !important;}&#8221;][vc_column_text css=&#8221;.vc_custom_1511515490111{margin-top: 5% !important;margin-bottom: 5% !important;}&#8221;]<\/p>\n<p style=\"font-family: montserrat; font-size: 120%; color: #e4620b; line-height: 120%; text-align: center;\"><strong>Seguro<\/strong><\/p>\n<p>[\/vc_column_text][\/vc_column][vc_column width=&#8221;1\/3&#8243; css=&#8221;.vc_custom_1509706219092{margin-bottom: 3% !important;}&#8221;][vc_single_image image=&#8221;2124&#8243; img_size=&#8221;full&#8221; alignment=&#8221;center&#8221; qode_css_animation=&#8221;&#8221; css=&#8221;.vc_custom_1570550627314{margin-bottom: 3% !important;}&#8221;][vc_column_text css=&#8221;.vc_custom_1509983304305{margin-top: 5% !important;margin-bottom: 5% !important;}&#8221;]<\/p>\n<p style=\"font-family: montserrat; font-size: 120%; color: #e4620b; line-height: 120%; text-align: center;\"><strong>Durable<\/strong><\/p>\n<p>[\/vc_column_text][\/vc_column][\/vc_row][vc_row css_animation=&#8221;&#8221; row_type=&#8221;row&#8221; use_row_as_full_screen_section=&#8221;no&#8221; type=&#8221;grid&#8221; angled_section=&#8221;no&#8221; text_align=&#8221;left&#8221; background_image_as_pattern=&#8221;without_pattern&#8221;][vc_column width=&#8221;1\/3&#8243;][\/vc_column][vc_column width=&#8221;1\/3&#8243; css=&#8221;.vc_custom_1570551245342{margin-bottom: 3% !important;}&#8221;][vc_single_image image=&#8221;2127&#8243; img_size=&#8221;full&#8221; alignment=&#8221;center&#8221; qode_css_animation=&#8221;&#8221; css=&#8221;.vc_custom_1570550638410{margin-bottom: 3% !important;}&#8221;][vc_column_text css=&#8221;.vc_custom_1511515502068{margin-top: 5% !important;margin-bottom: 5% !important;}&#8221;]<\/p>\n<p style=\"font-family: montserrat; font-size: 120%; color: #e4620b; line-height: 120%; text-align: center;\"><strong>Lavable<\/strong><\/p>\n<p>[\/vc_column_text][\/vc_column][vc_column width=&#8221;1\/3&#8243;][\/vc_column][\/vc_row][vc_row css_animation=&#8221;&#8221; row_type=&#8221;row&#8221; use_row_as_full_screen_section=&#8221;no&#8221; type=&#8221;grid&#8221; angled_section=&#8221;no&#8221; text_align=&#8221;left&#8221; background_image_as_pattern=&#8221;without_pattern&#8221;][vc_column css=&#8221;.vc_custom_1508926369186{margin-top: 3% !important;margin-bottom: 5% !important;}&#8221;][vc_column_text css=&#8221;.vc_custom_1512650600824{margin-top: 2% !important;}&#8221;]<\/p>\n<p style=\"font-family: montserrat; color: #5f574e; text-align: center;\">La innovadora tecnolog\u00eda de <strong>Air Cradle\u00ae<\/strong>, creada por MAT Group cumple con todas estas expectativas. Adem\u00e1s, potencialmente puede reducir el da\u00f1o de un impacto rotacional.<\/p>\n<p>&nbsp;<\/p>\n<p style=\"font-family: montserrat; color: #5f574e; text-align: center;\"><strong>Air Cradle\u00ae<\/strong> es otra de las tecnolog\u00edas patentadas por Mat Group dirigida a mejorar la seguridad y comodidad de los usuarios de cascos.<\/p>\n<p>[\/vc_column_text][\/vc_column][\/vc_row][vc_row css_animation=&#8221;&#8221; row_type=&#8221;row&#8221; use_row_as_full_screen_section=&#8221;no&#8221; type=&#8221;grid&#8221; angled_section=&#8221;no&#8221; text_align=&#8221;left&#8221; background_image_as_pattern=&#8221;without_pattern&#8221; css=&#8221;.vc_custom_1508862548313{padding-top: 5% !important;padding-right: 10% !important;padding-left: 10% !important;background-color: #f7f6f4 !important;}&#8221;][vc_column][vc_column_text css=&#8221;.vc_custom_1512384781728{margin-bottom: 2% !important;}&#8221;]<\/p>\n<h2 style=\"text-align: center; color: #002e3d;\">UN DOLOR DE CABEZA MENOS PARA MARCAS Y TIENDAS<\/h2>\n<p>[\/vc_column_text][vc_separator type=&#8221;small&#8221; position=&#8221;center&#8221; color=&#8221;#000000&#8243; thickness=&#8221;3&#8243; width=&#8221;50&#8243;][\/vc_column][\/vc_row][vc_row css_animation=&#8221;&#8221; row_type=&#8221;row&#8221; use_row_as_full_screen_section=&#8221;no&#8221; type=&#8221;grid&#8221; angled_section=&#8221;no&#8221; text_align=&#8221;left&#8221; background_image_as_pattern=&#8221;without_pattern&#8221; css=&#8221;.vc_custom_1508923149129{margin-bottom: 5% !important;padding-right: 10% !important;padding-left: 10% !important;background-color: #f7f6f4 !important;}&#8221;][vc_column css=&#8221;.vc_custom_1508923096040{margin-bottom: 5% !important;}&#8221;][vc_column_text css=&#8221;.vc_custom_1512384810957{padding-top: 2% !important;}&#8221;]<\/p>\n<p style=\"font-family: montserrat; color: #5f574e; text-align: center;\"><strong>Air Cradle\u00ae<\/strong> reduce dr\u00e1sticamente la inversi\u00f3n en el inventario de tallas extremas y mejora las ventas en el punto de venta evitando el riesgo de restos debido a cascos incomodos o tallas extremas. Tanto las marcas como las tiendas se beneficiar\u00e1n de servir las tallas extremas a sus clientes que las necesiten, pero sin generar restos en sus almacenes.<\/p>\n<p>[\/vc_column_text][\/vc_column][\/vc_row]<\/p>\n","protected":false},"excerpt":{"rendered":"<p>[vc_row css_animation=&#8221;&#8221; row_type=&#8221;row&#8221; use_row_as_full_screen_section=&#8221;no&#8221; type=&#8221;full_width&#8221; angled_section=&#8221;no&#8221; text_align=&#8221;left&#8221; background_image_as_pattern=&#8221;without_pattern&#8221; css=&#8221;.vc_custom_1508859216578{padding-right: 47px !important;padding-left: 47px !important;}&#8221;][vc_column css=&#8221;.vc_custom_1508859245441{margin-bottom: 2% !important;}&#8221; offset=&#8221;vc_hidden-sm vc_hidden-xs&#8221;][layerslider_vc id=&#8221;46&#8243;][\/vc_column][\/vc_row][vc_row css_animation=&#8221;&#8221; row_type=&#8221;row&#8221; use_row_as_full_screen_section=&#8221;no&#8221; type=&#8221;full_width&#8221; angled_section=&#8221;no&#8221; text_align=&#8221;left&#8221; background_image_as_pattern=&#8221;without_pattern&#8221; css=&#8221;.vc_custom_1508859293729{padding-right: 10px !important;padding-left: 10px !important;}&#8221;][vc_column css=&#8221;.vc_custom_1508859305241{margin-bottom: 2% !important;}&#8221; offset=&#8221;vc_hidden-lg vc_hidden-md&#8221;][layerslider_vc id=&#8221;46&#8243;][\/vc_column][\/vc_row][vc_row css_animation=&#8221;&#8221; row_type=&#8221;row&#8221; use_row_as_full_screen_section=&#8221;no&#8221; type=&#8221;grid&#8221; angled_section=&#8221;no&#8221; text_align=&#8221;left&#8221; background_image_as_pattern=&#8221;without_pattern&#8221;][vc_column css=&#8221;.vc_custom_1508922175565{margin-top:&#8230;<\/p>\n","protected":false},"author":1,"featured_media":0,"parent":328,"menu_order":0,"comment_status":"closed","ping_status":"closed","template":"full_width.php","meta":{"footnotes":""},"class_list":["post-2155","page","type-page","status-publish","hentry"],"aioseo_notices":[],"_links":{"self":[{"href":"https:\/\/matgroup.com\/index.php\/wp-json\/wp\/v2\/pages\/2155","targetHints":{"allow":["GET"]}}],"collection":[{"href":"https:\/\/matgroup.com\/index.php\/wp-json\/wp\/v2\/pages"}],"about":[{"href":"https:\/\/matgroup.com\/index.php\/wp-json\/wp\/v2\/types\/page"}],"author":[{"embeddable":true,"href":"https:\/\/matgroup.com\/index.php\/wp-json\/wp\/v2\/users\/1"}],"replies":[{"embeddable":true,"href":"https:\/\/matgroup.com\/index.php\/wp-json\/wp\/v2\/comments?post=2155"}],"version-history":[{"count":42,"href":"https:\/\/matgroup.com\/index.php\/wp-json\/wp\/v2\/pages\/2155\/revisions"}],"predecessor-version":[{"id":4554,"href":"https:\/\/matgroup.com\/index.php\/wp-json\/wp\/v2\/pages\/2155\/revisions\/4554"}],"up":[{"embeddable":true,"href":"https:\/\/matgroup.com\/index.php\/wp-json\/wp\/v2\/pages\/328"}],"wp:attachment":[{"href":"https:\/\/matgroup.com\/index.php\/wp-json\/wp\/v2\/media?parent=2155"}],"curies":[{"name":"wp","href":"https:\/\/api.w.org\/{rel}","templated":true}]}}