{"id":319,"date":"2017-07-05T13:57:49","date_gmt":"2017-07-05T12:57:49","guid":{"rendered":"http:\/\/matgroup.com\/index2.php\/index.php\/contact"},"modified":"2022-10-03T11:11:30","modified_gmt":"2022-10-03T10:11:30","slug":"contact","status":"publish","type":"page","link":"https:\/\/matgroup.com\/index.php\/contact?lang=ca","title":{"rendered":"contacte"},"content":{"rendered":"<p>[vc_row css_animation=&#8221;&#8221; row_type=&#8221;row&#8221; use_row_as_full_screen_section=&#8221;no&#8221; type=&#8221;full_width&#8221; angled_section=&#8221;no&#8221; text_align=&#8221;left&#8221; background_image_as_pattern=&#8221;without_pattern&#8221;][vc_column][layerslider_vc id=&#8221;28&#8243;][\/vc_column][\/vc_row][vc_row css_animation=&#8221;&#8221; row_type=&#8221;row&#8221; use_row_as_full_screen_section=&#8221;no&#8221; type=&#8221;full_width&#8221; angled_section=&#8221;no&#8221; text_align=&#8221;left&#8221; background_image_as_pattern=&#8221;without_pattern&#8221; css=&#8221;.vc_custom_1610967728094{padding-top: 3% !important;padding-bottom: 5% !important;background-color: #f7f6f4 !important;}&#8221; z_index=&#8221;&#8221; background_color=&#8221;#f7f6f4&#8243;][vc_column][vc_row_inner row_type=&#8221;row&#8221; type=&#8221;grid&#8221; text_align=&#8221;left&#8221; css_animation=&#8221;&#8221; css=&#8221;.vc_custom_1610547421591{background-color: #f7f6f4 !important;}&#8221;][vc_column_inner][vc_empty_space height=&#8221;100px&#8221;][vc_column_text css=&#8221;.vc_custom_1610967614825{margin-bottom: 2% !important;}&#8221;]<\/p>\n<h2 style=\"text-align: center; color: #002e3d;\">ESTEM EN CONTACTE<\/h2>\n<p>[\/vc_column_text][vc_separator type=&#8221;small&#8221; position=&#8221;center&#8221; color=&#8221;#002732&#8243; thickness=&#8221;3&#8243; width=&#8221;50&#8243;][vc_column_text css=&#8221;.vc_custom_1610967651683{padding-top: 2% !important;}&#8221;]<\/p>\n<p style=\"text-align: center;\"><span style=\"font-size: 16px; font-family: montserrat; color: #5f574e; line-height: 25px;\">Deixa les teves dades de contacte i t\u2019atendrem ben aviat.<\/span><\/p>\n<p>&nbsp;<\/p>\n<p>[\/vc_column_text][vc_empty_space]<script type=\"text\/javascript\">var gform;gform||(document.addEventListener(\"gform_main_scripts_loaded\",function(){gform.scriptsLoaded=!0}),document.addEventListener(\"gform\/theme\/scripts_loaded\",function(){gform.themeScriptsLoaded=!0}),window.addEventListener(\"DOMContentLoaded\",function(){gform.domLoaded=!0}),gform={domLoaded:!1,scriptsLoaded:!1,themeScriptsLoaded:!1,isFormEditor:()=>\"function\"==typeof InitializeEditor,callIfLoaded:function(o){return!(!gform.domLoaded||!gform.scriptsLoaded||!gform.themeScriptsLoaded&&!gform.isFormEditor()||(gform.isFormEditor()&&console.warn(\"The use of gform.initializeOnLoaded() is deprecated in the form editor context and will be removed in Gravity Forms 3.1.\"),o(),0))},initializeOnLoaded:function(o){gform.callIfLoaded(o)||(document.addEventListener(\"gform_main_scripts_loaded\",()=>{gform.scriptsLoaded=!0,gform.callIfLoaded(o)}),document.addEventListener(\"gform\/theme\/scripts_loaded\",()=>{gform.themeScriptsLoaded=!0,gform.callIfLoaded(o)}),window.addEventListener(\"DOMContentLoaded\",()=>{gform.domLoaded=!0,gform.callIfLoaded(o)}))},hooks:{action:{},filter:{}},addAction:function(o,r,e,t){gform.addHook(\"action\",o,r,e,t)},addFilter:function(o,r,e,t){gform.addHook(\"filter\",o,r,e,t)},doAction:function(o){gform.doHook(\"action\",o,arguments)},applyFilters:function(o){return gform.doHook(\"filter\",o,arguments)},removeAction:function(o,r){gform.removeHook(\"action\",o,r)},removeFilter:function(o,r,e){gform.removeHook(\"filter\",o,r,e)},addHook:function(o,r,e,t,n){null==gform.hooks[o][r]&&(gform.hooks[o][r]=[]);var d=gform.hooks[o][r];null==n&&(n=r+\"_\"+d.length),gform.hooks[o][r].push({tag:n,callable:e,priority:t=null==t?10:t})},doHook:function(r,o,e){var t;if(e=Array.prototype.slice.call(e,1),null!=gform.hooks[r][o]&&((o=gform.hooks[r][o]).sort(function(o,r){return o.priority-r.priority}),o.forEach(function(o){\"function\"!=typeof(t=o.callable)&&(t=window[t]),\"action\"==r?t.apply(null,e):e[0]=t.apply(null,e)})),\"filter\"==r)return e[0]},removeHook:function(o,r,t,n){var e;null!=gform.hooks[o][r]&&(e=(e=gform.hooks[o][r]).filter(function(o,r,e){return!!(null!=n&&n!=o.tag||null!=t&&t!=o.priority)}),gform.hooks[o][r]=e)}});<\/script>\n                <div class='gf_browser_gecko gform_wrapper gform_legacy_markup_wrapper gform-theme--no-framework' data-form-theme='legacy' data-form-index='0' id='gform_wrapper_3' ><form method='post' enctype='multipart\/form-data'  id='gform_3'  action='\/index.php\/wp-json\/wp\/v2\/pages\/319' data-formid='3' novalidate>\n                        <div class='gform-body gform_body'><ul id='gform_fields_3' class='gform_fields top_label form_sublabel_below description_below validation_below'><li class=\"gfmc-column gfmc-column50 gfmc-row-1-column gfmc-row-1-col-1-of-2\"><ul class=\"flex-wrapper flex-wrapper-2\"><li id=\"field_3_1\" class=\"gfield gfield--type-text gfield--input-type-text gfield_contains_required field_sublabel_below gfield--no-description field_description_below field_validation_below gfield_visibility_visible\"  data-js-reload=\"field_3_1\" ><label class='gfield_label gform-field-label' for='input_3_1'>Nom:<span class=\"gfield_required\"><span class=\"gfield_required gfield_required_asterisk\">*<\/span><\/span><\/label><div class='ginput_container ginput_container_text'><input name='input_1' id='input_3_1' type='text' value='' class='large'     aria-required=\"true\" aria-invalid=\"false\"   \/><\/div><\/li><\/ul><\/li><li class=\"gfmc-column gfmc-column50 gfmc-row-1-column gfmc-row-1-col-2-of-2\"><ul class=\"flex-wrapper flex-wrapper-2\"><li id=\"field_3_2\" class=\"gfield gfield--type-text gfield--input-type-text gfield_contains_required field_sublabel_below gfield--no-description field_description_below field_validation_below gfield_visibility_visible\"  data-js-reload=\"field_3_2\" ><label class='gfield_label gform-field-label' for='input_3_2'>Email:<span class=\"gfield_required\"><span class=\"gfield_required gfield_required_asterisk\">*<\/span><\/span><\/label><div class='ginput_container ginput_container_text'><input name='input_2' id='input_3_2' type='text' value='' class='large'     aria-required=\"true\" aria-invalid=\"false\"   \/><\/div><\/li><\/ul><\/li><li class=\"gfmc-column gfmc-column50 gfmc-row-2-column gfmc-row-2-col-1-of-2\"><ul class=\"flex-wrapper flex-wrapper-2\"><li id=\"field_3_4\" class=\"gfield gfield--type-text gfield--input-type-text gfield_contains_required field_sublabel_below gfield--no-description field_description_below field_validation_below gfield_visibility_visible\"  data-js-reload=\"field_3_4\" ><label class='gfield_label gform-field-label' for='input_3_4'>Tel\u00e8fon:<span class=\"gfield_required\"><span class=\"gfield_required gfield_required_asterisk\">*<\/span><\/span><\/label><div class='ginput_container ginput_container_text'><input name='input_4' id='input_3_4' type='text' value='' class='large'     aria-required=\"true\" aria-invalid=\"false\"   \/><\/div><\/li><\/ul><\/li><li class=\"gfmc-column gfmc-column50 gfmc-row-2-column gfmc-row-2-col-2-of-2\"><ul class=\"flex-wrapper flex-wrapper-2\"><li id=\"field_3_5\" class=\"gfield gfield--type-text gfield--input-type-text gfield_contains_required field_sublabel_below gfield--no-description field_description_below field_validation_below gfield_visibility_visible\"  data-js-reload=\"field_3_5\" ><label class='gfield_label gform-field-label' for='input_3_5'>Empresa:<span class=\"gfield_required\"><span class=\"gfield_required gfield_required_asterisk\">*<\/span><\/span><\/label><div class='ginput_container ginput_container_text'><input name='input_5' id='input_3_5' type='text' value='' class='large'     aria-required=\"true\" aria-invalid=\"false\"   \/><\/div><\/li><\/ul><\/li><li class=\"gfmc-column gfmc-column100 gfmc-row-3-column gfmc-row-3-col-1-of-1\"><ul class=\"flex-wrapper flex-wrapper-1\"><li id=\"field_3_6\" class=\"gfield gfield--type-textarea gfield--input-type-textarea gfield_contains_required field_sublabel_below gfield--no-description field_description_below field_validation_below gfield_visibility_visible\"  data-js-reload=\"field_3_6\" ><label class='gfield_label gform-field-label' for='input_3_6'>Comentaris:<span class=\"gfield_required\"><span class=\"gfield_required gfield_required_asterisk\">*<\/span><\/span><\/label><div class='ginput_container ginput_container_textarea'><textarea name='input_6' id='input_3_6' class='textarea medium'     aria-required=\"true\" aria-invalid=\"false\"   rows='10' cols='50'><\/textarea><\/div><\/li><\/ul><\/li><li class=\"gfmc-column gfmc-column100 gfmc-row-4-column gfmc-row-4-col-1-of-1\"><ul class=\"flex-wrapper flex-wrapper-1\"><li id=\"field_3_20\" class=\"gfield gfield--type-consent gfield--type-choice gfield--input-type-consent gfield--width-full field_sublabel_below gfield--no-description field_description_below hidden_label field_validation_below gfield_visibility_visible\"  data-js-reload=\"field_3_20\" ><label class='gfield_label gform-field-label gfield_label_before_complex' >Consent<\/label><div class='ginput_container ginput_container_consent'><input name='input_20.1' id='input_3_20_1' type='checkbox' value='1'    aria-invalid=\"false\"   \/> <label class=\"gform-field-label gform-field-label--type-inline gfield_consent_label\" for='input_3_20_1' >Accepto rebre informaci\u00f3 comercial, incl\u00fas per mitjans electr\u00f2nics.<\/label><input type='hidden' name='input_20.2' value='Accepto rebre informaci\u00f3 comercial, incl\u00fas per mitjans electr\u00f2nics.' class='gform_hidden' \/><input type='hidden' name='input_20.3' value='3' class='gform_hidden' \/><\/div><\/li><li id=\"field_3_18\" class=\"gfield gfield--type-checkbox gfield--type-choice gfield--input-type-checkbox gfield_contains_required field_sublabel_below gfield--no-description field_description_below field_validation_below gfield_visibility_visible\"  data-js-reload=\"field_3_18\" ><label class='gfield_label gform-field-label screen-reader-text gfield_label_before_complex' ><span class=\"gfield_required\"><span class=\"gfield_required gfield_required_asterisk\">*<\/span><\/span><\/label><div class='ginput_container ginput_container_checkbox'><ul class='gfield_checkbox' id='input_3_18'><li class='gchoice gchoice_3_18_1'>\n\t\t\t\t\t\t\t\t<input class='gfield-choice-input' name='input_18.1' type='checkbox'  value='He llegit i accepto la &lt;a href=&quot;\/\/matgroup.com\/index.php\/politica-de-privacitat?lang=ca&quot; target=&quot;_blank&quot;&gt;Pol\u00edtica de privacitat&lt;\/a&gt;'  id='choice_3_18_1'   \/>\n\t\t\t\t\t\t\t\t<label for='choice_3_18_1' id='label_3_18_1' class='gform-field-label gform-field-label--type-inline'>He llegit i accepto la <a href=\"\/\/matgroup.com\/index.php\/politica-de-privacitat?lang=ca\" target=\"_blank\">Pol\u00edtica de privacitat<\/a><\/label>\n\t\t\t\t\t\t\t<\/li><\/ul><\/div><\/li><li id=\"field_3_21\" class=\"gfield gfield--type-captcha gfield--input-type-captcha gfield--width-full field_sublabel_below gfield--no-description field_description_below field_validation_below gfield_visibility_visible\"  data-js-reload=\"field_3_21\" ><label class='gfield_label gform-field-label' for='input_3_21'>CAPTCHA<\/label><div id='input_3_21' class='ginput_container ginput_recaptcha' data-sitekey='6Lf7_hUqAAAAAGlNHas21-B7EfTvojogjYSpsZdq'  data-theme='light' data-tabindex='-1' data-size='invisible' data-badge='bottomright'><\/div><\/li><li id=\"field_3_19\" class=\"gfield gfield--type-hidden gfield--input-type-hidden gfield--width-full gform_hidden field_sublabel_below gfield--no-description field_description_below field_validation_below gfield_visibility_visible\"  data-js-reload=\"field_3_19\" ><div class='ginput_container ginput_container_text'><input name='input_19' id='input_3_19' type='hidden' class='gform_hidden'  aria-invalid=\"false\" value='216.73.216.91' \/><\/div><\/li><\/ul><\/li><li id=\"field_3_22\" class=\"gfield gfield--type-honeypot gform_validation_container field_sublabel_below gfield--has-description field_description_below field_validation_below gfield_visibility_visible\"  data-js-reload=\"field_3_22\" ><label class='gfield_label gform-field-label' for='input_3_22'>Name<\/label><div class='ginput_container'><input name='input_22' id='input_3_22' type='text' value='' autocomplete='new-password'\/><\/div><div class='gfield_description' id='gfield_description_3_22'>This field is for validation purposes and should be left unchanged.<\/div><\/li><\/ul><\/div>\n        <div class='gform-footer gform_footer top_label'> <input type='submit' id='gform_submit_button_3' class='gform_button button' onclick='gform.submission.handleButtonClick(this);' value='Envia'  \/> \n            <input type='hidden' class='gform_hidden' name='gform_submission_method' data-js='gform_submission_method_3' value='postback' \/>\n            <input type='hidden' class='gform_hidden' name='gform_theme' data-js='gform_theme_3' id='gform_theme_3' value='legacy' \/>\n            <input type='hidden' class='gform_hidden' name='gform_style_settings' data-js='gform_style_settings_3' id='gform_style_settings_3' value='[]' \/>\n            <input type='hidden' class='gform_hidden' name='is_submit_3' value='1' \/>\n            <input type='hidden' class='gform_hidden' name='gform_submit' value='3' \/>\n            \n            <input type='hidden' class='gform_hidden' name='gform_unique_id' value='' \/>\n            <input type='hidden' class='gform_hidden' name='state_3' value='WyJ7XCIyMC4xXCI6XCJjMjEwYTUzOGM3ZTg4OTM0M2JiMzQxZmFkNDkyZjc0YlwiLFwiMjAuMlwiOlwiNzJmMWNkYzRhMjc1MWI4Nzk3NzI1YjliMDAyZGYyM2ZcIixcIjIwLjNcIjpcImQwNTQxZjhlM2UxNWQ4ZGNkYjBjODdkYTcyMGFmZjlkXCJ9IiwiNTI1M2JjZWE2OTMxYTFkZjg0MmYzNzExNDJkNGQwZWYiXQ==' \/>\n            <input type='hidden' autocomplete='off' class='gform_hidden' name='gform_target_page_number_3' id='gform_target_page_number_3' value='0' \/>\n            <input type='hidden' autocomplete='off' class='gform_hidden' name='gform_source_page_number_3' id='gform_source_page_number_3' value='1' \/>\n            <input type='hidden' name='gform_field_values' value='' \/>\n            \n        <\/div>\n                        <p style=\"display: none !important;\" class=\"akismet-fields-container\" data-prefix=\"ak_\"><label>&#916;<textarea name=\"ak_hp_textarea\" cols=\"45\" rows=\"8\" maxlength=\"100\"><\/textarea><\/label><input type=\"hidden\" id=\"ak_js_1\" name=\"ak_js\" value=\"181\"\/><script>document.getElementById( \"ak_js_1\" ).setAttribute( \"value\", ( new Date() ).getTime() );<\/script><\/p><\/form>\n                        <\/div><script type=\"text\/javascript\">\n\/* <![CDATA[ *\/\n gform.initializeOnLoaded( function() {gformInitSpinner( 3, 'https:\/\/matgroup.com\/wp-content\/plugins\/gravityforms\/images\/spinner.svg', true );jQuery('#gform_ajax_frame_3').on('load',function(){var contents = jQuery(this).contents().find('*').html();var is_postback = contents.indexOf('GF_AJAX_POSTBACK') >= 0;if(!is_postback){return;}var form_content = jQuery(this).contents().find('#gform_wrapper_3');var is_confirmation = jQuery(this).contents().find('#gform_confirmation_wrapper_3').length > 0;var is_redirect = contents.indexOf('gformRedirect(){') >= 0;var is_form = form_content.length > 0 && ! is_redirect && ! is_confirmation;var mt = parseInt(jQuery('html').css('margin-top'), 10) + parseInt(jQuery('body').css('margin-top'), 10) + 100;if(is_form){jQuery('#gform_wrapper_3').html(form_content.html());if(form_content.hasClass('gform_validation_error')){jQuery('#gform_wrapper_3').addClass('gform_validation_error');} else {jQuery('#gform_wrapper_3').removeClass('gform_validation_error');}setTimeout( function() { \/* delay the scroll by 50 milliseconds to fix a bug in chrome *\/  }, 50 );if(window['gformInitDatepicker']) {gformInitDatepicker();}if(window['gformInitPriceFields']) {gformInitPriceFields();}var current_page = jQuery('#gform_source_page_number_3').val();gformInitSpinner( 3, 'https:\/\/matgroup.com\/wp-content\/plugins\/gravityforms\/images\/spinner.svg', true );jQuery(document).trigger('gform_page_loaded', [3, current_page]);window['gf_submitting_3'] = false;}else if(!is_redirect){var confirmation_content = jQuery(this).contents().find('.GF_AJAX_POSTBACK').html();if(!confirmation_content){confirmation_content = contents;}jQuery('#gform_wrapper_3').replaceWith(confirmation_content);jQuery(document).trigger('gform_confirmation_loaded', [3]);window['gf_submitting_3'] = false;wp.a11y.speak(jQuery('#gform_confirmation_message_3').text());}else{jQuery('#gform_3').append(contents);if(window['gformRedirect']) {gformRedirect();}}jQuery(document).trigger(\"gform_pre_post_render\", [{ formId: \"3\", currentPage: \"current_page\", abort: function() { this.preventDefault(); } }]);                if (event && event.defaultPrevented) {                return;         }        const gformWrapperDiv = document.getElementById( \"gform_wrapper_3\" );        if ( gformWrapperDiv ) {            const visibilitySpan = document.createElement( \"span\" );            visibilitySpan.id = \"gform_visibility_test_3\";            gformWrapperDiv.insertAdjacentElement( \"afterend\", visibilitySpan );        }        const visibilityTestDiv = document.getElementById( \"gform_visibility_test_3\" );        let postRenderFired = false;                function triggerPostRender() {            if ( postRenderFired ) {                return;            }            postRenderFired = true;            gform.core.triggerPostRenderEvents( 3, current_page );            if ( visibilityTestDiv ) {                visibilityTestDiv.parentNode.removeChild( visibilityTestDiv );            }        }        function debounce( func, wait, immediate ) {            var timeout;            return function() {                var context = this, args = arguments;                var later = function() {                    timeout = null;                    if ( !immediate ) func.apply( context, args );                };                var callNow = immediate && !timeout;                clearTimeout( timeout );                timeout = setTimeout( later, wait );                if ( callNow ) func.apply( context, args );            };        }        const debouncedTriggerPostRender = debounce( function() {            triggerPostRender();        }, 200 );        if ( visibilityTestDiv && visibilityTestDiv.offsetParent === null ) {            const observer = new MutationObserver( ( mutations ) => {                mutations.forEach( ( mutation ) => {                    if ( mutation.type === 'attributes' && visibilityTestDiv.offsetParent !== null ) {                        debouncedTriggerPostRender();                        observer.disconnect();                    }                });            });            observer.observe( document.body, {                attributes: true,                childList: false,                subtree: true,                attributeFilter: [ 'style', 'class' ],            });        } else {            triggerPostRender();        }    } );} ); \n\/* ]]> *\/\n<\/script>\n[vc_column_text]<span style=\"font-size: 12px; font-family: montserrat; color: #5f574e; line-height: 25px;\"><br \/>\n<strong>INFORMACI\u00d3 PROTECCI\u00d3 DE DADES DE MATGROUP<\/strong><\/span><\/p>\n<p><span style=\"font-size: 12px; font-family: montserrat; color: #5f574e; line-height: 25px;\"><strong>Finalitats<\/strong>: Respondre a les seves sol\u00b7licituds i remetre-li informaci\u00f3 comercial dels nostres productes i serveis, fins i tot per mitjans electr\u00f2nics. <strong>Drets<\/strong>: Pot retirar el seu consentiment en qualsevol moment, aix\u00ed com accedir, rectificar i suprimir les seves dades i altres drets a <a href=\"mailto:lopd@matgroup.com\">lopd@matgroup.com<\/a>. <strong>Informaci\u00f3 Addicional<\/strong>: Pot ampliar la informaci\u00f3 a l&#8217;enlla\u00e7 de <a href=\"https:\/\/matgroup.com\/index.php\/politica-de-privacitat?lang=ca\" target=\"_blank\" rel=\"noopener\">Pol\u00edtica de Privacitat<\/a>.<\/span>[\/vc_column_text][vc_empty_space][\/vc_column_inner][\/vc_row_inner][\/vc_column][\/vc_row][vc_row css_animation=&#8221;&#8221; row_type=&#8221;row&#8221; use_row_as_full_screen_section=&#8221;no&#8221; type=&#8221;full_width&#8221; angled_section=&#8221;no&#8221; text_align=&#8221;left&#8221; background_image_as_pattern=&#8221;without_pattern&#8221;][vc_column][vc_column_text]<\/p>\n<p>[\/vc_column_text][\/vc_column][\/vc_row]<\/p>\n","protected":false},"excerpt":{"rendered":"<p>[vc_row css_animation=&#8221;&#8221; row_type=&#8221;row&#8221; use_row_as_full_screen_section=&#8221;no&#8221; type=&#8221;full_width&#8221; angled_section=&#8221;no&#8221; text_align=&#8221;left&#8221; background_image_as_pattern=&#8221;without_pattern&#8221;][vc_column][layerslider_vc id=&#8221;28&#8243;][\/vc_column][\/vc_row][vc_row css_animation=&#8221;&#8221; row_type=&#8221;row&#8221; use_row_as_full_screen_section=&#8221;no&#8221; type=&#8221;full_width&#8221; angled_section=&#8221;no&#8221; text_align=&#8221;left&#8221; background_image_as_pattern=&#8221;without_pattern&#8221; css=&#8221;.vc_custom_1610967728094{padding-top: 3% !important;padding-bottom: 5% !important;background-color: #f7f6f4 !important;}&#8221; z_index=&#8221;&#8221; background_color=&#8221;#f7f6f4&#8243;][vc_column][vc_row_inner row_type=&#8221;row&#8221; type=&#8221;grid&#8221; text_align=&#8221;left&#8221; css_animation=&#8221;&#8221; css=&#8221;.vc_custom_1610547421591{background-color: #f7f6f4 !important;}&#8221;][vc_column_inner][vc_empty_space height=&#8221;100px&#8221;][vc_column_text css=&#8221;.vc_custom_1610967614825{margin-bottom: 2% !important;}&#8221;] ESTEM EN CONTACTE [\/vc_column_text][vc_separator type=&#8221;small&#8221; position=&#8221;center&#8221; color=&#8221;#002732&#8243; thickness=&#8221;3&#8243; width=&#8221;50&#8243;][vc_column_text&#8230;<\/p>\n","protected":false},"author":1,"featured_media":0,"parent":0,"menu_order":0,"comment_status":"closed","ping_status":"closed","template":"full_width.php","meta":{"footnotes":""},"class_list":["post-319","page","type-page","status-publish","hentry"],"aioseo_notices":[],"_links":{"self":[{"href":"https:\/\/matgroup.com\/index.php\/wp-json\/wp\/v2\/pages\/319","targetHints":{"allow":["GET"]}}],"collection":[{"href":"https:\/\/matgroup.com\/index.php\/wp-json\/wp\/v2\/pages"}],"about":[{"href":"https:\/\/matgroup.com\/index.php\/wp-json\/wp\/v2\/types\/page"}],"author":[{"embeddable":true,"href":"https:\/\/matgroup.com\/index.php\/wp-json\/wp\/v2\/users\/1"}],"replies":[{"embeddable":true,"href":"https:\/\/matgroup.com\/index.php\/wp-json\/wp\/v2\/comments?post=319"}],"version-history":[{"count":44,"href":"https:\/\/matgroup.com\/index.php\/wp-json\/wp\/v2\/pages\/319\/revisions"}],"predecessor-version":[{"id":5865,"href":"https:\/\/matgroup.com\/index.php\/wp-json\/wp\/v2\/pages\/319\/revisions\/5865"}],"wp:attachment":[{"href":"https:\/\/matgroup.com\/index.php\/wp-json\/wp\/v2\/media?parent=319"}],"curies":[{"name":"wp","href":"https:\/\/api.w.org\/{rel}","templated":true}]}}