{"id":326,"date":"2017-07-05T13:57:36","date_gmt":"2017-07-05T12:57:36","guid":{"rendered":"http:\/\/matgroup.com\/index2.php\/index.php\/products-services"},"modified":"2019-10-08T16:28:15","modified_gmt":"2019-10-08T15:28:15","slug":"products-services","status":"publish","type":"page","link":"https:\/\/matgroup.com\/index.php\/products-services?lang=es","title":{"rendered":"productos y servicios"},"content":{"rendered":"<p>[vc_row css_animation=&#8221;&#8221; row_type=&#8221;row&#8221; use_row_as_full_screen_section=&#8221;no&#8221; type=&#8221;full_width&#8221; angled_section=&#8221;no&#8221; text_align=&#8221;left&#8221; background_image_as_pattern=&#8221;without_pattern&#8221; css=&#8221;.vc_custom_1507535201883{padding-right: 47px !important;padding-left: 47px !important;}&#8221;][vc_column css=&#8221;.vc_custom_1507535223434{margin-bottom: 5% !important;}&#8221; offset=&#8221;vc_hidden-sm vc_hidden-xs&#8221;][layerslider_vc id=&#8221;41&#8243;][\/vc_column][\/vc_row][vc_row css_animation=&#8221;&#8221; row_type=&#8221;row&#8221; use_row_as_full_screen_section=&#8221;no&#8221; type=&#8221;full_width&#8221; angled_section=&#8221;no&#8221; text_align=&#8221;left&#8221; background_image_as_pattern=&#8221;without_pattern&#8221; css=&#8221;.vc_custom_1507535284354{padding-right: 10px !important;padding-left: 10px !important;}&#8221;][vc_column css=&#8221;.vc_custom_1507535267722{margin-bottom: 5% !important;}&#8221; offset=&#8221;vc_hidden-lg vc_hidden-md&#8221;][layerslider_vc id=&#8221;41&#8243;][\/vc_column][\/vc_row][vc_row css_animation=&#8221;&#8221; row_type=&#8221;row&#8221; use_row_as_full_screen_section=&#8221;no&#8221; type=&#8221;grid&#8221; angled_section=&#8221;no&#8221; text_align=&#8221;left&#8221; background_image_as_pattern=&#8221;without_pattern&#8221;][vc_column][vc_column_text css=&#8221;.vc_custom_1512132753103{margin-bottom: 5% !important;padding-right: 4% !important;padding-left: 4% !important;}&#8221;]<\/p>\n<p style=\"font-size: 120%; line-height: 130%; font-family: montserrat; text-align: center; color: #5f574e;\">MAT Group desarrolla y comercializa soluciones tecnol\u00f3gicas de valor a\u00f1adido para protecci\u00f3n tanto de cabeza como de cuerpo. Estas soluciones se presentan en un amplio rango de productos dependiendo del \u00e1rea de aplicaci\u00f3n.<\/p>\n<p>[\/vc_column_text][\/vc_column][\/vc_row][vc_row css_animation=&#8221;&#8221; row_type=&#8221;row&#8221; use_row_as_full_screen_section=&#8221;no&#8221; type=&#8221;grid&#8221; angled_section=&#8221;no&#8221; text_align=&#8221;left&#8221; background_image_as_pattern=&#8221;without_pattern&#8221;][vc_column css=&#8221;.vc_custom_1510049829353{margin-top: 5% !important;margin-bottom: 3% !important;}&#8221;][vc_column_text css=&#8221;.vc_custom_1511425859948{margin-bottom: 2% !important;}&#8221;]<\/p>\n<h2 style=\"text-align: center;\">PROTECCI\u00d3N PARA LA CABEZA<\/h2>\n<p>[\/vc_column_text][vc_separator type=&#8221;small&#8221; position=&#8221;center&#8221; color=&#8221;#002732&#8243; thickness=&#8221;3&#8243; width=&#8221;50&#8243;][vc_column_text css=&#8221;.vc_custom_1511425908274{padding-top: 2% !important;padding-right: 4% !important;padding-left: 4% !important;}&#8221;]<\/p>\n<p style=\"text-align: center; color: #5f574e;\">Los servicios de MAT Group van desde el concepto del producto inicial hasta la entrega del producto acabado, incluyendo todos los procesos intermedios. Ofrecemos soluciones completas e inmediatas para coordinar y gestionar el proceso entero para nuestros clientes.<\/p>\n<p>[\/vc_column_text][\/vc_column][\/vc_row][vc_row css_animation=&#8221;&#8221; row_type=&#8221;row&#8221; use_row_as_full_screen_section=&#8221;no&#8221; type=&#8221;grid&#8221; angled_section=&#8221;no&#8221; text_align=&#8221;left&#8221; background_image_as_pattern=&#8221;without_pattern&#8221;][vc_column width=&#8221;1\/3&#8243; css=&#8221;.vc_custom_1510049618297{margin-bottom: 3% !important;}&#8221;][vc_single_image image=&#8221;1582&#8243; img_size=&#8221;full&#8221; alignment=&#8221;center&#8221; qode_css_animation=&#8221;&#8221; css=&#8221;.vc_custom_1507537969261{margin-bottom: 3% !important;}&#8221;][vc_column_text css=&#8221;.vc_custom_1570548327388{margin-top: 5% !important;margin-bottom: 5% !important;padding-right: 25% !important;padding-left: 25% !important;}&#8221;]<\/p>\n<p style=\"font-family: montserrat; font-size: 120%; color: #e4620b; line-height: 120%; text-align: center;\"><strong>Dise\u00f1o conceptual<\/strong><\/p>\n<p>\u00a0[\/vc_column_text][\/vc_column][vc_column width=&#8221;1\/3&#8243; css=&#8221;.vc_custom_1510049568266{margin-bottom: 3% !important;}&#8221;][vc_single_image image=&#8221;1585&#8243; img_size=&#8221;full&#8221; alignment=&#8221;center&#8221; qode_css_animation=&#8221;&#8221; css=&#8221;.vc_custom_1507537973825{margin-bottom: 3% !important;}&#8221;][vc_column_text css=&#8221;.vc_custom_1570548339790{margin-top: 5% !important;margin-bottom: 5% !important;padding-right: 22% !important;padding-left: 22% !important;}&#8221;]<\/p>\n<p style=\"font-family: montserrat; font-size: 120%; color: #e4620b; line-height: 120%; text-align: center;\"><strong>Dise\u00f1o, ingenier\u00eda y prototipos<\/strong><\/p>\n<p>\u00a0[\/vc_column_text][\/vc_column][vc_column width=&#8221;1\/3&#8243; css=&#8221;.vc_custom_1510049628519{margin-bottom: 3% !important;}&#8221;][vc_single_image image=&#8221;1588&#8243; img_size=&#8221;full&#8221; alignment=&#8221;center&#8221; qode_css_animation=&#8221;&#8221; css=&#8221;.vc_custom_1507537978413{margin-bottom: 3% !important;}&#8221;][vc_column_text css=&#8221;.vc_custom_1570548347994{margin-top: 5% !important;margin-bottom: 5% !important;padding-right: 20% !important;padding-left: 20% !important;}&#8221;]<\/p>\n<p style=\"font-family: montserrat; font-size: 120%; color: #e4620b; line-height: 120%; text-align: center;\"><strong>Industrializaci\u00f3n, herramientas y desarrollo de producto<\/strong><\/p>\n<p>\u00a0[\/vc_column_text][\/vc_column][\/vc_row][vc_row css_animation=&#8221;&#8221; row_type=&#8221;row&#8221; use_row_as_full_screen_section=&#8221;no&#8221; type=&#8221;grid&#8221; angled_section=&#8221;no&#8221; text_align=&#8221;left&#8221; background_image_as_pattern=&#8221;without_pattern&#8221; css=&#8221;.vc_custom_1510049576994{padding-bottom: 5% !important;}&#8221;][vc_column width=&#8221;1\/3&#8243; css=&#8221;.vc_custom_1510049635415{margin-bottom: 3% !important;}&#8221;][vc_single_image image=&#8221;1642&#8243; img_size=&#8221;full&#8221; alignment=&#8221;center&#8221; qode_css_animation=&#8221;&#8221; css=&#8221;.vc_custom_1507540984185{margin-bottom: 3% !important;}&#8221;][vc_column_text css=&#8221;.vc_custom_1570548378013{margin-top: 5% !important;margin-bottom: 5% !important;padding-right: 20% !important;padding-left: 20% !important;}&#8221;]<\/p>\n<p style=\"font-family: montserrat; font-size: 120%; color: #e4620b; line-height: 120%; text-align: center;\"><strong>Testing y aprobaciones oficiales<\/strong><\/p>\n<p>[\/vc_column_text][\/vc_column][vc_column width=&#8221;1\/3&#8243; css=&#8221;.vc_custom_1510050205648{margin-bottom: 3% !important;}&#8221;][vc_single_image image=&#8221;1645&#8243; img_size=&#8221;full&#8221; alignment=&#8221;center&#8221; qode_css_animation=&#8221;&#8221; css=&#8221;.vc_custom_1507541005745{margin-bottom: 3% !important;}&#8221;][vc_column_text css=&#8221;.vc_custom_1570548401916{margin-top: 5% !important;margin-bottom: 5% !important;padding-right: 22% !important;padding-left: 22% !important;}&#8221;]<\/p>\n<p style=\"font-family: montserrat; font-size: 120%; color: #e4620b; line-height: 120%; text-align: center;\"><strong>Fabricaci\u00f3n<\/strong><\/p>\n<p>\u00a0[\/vc_column_text][\/vc_column][vc_column width=&#8221;1\/3&#8243; css=&#8221;.vc_custom_1510573121269{margin-bottom: 3% !important;}&#8221;][vc_single_image image=&#8221;1648&#8243; img_size=&#8221;full&#8221; alignment=&#8221;center&#8221; qode_css_animation=&#8221;&#8221; css=&#8221;.vc_custom_1507541024067{margin-bottom: 3% !important;}&#8221;][vc_column_text css=&#8221;.vc_custom_1570548412202{margin-top: 5% !important;margin-bottom: 5% !important;padding-right: 20% !important;padding-left: 20% !important;}&#8221;]<\/p>\n<p style=\"font-family: montserrat; font-size: 120%; color: #e4620b; line-height: 120%; text-align: center;\"><strong>Garant\u00eda y control de calidad<\/strong><\/p>\n<p>\u00a0[\/vc_column_text][\/vc_column][\/vc_row][vc_row css_animation=&#8221;&#8221; row_type=&#8221;row&#8221; use_row_as_full_screen_section=&#8221;no&#8221; type=&#8221;grid&#8221; angled_section=&#8221;no&#8221; text_align=&#8221;left&#8221; background_image_as_pattern=&#8221;without_pattern&#8221; css=&#8221;.vc_custom_1507541368675{padding-top: 5% !important;padding-right: 10% !important;padding-left: 10% !important;background-color: #f7f6f4 !important;}&#8221;][vc_column css=&#8221;.vc_custom_1507541434800{margin-bottom: 3% !important;}&#8221;][vc_column_text css=&#8221;.vc_custom_1511426039546{margin-bottom: 2% !important;}&#8221;]<\/p>\n<h2 style=\"text-align: center;\">PROTECCI\u00d3N CORPORAL<\/h2>\n<p>[\/vc_column_text][vc_separator type=&#8221;small&#8221; position=&#8221;center&#8221; color=&#8221;#002732&#8243; thickness=&#8221;3&#8243; width=&#8221;50&#8243;][vc_column_text css=&#8221;.vc_custom_1511426265294{padding-top: 2% !important;padding-right: 4% !important;padding-left: 4% !important;}&#8221;]<\/p>\n<p style=\"text-align: center; color: #5f574e;\">MAT Group ofrece una soluci\u00f3n global a sus clientes. Desde el concepto del producto inicial hasta la entrega del producto acabado MAT Group proporciona una soluci\u00f3n completa para coordinar y gestionar el proceso entero. MAT Group tiene un n\u00famero de socios fabricantes alrededor del mundo que han sido elegidos por sus niveles de calidad y capacidad y sus \u00e1reas de especialidad para servir a mercados con diferentes finalidades. Los pasos de un proyecto t\u00edpico son:<\/p>\n<p>[\/vc_column_text][\/vc_column][\/vc_row][vc_row css_animation=&#8221;&#8221; row_type=&#8221;row&#8221; use_row_as_full_screen_section=&#8221;no&#8221; type=&#8221;grid&#8221; angled_section=&#8221;no&#8221; text_align=&#8221;left&#8221; background_image_as_pattern=&#8221;without_pattern&#8221; css=&#8221;.vc_custom_1507541597684{background-color: #f7f6f4 !important;}&#8221;][vc_column width=&#8221;1\/3&#8243; css=&#8221;.vc_custom_1510049666787{margin-bottom: 3% !important;}&#8221;][vc_single_image image=&#8221;1669&#8243; img_size=&#8221;full&#8221; alignment=&#8221;center&#8221; qode_css_animation=&#8221;&#8221; css=&#8221;.vc_custom_1507541949234{margin-bottom: 3% !important;}&#8221;][vc_column_text css=&#8221;.vc_custom_1570548426553{margin-top: 5% !important;margin-bottom: 5% !important;padding-right: 20% !important;padding-left: 20% !important;}&#8221;]<\/p>\n<p style=\"font-family: montserrat; font-size: 120%; color: #e4620b; line-height: 120%; text-align: center;\"><strong>Dise\u00f1o y especializaci\u00f3n del producto<\/strong><\/p>\n<p>\u00a0[\/vc_column_text][\/vc_column][vc_column width=&#8221;1\/3&#8243; css=&#8221;.vc_custom_1510049604183{margin-bottom: 3% !important;}&#8221;][vc_single_image image=&#8221;1672&#8243; img_size=&#8221;full&#8221; alignment=&#8221;center&#8221; qode_css_animation=&#8221;&#8221; css=&#8221;.vc_custom_1507541954353{margin-bottom: 3% !important;}&#8221;][vc_column_text css=&#8221;.vc_custom_1570548436999{margin-top: 5% !important;margin-bottom: 5% !important;padding-right: 25% !important;padding-left: 25% !important;}&#8221;]<\/p>\n<p style=\"font-family: montserrat; font-size: 120%; color: #e4620b; line-height: 120%; text-align: center;\"><strong>Prototipos<\/strong><\/p>\n<p>\u00a0[\/vc_column_text][\/vc_column][vc_column width=&#8221;1\/3&#8243; css=&#8221;.vc_custom_1510049681228{margin-bottom: 3% !important;}&#8221;][vc_single_image image=&#8221;1675&#8243; img_size=&#8221;full&#8221; alignment=&#8221;center&#8221; qode_css_animation=&#8221;&#8221; css=&#8221;.vc_custom_1507541958954{margin-bottom: 3% !important;}&#8221;][vc_column_text css=&#8221;.vc_custom_1570548445468{margin-top: 5% !important;margin-bottom: 5% !important;padding-right: 25% !important;padding-left: 25% !important;}&#8221;]<\/p>\n<p style=\"font-family: montserrat; font-size: 120%; color: #e4620b; line-height: 120%; text-align: center;\"><strong>Patr\u00f3n e industrializaci\u00f3n<\/strong><\/p>\n<p>\u00a0[\/vc_column_text][\/vc_column][\/vc_row][vc_row css_animation=&#8221;&#8221; row_type=&#8221;row&#8221; use_row_as_full_screen_section=&#8221;no&#8221; type=&#8221;grid&#8221; angled_section=&#8221;no&#8221; text_align=&#8221;left&#8221; background_image_as_pattern=&#8221;without_pattern&#8221; css=&#8221;.vc_custom_1510050308532{padding-bottom: 5% !important;background-color: #f7f6f4 !important;}&#8221;][vc_column width=&#8221;1\/3&#8243; css=&#8221;.vc_custom_1510049687312{margin-bottom: 3% !important;}&#8221;][vc_single_image image=&#8221;1678&#8243; img_size=&#8221;full&#8221; alignment=&#8221;center&#8221; qode_css_animation=&#8221;&#8221; css=&#8221;.vc_custom_1507541963948{margin-bottom: 3% !important;}&#8221;][vc_column_text css=&#8221;.vc_custom_1570548452730{margin-top: 5% !important;margin-bottom: 5% !important;padding-right: 25% !important;padding-left: 25% !important;}&#8221;]<\/p>\n<p style=\"font-family: montserrat; font-size: 120%; color: #e4620b; line-height: 120%; text-align: center;\"><strong>Producci\u00f3n y planificaci\u00f3n<\/strong><\/p>\n<p>\u00a0[\/vc_column_text][\/vc_column][vc_column width=&#8221;1\/3&#8243; css=&#8221;.vc_custom_1510049692983{margin-bottom: 3% !important;}&#8221;][vc_single_image image=&#8221;1648&#8243; img_size=&#8221;full&#8221; alignment=&#8221;center&#8221; qode_css_animation=&#8221;&#8221; css=&#8221;.vc_custom_1507541968833{margin-bottom: 3% !important;}&#8221;][vc_column_text css=&#8221;.vc_custom_1570548460674{margin-top: 5% !important;margin-bottom: 5% !important;padding-right: 20% !important;padding-left: 20% !important;}&#8221;]<\/p>\n<p style=\"font-family: montserrat; font-size: 120%; color: #e4620b; line-height: 120%; text-align: center;\"><strong>Control y garant\u00eda de calidad<\/strong><\/p>\n<p>\u00a0[\/vc_column_text][\/vc_column][vc_column width=&#8221;1\/3&#8243;][\/vc_column][\/vc_row][vc_row css_animation=&#8221;&#8221; row_type=&#8221;row&#8221; use_row_as_full_screen_section=&#8221;no&#8221; type=&#8221;full_width&#8221; angled_section=&#8221;no&#8221; text_align=&#8221;left&#8221; background_image_as_pattern=&#8221;without_pattern&#8221;][vc_column][vc_empty_space height=&#8221;40px&#8221;][\/vc_column][\/vc_row]<\/p>\n","protected":false},"excerpt":{"rendered":"<p>[vc_row css_animation=&#8221;&#8221; row_type=&#8221;row&#8221; use_row_as_full_screen_section=&#8221;no&#8221; type=&#8221;full_width&#8221; angled_section=&#8221;no&#8221; text_align=&#8221;left&#8221; background_image_as_pattern=&#8221;without_pattern&#8221; css=&#8221;.vc_custom_1507535201883{padding-right: 47px !important;padding-left: 47px !important;}&#8221;][vc_column css=&#8221;.vc_custom_1507535223434{margin-bottom: 5% !important;}&#8221; offset=&#8221;vc_hidden-sm vc_hidden-xs&#8221;][layerslider_vc id=&#8221;41&#8243;][\/vc_column][\/vc_row][vc_row css_animation=&#8221;&#8221; row_type=&#8221;row&#8221; use_row_as_full_screen_section=&#8221;no&#8221; type=&#8221;full_width&#8221; angled_section=&#8221;no&#8221; text_align=&#8221;left&#8221; background_image_as_pattern=&#8221;without_pattern&#8221; css=&#8221;.vc_custom_1507535284354{padding-right: 10px !important;padding-left: 10px !important;}&#8221;][vc_column css=&#8221;.vc_custom_1507535267722{margin-bottom: 5% !important;}&#8221; offset=&#8221;vc_hidden-lg vc_hidden-md&#8221;][layerslider_vc id=&#8221;41&#8243;][\/vc_column][\/vc_row][vc_row css_animation=&#8221;&#8221; row_type=&#8221;row&#8221; use_row_as_full_screen_section=&#8221;no&#8221; type=&#8221;grid&#8221; angled_section=&#8221;no&#8221; text_align=&#8221;left&#8221; background_image_as_pattern=&#8221;without_pattern&#8221;][vc_column][vc_column_text css=&#8221;.vc_custom_1512132753103{margin-bottom:&#8230;<\/p>\n","protected":false},"author":1,"featured_media":0,"parent":0,"menu_order":0,"comment_status":"closed","ping_status":"closed","template":"full_width.php","meta":{"footnotes":""},"class_list":["post-326","page","type-page","status-publish","hentry"],"aioseo_notices":[],"_links":{"self":[{"href":"https:\/\/matgroup.com\/index.php\/wp-json\/wp\/v2\/pages\/326","targetHints":{"allow":["GET"]}}],"collection":[{"href":"https:\/\/matgroup.com\/index.php\/wp-json\/wp\/v2\/pages"}],"about":[{"href":"https:\/\/matgroup.com\/index.php\/wp-json\/wp\/v2\/types\/page"}],"author":[{"embeddable":true,"href":"https:\/\/matgroup.com\/index.php\/wp-json\/wp\/v2\/users\/1"}],"replies":[{"embeddable":true,"href":"https:\/\/matgroup.com\/index.php\/wp-json\/wp\/v2\/comments?post=326"}],"version-history":[{"count":73,"href":"https:\/\/matgroup.com\/index.php\/wp-json\/wp\/v2\/pages\/326\/revisions"}],"predecessor-version":[{"id":4539,"href":"https:\/\/matgroup.com\/index.php\/wp-json\/wp\/v2\/pages\/326\/revisions\/4539"}],"wp:attachment":[{"href":"https:\/\/matgroup.com\/index.php\/wp-json\/wp\/v2\/media?parent=326"}],"curies":[{"name":"wp","href":"https:\/\/api.w.org\/{rel}","templated":true}]}}