{"id":327,"date":"2017-07-05T13:57:04","date_gmt":"2017-07-05T12:57:04","guid":{"rendered":"http:\/\/matgroup.com\/index2.php\/index.php\/technologies"},"modified":"2020-05-25T12:26:28","modified_gmt":"2020-05-25T11:26:28","slug":"technologies","status":"publish","type":"page","link":"https:\/\/matgroup.com\/index.php\/technologies?lang=ca","title":{"rendered":"tecnologies"},"content":{"rendered":"<p>[vc_row css_animation=&#8221;&#8221; row_type=&#8221;row&#8221; use_row_as_full_screen_section=&#8221;no&#8221; type=&#8221;full_width&#8221; angled_section=&#8221;no&#8221; text_align=&#8221;left&#8221; background_image_as_pattern=&#8221;without_pattern&#8221; css=&#8221;.vc_custom_1504864010325{padding-right: 47px !important;padding-left: 47px !important;}&#8221;][vc_column css=&#8221;.vc_custom_1506606003251{margin-bottom: 5% !important;}&#8221; offset=&#8221;vc_hidden-sm vc_hidden-xs&#8221;][layerslider_vc id=&#8221;54&#8243;][\/vc_column][\/vc_row][vc_row css_animation=&#8221;&#8221; row_type=&#8221;row&#8221; use_row_as_full_screen_section=&#8221;no&#8221; type=&#8221;full_width&#8221; angled_section=&#8221;no&#8221; text_align=&#8221;left&#8221; background_image_as_pattern=&#8221;without_pattern&#8221; css=&#8221;.vc_custom_1506606019572{padding-right: 10px !important;padding-left: 10px !important;}&#8221;][vc_column css=&#8221;.vc_custom_1506606010853{margin-bottom: 5% !important;}&#8221; offset=&#8221;vc_hidden-lg vc_hidden-md&#8221;][layerslider_vc id=&#8221;54&#8243;][\/vc_column][\/vc_row][vc_row css_animation=&#8221;&#8221; row_type=&#8221;row&#8221; use_row_as_full_screen_section=&#8221;no&#8221; type=&#8221;grid&#8221; angled_section=&#8221;no&#8221; text_align=&#8221;left&#8221; background_image_as_pattern=&#8221;without_pattern&#8221; css=&#8221;.vc_custom_1507109209044{margin-bottom: 5% !important;}&#8221;][vc_column][vc_column_text]<\/p>\n<p style=\"font-size: 120%; line-height: 130%; font-family: montserrat; text-align: center; color: #5f574e;\">Totes les tecnologies desenvolupades per MAT Group tenen un historial d\u2019enginyeria en com\u00fa. No obstant, representen l&#8217;encreuament de la tecnologia amb les necessitats di\u00e0ries de la vida real quant a seguretat passiva, indument\u00e0ria t\u00e8cnica i comunicaci\u00f3 mans lliures.<\/p>\n<p>[\/vc_column_text][\/vc_column][\/vc_row][vc_row css_animation=&#8221;&#8221; row_type=&#8221;row&#8221; use_row_as_full_screen_section=&#8221;no&#8221; type=&#8221;grid&#8221; angled_section=&#8221;no&#8221; text_align=&#8221;left&#8221; background_image_as_pattern=&#8221;without_pattern&#8221; css=&#8221;.vc_custom_1570456805337{margin-top: 3% !important;}&#8221; z_index=&#8221;&#8221;][vc_column width=&#8221;1\/3&#8243; css=&#8221;.vc_custom_1510567640250{margin-bottom: 5% !important;padding-top: 3% !important;}&#8221;][vc_single_image image=&#8221;174&#8243; img_size=&#8221;medium&#8221; alignment=&#8221;center&#8221; onclick=&#8221;custom_link&#8221; qode_css_animation=&#8221;&#8221; qode_hover_animation=&#8221;zoom_in&#8221; css=&#8221;.vc_custom_1512475479321{padding-bottom: 2% !important;}&#8221; link=&#8221;\/index.php\/technologies\/m-forge?lang=ca&#8221;][vc_separator type=&#8221;small&#8221; position=&#8221;center&#8221; width_in_percentages=&#8221;yes&#8221; color=&#8221;#cdc7bc&#8221; thickness=&#8221;3&#8243; width=&#8221;10&#8243;][vc_column_text css=&#8221;.vc_custom_1512401319309{margin-right: 18% !important;margin-left: 18% !important;}&#8221;]<\/p>\n<p style=\"text-align: center; color: #002e3d; font-size: 14px;\">El material compost m\u00e9s vers\u00e0til per a estructures de capa dura.<\/p>\n<p>[\/vc_column_text][vc_column_text css=&#8221;.vc_custom_1548154621707{padding-top: 5% !important;padding-bottom: 5% !important;}&#8221;]<\/p>\n<p style=\"text-align: center; letter-spacing: 2px; font-weight: 400;\"><u><a href=\"https:\/\/matgroup.com\/index.php\/technologies\/m-forge\">Llegir m\u00e9s<\/a><\/u><\/p>\n<p>[\/vc_column_text][\/vc_column][vc_column width=&#8221;1\/3&#8243; css=&#8221;.vc_custom_1510567515364{margin-top: 1% !important;}&#8221;][vc_single_image image=&#8221;177&#8243; img_size=&#8221;medium&#8221; alignment=&#8221;center&#8221; onclick=&#8221;custom_link&#8221; qode_css_animation=&#8221;&#8221; qode_hover_animation=&#8221;zoom_in&#8221; css=&#8221;.vc_custom_1548154866217{padding-bottom: 2% !important;}&#8221; link=&#8221;\/index.php\/technologies\/air-cradle?lang=ca&#8221;][vc_separator type=&#8221;small&#8221; position=&#8221;center&#8221; width_in_percentages=&#8221;yes&#8221; color=&#8221;#cdc7bc&#8221; thickness=&#8221;3&#8243; width=&#8221;10&#8243;][vc_column_text css=&#8221;.vc_custom_1512475321819{margin-right: 18% !important;margin-left: 18% !important;}&#8221;]<\/p>\n<p style=\"text-align: center; color: #002e3d; font-size: 14px;\">La tecnologia m\u00e9s c\u00f2moda i adaptable per a interiors de cascos.<\/p>\n<p>[\/vc_column_text][vc_column_text css=&#8221;.vc_custom_1548154606481{padding-top: 5% !important;padding-bottom: 5% !important;}&#8221;]<\/p>\n<p style=\"text-align: center; letter-spacing: 2px; font-weight: 400;\"><u><a href=\"https:\/\/matgroup.com\/index.php\/technologies\/air-cradle\">Llegir m\u00e9s<\/a><\/u><\/p>\n<p>[\/vc_column_text][\/vc_column][vc_column width=&#8221;1\/3&#8243; css=&#8221;.vc_custom_1510567140545{margin-bottom: 3% !important;}&#8221;][vc_single_image image=&#8221;180&#8243; img_size=&#8221;medium&#8221; alignment=&#8221;center&#8221; onclick=&#8221;custom_link&#8221; qode_css_animation=&#8221;&#8221; qode_hover_animation=&#8221;zoom_in&#8221; css=&#8221;.vc_custom_1512475485936{padding-bottom: 2% !important;}&#8221; link=&#8221;\/index.php\/technologies\/m-clima?lang=ca&#8221;][vc_separator type=&#8221;small&#8221; position=&#8221;center&#8221; width_in_percentages=&#8221;yes&#8221; color=&#8221;#cdc7bc&#8221; thickness=&#8221;3&#8243; width=&#8221;10&#8243;][vc_column_text css=&#8221;.vc_custom_1512401346168{margin-right: 15% !important;margin-left: 15% !important;}&#8221;]<\/p>\n<p style=\"text-align: center; color: #002e3d; font-size: 14px;\">L&#8217;\u00fanic sistema flexible i de resposta r\u00e0pida per a la gesti\u00f3 de temperatura en motociclisme.<\/p>\n<p>[\/vc_column_text][vc_column_text css=&#8221;.vc_custom_1548154633281{padding-top: 5% !important;padding-bottom: 5% !important;}&#8221;]<\/p>\n<p style=\"text-align: center; letter-spacing: 2px; font-weight: 400;\"><u><a href=\"https:\/\/matgroup.com\/index.php\/technologies\/m-clima\">Llegir m\u00e9s<\/a><\/u><\/p>\n<p>[\/vc_column_text][\/vc_column][\/vc_row][vc_row css_animation=&#8221;&#8221; row_type=&#8221;row&#8221; use_row_as_full_screen_section=&#8221;no&#8221; type=&#8221;grid&#8221; angled_section=&#8221;no&#8221; text_align=&#8221;left&#8221; background_image_as_pattern=&#8221;without_pattern&#8221; css=&#8221;.vc_custom_1508488431360{margin-top: 3% !important;margin-bottom: 3% !important;}&#8221;][vc_column width=&#8221;1\/3&#8243; css=&#8221;.vc_custom_1510567373988{margin-bottom: 1% !important;}&#8221;][vc_single_image image=&#8221;184&#8243; img_size=&#8221;medium&#8221; alignment=&#8221;center&#8221; onclick=&#8221;custom_link&#8221; img_link_target=&#8221;_blank&#8221; qode_css_animation=&#8221;&#8221; qode_hover_animation=&#8221;zoom_in&#8221; css=&#8221;.vc_custom_1507204553275{padding-bottom: 2% !important;}&#8221; link=&#8221;\/\/www.twiins.com\/&#8221;][vc_separator type=&#8221;small&#8221; position=&#8221;center&#8221; width_in_percentages=&#8221;yes&#8221; color=&#8221;#cdc7bc&#8221; thickness=&#8221;3&#8243; width=&#8221;10&#8243;][vc_column_text css=&#8221;.vc_custom_1512990889493{margin-right: 18% !important;margin-left: 18% !important;}&#8221;]<\/p>\n<p style=\"text-align: center; color: #002e3d; font-size: 14px;\">Sistema mans lliures completament integrat en el teu casc<\/p>\n<p>[\/vc_column_text][vc_column_text css=&#8221;.vc_custom_1548154647793{padding-top: 5% !important;padding-bottom: 5% !important;}&#8221;]<\/p>\n<p style=\"text-align: center; letter-spacing: 2px; font-weight: 400;\"><u><a href=\"\/\/www.twiins.com\/\" target=\"_blank\" rel=\"noopener noreferrer\">Visitar web<\/a><\/u><\/p>\n<p>[\/vc_column_text][\/vc_column][vc_column width=&#8221;1\/3&#8243; css=&#8221;.vc_custom_1510567160693{margin-bottom: 3% !important;}&#8221;][vc_single_image image=&#8221;2786&#8243; img_size=&#8221;medium&#8221; alignment=&#8221;center&#8221; onclick=&#8221;custom_link&#8221; qode_css_animation=&#8221;&#8221; qode_hover_animation=&#8221;zoom_in&#8221; css=&#8221;.vc_custom_1512475516656{padding-bottom: 2% !important;}&#8221; link=&#8221;\/index.php\/technologies\/corium?lang=ca&#8221;][vc_separator type=&#8221;small&#8221; position=&#8221;center&#8221; width_in_percentages=&#8221;yes&#8221; color=&#8221;#cdc7bc&#8221; thickness=&#8221;3&#8243; width=&#8221;10&#8243;][vc_column_text css=&#8221;.vc_custom_1512401380752{margin-right: 18% !important;margin-left: 18% !important;}&#8221;]<\/p>\n<p style=\"text-align: center; color: #002e3d; font-size: 14px;\">Pell transpirable, impermeable i tallavent<\/p>\n<p>[\/vc_column_text][vc_column_text css=&#8221;.vc_custom_1548154658624{padding-top: 5% !important;padding-bottom: 5% !important;}&#8221;]<\/p>\n<p style=\"text-align: center; letter-spacing: 2px; font-weight: 400;\"><u><a href=\"https:\/\/matgroup.com\/index.php\/technologies\/corium\">Llegir m\u00e9s<\/a><\/u><\/p>\n<p>[\/vc_column_text][\/vc_column][vc_column width=&#8221;1\/3&#8243;][vc_single_image image=&#8221;4831&#8243; img_size=&#8221;medium&#8221; alignment=&#8221;center&#8221; onclick=&#8221;custom_link&#8221; qode_css_animation=&#8221;&#8221; qode_hover_animation=&#8221;zoom_in&#8221; css=&#8221;.vc_custom_1590405955059{padding-bottom: 2% !important;}&#8221;][vc_separator type=&#8221;small&#8221; position=&#8221;center&#8221; width_in_percentages=&#8221;yes&#8221; color=&#8221;#cdc7bc&#8221; thickness=&#8221;3&#8243; width=&#8221;10&#8243;][vc_column_text css=&#8221;.vc_custom_1590405970915{margin-right: 18% !important;margin-left: 18% !important;}&#8221;]<\/p>\n<p style=\"text-align: center; color: #002e3d; font-size: 14px;\">Innovaci\u00f3 en lents disruptiva i d\u2019alt rendiment.<\/p>\n<p>[\/vc_column_text][vc_column_text css=&#8221;.vc_custom_1590405986597{padding-top: 5% !important;padding-bottom: 5% !important;}&#8221;]<\/p>\n<p style=\"text-align: center; letter-spacing: 2px; font-weight: 400;\"><u>Properament&#8230;<\/u><\/p>\n<p>[\/vc_column_text][\/vc_column][\/vc_row]<\/p>\n","protected":false},"excerpt":{"rendered":"<p>[vc_row css_animation=&#8221;&#8221; row_type=&#8221;row&#8221; use_row_as_full_screen_section=&#8221;no&#8221; type=&#8221;full_width&#8221; angled_section=&#8221;no&#8221; text_align=&#8221;left&#8221; background_image_as_pattern=&#8221;without_pattern&#8221; css=&#8221;.vc_custom_1504864010325{padding-right: 47px !important;padding-left: 47px !important;}&#8221;][vc_column css=&#8221;.vc_custom_1506606003251{margin-bottom: 5% !important;}&#8221; offset=&#8221;vc_hidden-sm vc_hidden-xs&#8221;][layerslider_vc id=&#8221;54&#8243;][\/vc_column][\/vc_row][vc_row css_animation=&#8221;&#8221; row_type=&#8221;row&#8221; use_row_as_full_screen_section=&#8221;no&#8221; type=&#8221;full_width&#8221; angled_section=&#8221;no&#8221; text_align=&#8221;left&#8221; background_image_as_pattern=&#8221;without_pattern&#8221; css=&#8221;.vc_custom_1506606019572{padding-right: 10px !important;padding-left: 10px !important;}&#8221;][vc_column css=&#8221;.vc_custom_1506606010853{margin-bottom: 5% !important;}&#8221; offset=&#8221;vc_hidden-lg vc_hidden-md&#8221;][layerslider_vc id=&#8221;54&#8243;][\/vc_column][\/vc_row][vc_row css_animation=&#8221;&#8221; row_type=&#8221;row&#8221; use_row_as_full_screen_section=&#8221;no&#8221; type=&#8221;grid&#8221; angled_section=&#8221;no&#8221; text_align=&#8221;left&#8221; background_image_as_pattern=&#8221;without_pattern&#8221; css=&#8221;.vc_custom_1507109209044{margin-bottom:&#8230;<\/p>\n","protected":false},"author":1,"featured_media":0,"parent":0,"menu_order":0,"comment_status":"closed","ping_status":"closed","template":"full_width.php","meta":{"footnotes":""},"class_list":["post-327","page","type-page","status-publish","hentry"],"aioseo_notices":[],"_links":{"self":[{"href":"https:\/\/matgroup.com\/index.php\/wp-json\/wp\/v2\/pages\/327","targetHints":{"allow":["GET"]}}],"collection":[{"href":"https:\/\/matgroup.com\/index.php\/wp-json\/wp\/v2\/pages"}],"about":[{"href":"https:\/\/matgroup.com\/index.php\/wp-json\/wp\/v2\/types\/page"}],"author":[{"embeddable":true,"href":"https:\/\/matgroup.com\/index.php\/wp-json\/wp\/v2\/users\/1"}],"replies":[{"embeddable":true,"href":"https:\/\/matgroup.com\/index.php\/wp-json\/wp\/v2\/comments?post=327"}],"version-history":[{"count":80,"href":"https:\/\/matgroup.com\/index.php\/wp-json\/wp\/v2\/pages\/327\/revisions"}],"predecessor-version":[{"id":4841,"href":"https:\/\/matgroup.com\/index.php\/wp-json\/wp\/v2\/pages\/327\/revisions\/4841"}],"wp:attachment":[{"href":"https:\/\/matgroup.com\/index.php\/wp-json\/wp\/v2\/media?parent=327"}],"curies":[{"name":"wp","href":"https:\/\/api.w.org\/{rel}","templated":true}]}}