{"id":328,"date":"2017-07-05T13:57:04","date_gmt":"2017-07-05T12:57:04","guid":{"rendered":"http:\/\/matgroup.com\/index2.php\/index.php\/technologies"},"modified":"2020-05-25T12:24:58","modified_gmt":"2020-05-25T11:24:58","slug":"technologies","status":"publish","type":"page","link":"https:\/\/matgroup.com\/index.php\/technologies?lang=es","title":{"rendered":"tecnolog\u00edas"},"content":{"rendered":"<p>[vc_row css_animation=&#8221;&#8221; row_type=&#8221;row&#8221; use_row_as_full_screen_section=&#8221;no&#8221; type=&#8221;full_width&#8221; angled_section=&#8221;no&#8221; text_align=&#8221;left&#8221; background_image_as_pattern=&#8221;without_pattern&#8221; css=&#8221;.vc_custom_1504864010325{padding-right: 47px !important;padding-left: 47px !important;}&#8221;][vc_column css=&#8221;.vc_custom_1506606003251{margin-bottom: 5% !important;}&#8221; offset=&#8221;vc_hidden-sm vc_hidden-xs&#8221;][layerslider_vc id=&#8221;39&#8243;][\/vc_column][\/vc_row][vc_row css_animation=&#8221;&#8221; row_type=&#8221;row&#8221; use_row_as_full_screen_section=&#8221;no&#8221; type=&#8221;full_width&#8221; angled_section=&#8221;no&#8221; text_align=&#8221;left&#8221; background_image_as_pattern=&#8221;without_pattern&#8221; css=&#8221;.vc_custom_1506606019572{padding-right: 10px !important;padding-left: 10px !important;}&#8221;][vc_column css=&#8221;.vc_custom_1506606010853{margin-bottom: 5% !important;}&#8221; offset=&#8221;vc_hidden-lg vc_hidden-md&#8221;][layerslider_vc id=&#8221;39&#8243;][\/vc_column][\/vc_row][vc_row css_animation=&#8221;&#8221; row_type=&#8221;row&#8221; use_row_as_full_screen_section=&#8221;no&#8221; type=&#8221;grid&#8221; angled_section=&#8221;no&#8221; text_align=&#8221;left&#8221; background_image_as_pattern=&#8221;without_pattern&#8221; css=&#8221;.vc_custom_1507109209044{margin-bottom: 5% !important;}&#8221;][vc_column][vc_column_text]<\/p>\n<p style=\"font-size: 120%; line-height: 130%; font-family: montserrat; text-align: center; color: #5f574e;\">Todas las tecnolog\u00edas desarrolladas por MAT Group tienen un historial de ingenier\u00eda en com\u00fan. Sin embargo, representan el cruce de la tecnolog\u00eda con las necesidades diarias de la vida real en cuanto a seguridad pasiva, indumentaria t\u00e9cnica y comunicaci\u00f3n manos libres.<\/p>\n<p>[\/vc_column_text][\/vc_column][\/vc_row][vc_row css_animation=&#8221;&#8221; row_type=&#8221;row&#8221; use_row_as_full_screen_section=&#8221;no&#8221; type=&#8221;grid&#8221; angled_section=&#8221;no&#8221; text_align=&#8221;left&#8221; background_image_as_pattern=&#8221;without_pattern&#8221; css=&#8221;.vc_custom_1570456848880{margin-top: 3% !important;}&#8221; z_index=&#8221;&#8221;][vc_column width=&#8221;1\/3&#8243; css=&#8221;.vc_custom_1510567640250{margin-bottom: 5% !important;padding-top: 3% !important;}&#8221;][vc_single_image image=&#8221;175&#8243; img_size=&#8221;medium&#8221; alignment=&#8221;center&#8221; onclick=&#8221;custom_link&#8221; qode_css_animation=&#8221;&#8221; qode_hover_animation=&#8221;zoom_in&#8221; css=&#8221;.vc_custom_1512473527575{padding-bottom: 2% !important;}&#8221; link=&#8221;\/index.php\/technologies\/m-forge?lang=es&#8221;][vc_separator type=&#8221;small&#8221; position=&#8221;center&#8221; width_in_percentages=&#8221;yes&#8221; color=&#8221;#cdc7bc&#8221; thickness=&#8221;3&#8243; width=&#8221;10&#8243;][vc_column_text css=&#8221;.vc_custom_1512133145948{margin-right: 18% !important;margin-left: 18% !important;}&#8221;]<\/p>\n<p style=\"text-align: center; color: #002e3d; font-size: 14px;\">El material compuesto m\u00e1s vers\u00e1til para estructuras de capa dura.<\/p>\n<p>[\/vc_column_text][vc_column_text css=&#8221;.vc_custom_1511371123363{padding-top: 5% !important;padding-bottom: 5% !important;}&#8221;]<\/p>\n<p style=\"text-align: center; letter-spacing: 2px; font-weight: 400;\"><u><a href=\"https:\/\/matgroup.com\/index.php\/technologies\/m-forge\">Leer m\u00e1s<\/a><\/u><\/p>\n<p>[\/vc_column_text][\/vc_column][vc_column width=&#8221;1\/3&#8243; css=&#8221;.vc_custom_1510567515364{margin-top: 1% !important;}&#8221;][vc_single_image image=&#8221;178&#8243; img_size=&#8221;medium&#8221; alignment=&#8221;center&#8221; onclick=&#8221;custom_link&#8221; qode_css_animation=&#8221;&#8221; qode_hover_animation=&#8221;zoom_in&#8221; css=&#8221;.vc_custom_1548155011198{padding-bottom: 2% !important;}&#8221; link=&#8221;technologies\/air-cradle?lang=es&#8221;][vc_separator type=&#8221;small&#8221; position=&#8221;center&#8221; width_in_percentages=&#8221;yes&#8221; color=&#8221;#cdc7bc&#8221; thickness=&#8221;3&#8243; width=&#8221;10&#8243;][vc_column_text css=&#8221;.vc_custom_1512133158842{margin-right: 18% !important;margin-left: 18% !important;}&#8221;]<\/p>\n<p style=\"text-align: center; color: #002e3d; font-size: 14px;\">La tecnolog\u00eda m\u00e1s c\u00f3moda y adaptable para interiores de cascos.<\/p>\n<p>[\/vc_column_text][vc_column_text css=&#8221;.vc_custom_1548154965282{padding-top: 5% !important;padding-bottom: 5% !important;}&#8221;]<\/p>\n<p style=\"text-align: center; letter-spacing: 2px; font-weight: 400;\"><u><a href=\"https:\/\/matgroup.com\/index.php\/technologies\/air-cradle\">Leer m\u00e1s<\/a><\/u><\/p>\n<p>[\/vc_column_text][\/vc_column][vc_column width=&#8221;1\/3&#8243; css=&#8221;.vc_custom_1510567140545{margin-bottom: 3% !important;}&#8221;][vc_single_image image=&#8221;181&#8243; img_size=&#8221;medium&#8221; alignment=&#8221;center&#8221; onclick=&#8221;custom_link&#8221; qode_css_animation=&#8221;&#8221; qode_hover_animation=&#8221;zoom_in&#8221; css=&#8221;.vc_custom_1512473552552{padding-bottom: 2% !important;}&#8221; link=&#8221;\/index.php\/technologies\/m-clima?lang=es&#8221;][vc_separator type=&#8221;small&#8221; position=&#8221;center&#8221; width_in_percentages=&#8221;yes&#8221; color=&#8221;#cdc7bc&#8221; thickness=&#8221;3&#8243; width=&#8221;10&#8243;][vc_column_text css=&#8221;.vc_custom_1511371430339{margin-right: 15% !important;margin-left: 15% !important;}&#8221;]<\/p>\n<p style=\"text-align: center; color: #002e3d; font-size: 14px;\">El \u00fanico sistema flexible y de respuesta r\u00e1pida para la gesti\u00f3n de temperatura en motociclismo.<\/p>\n<p>[\/vc_column_text][vc_column_text css=&#8221;.vc_custom_1511371355991{padding-top: 5% !important;padding-bottom: 5% !important;}&#8221;]<\/p>\n<p style=\"text-align: center; letter-spacing: 2px; font-weight: 400;\"><u><a href=\"https:\/\/matgroup.com\/index.php\/technologies\/m-clima\">Leer m\u00e1s<\/a><\/u><\/p>\n<p>[\/vc_column_text][\/vc_column][\/vc_row][vc_row css_animation=&#8221;&#8221; row_type=&#8221;row&#8221; use_row_as_full_screen_section=&#8221;no&#8221; type=&#8221;grid&#8221; angled_section=&#8221;no&#8221; text_align=&#8221;left&#8221; background_image_as_pattern=&#8221;without_pattern&#8221; css=&#8221;.vc_custom_1508488431360{margin-top: 3% !important;margin-bottom: 3% !important;}&#8221;][vc_column width=&#8221;1\/3&#8243; css=&#8221;.vc_custom_1510567373988{margin-bottom: 1% !important;}&#8221;][vc_single_image image=&#8221;185&#8243; img_size=&#8221;medium&#8221; alignment=&#8221;center&#8221; onclick=&#8221;custom_link&#8221; img_link_target=&#8221;_blank&#8221; qode_css_animation=&#8221;&#8221; qode_hover_animation=&#8221;zoom_in&#8221; css=&#8221;.vc_custom_1507204553275{padding-bottom: 2% !important;}&#8221; link=&#8221;\/\/www.twiins.com\/&#8221;][vc_separator type=&#8221;small&#8221; position=&#8221;center&#8221; width_in_percentages=&#8221;yes&#8221; color=&#8221;#cdc7bc&#8221; thickness=&#8221;3&#8243; width=&#8221;10&#8243;][vc_column_text css=&#8221;.vc_custom_1511371450560{margin-right: 18% !important;margin-left: 18% !important;}&#8221;]<\/p>\n<p style=\"text-align: center; color: #002e3d; font-size: 14px;\">Sistema manos libres completamente integrado en su casco.<\/p>\n<p>[\/vc_column_text][vc_column_text css=&#8221;.vc_custom_1511371369799{padding-top: 5% !important;padding-bottom: 5% !important;}&#8221;]<\/p>\n<p style=\"text-align: center; letter-spacing: 2px; font-weight: 400;\"><u><a href=\"\/\/www.twiins.com\/\" target=\"_blank\" rel=\"noopener noreferrer\">Visitar web<\/a><\/u><\/p>\n<p>[\/vc_column_text][\/vc_column][vc_column width=&#8221;1\/3&#8243; css=&#8221;.vc_custom_1510567160693{margin-bottom: 3% !important;}&#8221;][vc_single_image image=&#8221;2787&#8243; img_size=&#8221;medium&#8221; alignment=&#8221;center&#8221; onclick=&#8221;custom_link&#8221; qode_css_animation=&#8221;&#8221; qode_hover_animation=&#8221;zoom_in&#8221; css=&#8221;.vc_custom_1512473576147{padding-bottom: 2% !important;}&#8221; link=&#8221;\/index.php\/technologies\/corium?lang=es&#8221;][vc_separator type=&#8221;small&#8221; position=&#8221;center&#8221; width_in_percentages=&#8221;yes&#8221; color=&#8221;#cdc7bc&#8221; thickness=&#8221;3&#8243; width=&#8221;10&#8243;][vc_column_text css=&#8221;.vc_custom_1512133190172{margin-right: 18% !important;margin-left: 18% !important;}&#8221;]<\/p>\n<p style=\"text-align: center; color: #002e3d; font-size: 14px;\">Piel transpirable, impermeable y cortaviento.<\/p>\n<p>[\/vc_column_text][vc_column_text css=&#8221;.vc_custom_1511371380796{padding-top: 5% !important;padding-bottom: 5% !important;}&#8221;]<\/p>\n<p style=\"text-align: center; letter-spacing: 2px; font-weight: 400;\"><u><a href=\"https:\/\/matgroup.com\/index.php\/technologies\/corium\">Leer m\u00e1s<\/a><\/u><\/p>\n<p>[\/vc_column_text][\/vc_column][vc_column width=&#8221;1\/3&#8243;][vc_single_image image=&#8221;4832&#8243; img_size=&#8221;medium&#8221; alignment=&#8221;center&#8221; onclick=&#8221;custom_link&#8221; qode_css_animation=&#8221;&#8221; qode_hover_animation=&#8221;zoom_in&#8221; css=&#8221;.vc_custom_1590405855171{padding-bottom: 2% !important;}&#8221;][vc_separator type=&#8221;small&#8221; position=&#8221;center&#8221; width_in_percentages=&#8221;yes&#8221; color=&#8221;#cdc7bc&#8221; thickness=&#8221;3&#8243; width=&#8221;10&#8243;][vc_column_text css=&#8221;.vc_custom_1590405878564{margin-right: 18% !important;margin-left: 18% !important;}&#8221;]<\/p>\n<p style=\"text-align: center; color: #002e3d; font-size: 14px;\">Innovaci\u00f3n en lentes disruptiva y de alto rendimiento.<\/p>\n<p>[\/vc_column_text][vc_column_text css=&#8221;.vc_custom_1590405895000{padding-top: 5% !important;padding-bottom: 5% !important;}&#8221;]<\/p>\n<p style=\"text-align: center; letter-spacing: 2px; font-weight: 400;\"><u>Disponible pronto<\/u><\/p>\n<p>[\/vc_column_text][\/vc_column][\/vc_row]<\/p>\n","protected":false},"excerpt":{"rendered":"<p>[vc_row css_animation=&#8221;&#8221; row_type=&#8221;row&#8221; use_row_as_full_screen_section=&#8221;no&#8221; type=&#8221;full_width&#8221; angled_section=&#8221;no&#8221; text_align=&#8221;left&#8221; background_image_as_pattern=&#8221;without_pattern&#8221; css=&#8221;.vc_custom_1504864010325{padding-right: 47px !important;padding-left: 47px !important;}&#8221;][vc_column css=&#8221;.vc_custom_1506606003251{margin-bottom: 5% !important;}&#8221; offset=&#8221;vc_hidden-sm vc_hidden-xs&#8221;][layerslider_vc id=&#8221;39&#8243;][\/vc_column][\/vc_row][vc_row css_animation=&#8221;&#8221; row_type=&#8221;row&#8221; use_row_as_full_screen_section=&#8221;no&#8221; type=&#8221;full_width&#8221; angled_section=&#8221;no&#8221; text_align=&#8221;left&#8221; background_image_as_pattern=&#8221;without_pattern&#8221; css=&#8221;.vc_custom_1506606019572{padding-right: 10px !important;padding-left: 10px !important;}&#8221;][vc_column css=&#8221;.vc_custom_1506606010853{margin-bottom: 5% !important;}&#8221; offset=&#8221;vc_hidden-lg vc_hidden-md&#8221;][layerslider_vc id=&#8221;39&#8243;][\/vc_column][\/vc_row][vc_row css_animation=&#8221;&#8221; row_type=&#8221;row&#8221; use_row_as_full_screen_section=&#8221;no&#8221; type=&#8221;grid&#8221; angled_section=&#8221;no&#8221; text_align=&#8221;left&#8221; background_image_as_pattern=&#8221;without_pattern&#8221; css=&#8221;.vc_custom_1507109209044{margin-bottom:&#8230;<\/p>\n","protected":false},"author":1,"featured_media":0,"parent":0,"menu_order":0,"comment_status":"closed","ping_status":"closed","template":"full_width.php","meta":{"footnotes":""},"class_list":["post-328","page","type-page","status-publish","hentry"],"aioseo_notices":[],"_links":{"self":[{"href":"https:\/\/matgroup.com\/index.php\/wp-json\/wp\/v2\/pages\/328","targetHints":{"allow":["GET"]}}],"collection":[{"href":"https:\/\/matgroup.com\/index.php\/wp-json\/wp\/v2\/pages"}],"about":[{"href":"https:\/\/matgroup.com\/index.php\/wp-json\/wp\/v2\/types\/page"}],"author":[{"embeddable":true,"href":"https:\/\/matgroup.com\/index.php\/wp-json\/wp\/v2\/users\/1"}],"replies":[{"embeddable":true,"href":"https:\/\/matgroup.com\/index.php\/wp-json\/wp\/v2\/comments?post=328"}],"version-history":[{"count":78,"href":"https:\/\/matgroup.com\/index.php\/wp-json\/wp\/v2\/pages\/328\/revisions"}],"predecessor-version":[{"id":4838,"href":"https:\/\/matgroup.com\/index.php\/wp-json\/wp\/v2\/pages\/328\/revisions\/4838"}],"wp:attachment":[{"href":"https:\/\/matgroup.com\/index.php\/wp-json\/wp\/v2\/media?parent=328"}],"curies":[{"name":"wp","href":"https:\/\/api.w.org\/{rel}","templated":true}]}}