{"id":3393,"date":"2018-05-22T10:44:47","date_gmt":"2018-05-22T09:44:47","guid":{"rendered":"http:\/\/matgroup.com?page_id=3393"},"modified":"2022-10-03T10:54:09","modified_gmt":"2022-10-03T09:54:09","slug":"politica-de-privacitat","status":"publish","type":"page","link":"https:\/\/matgroup.com\/index.php\/politica-de-privacitat?lang=ca","title":{"rendered":"Pol\u00edtica de Privacitat"},"content":{"rendered":"<p>[vc_row css_animation=&#8221;&#8221; row_type=&#8221;row&#8221; use_row_as_full_screen_section=&#8221;no&#8221; type=&#8221;grid&#8221; angled_section=&#8221;no&#8221; text_align=&#8221;left&#8221; background_image_as_pattern=&#8221;without_pattern&#8221; el_id=&#8221;avislegal&#8221;][vc_column][vc_column_text]<\/p>\n<h1>POL\u00cdTICA DE PRIVACITAT<\/h1>\n<p>&nbsp;<\/p>\n<p>La confidencialitat i la seguretat s\u00f3n valors primordials de MAT GROUP i, en conseq\u00fc\u00e8ncia, assumim el comprom\u00eds de garantir la privacitat de l&#8217;usuari a tot moment i de no recaptar informaci\u00f3 innecess\u00e0ria sobre l&#8217;Usuari. A continuaci\u00f3, li proporcionem tota la informaci\u00f3 necess\u00e0ria sobre la nostra Pol\u00edtica de Privadesa en relaci\u00f3 amb les dades personals que recaptem, explicant-li:<\/p>\n<p>&nbsp;<\/p>\n<ul>\n<li>Qui \u00e9s el responsable del tractament de les seves dades.<\/li>\n<li>Per quines finalitats recaptem les dades que li sol\u00b7licitem.<\/li>\n<li>Quina \u00e9s la legitimaci\u00f3 per al seu tractament.<\/li>\n<li>Durant quant temps les conservem.<\/li>\n<li>A quins destinataris es comuniquen les seves dades.<\/li>\n<li>Quins s\u00f3n els seus drets.<\/li>\n<\/ul>\n<p>&nbsp;<\/p>\n<p>&nbsp;<\/p>\n<h2>1. Responsable:<\/h2>\n<p>&nbsp;<\/p>\n<p style=\"padding-left: 40px;\">MAT PRODUCT and TECHNOLOGY SL (B65847246)<br \/>\nPassatge de Marie Qurie 3, nau 6<br \/>\n08223, Terrassa (Barcelona)<br \/>\n<a href=\"mailto:lopd@matgroup.com\">lopd@matgroup.com<\/a>.<\/p>\n<p>&nbsp;<\/p>\n<p>&nbsp;<\/p>\n<h2>2. Finalitats, legitimaci\u00f3 i conservaci\u00f3 dels tractaments de les dades enviades a trav\u00e9s de:<\/h2>\n<p>&nbsp;<\/p>\n<ul>\n<li>FORMULARI DE CONTACTE.<br \/>\n<strong>Finalitat<\/strong>: Facilitar-li un mitj\u00e0 perqu\u00e8 pugui posar-se en contacte amb nosaltres i contestar a les seves sol\u00b7licituds d&#8217;informaci\u00f3, aix\u00ed com enviar-li comunicacions dels nostres productes, serveis i activitats, inclusivament per mitjans electr\u00f2nics, si marca la casella d&#8217;acceptaci\u00f3.<br \/>\n<strong>Legitimaci\u00f3<\/strong>: El consentiment de l&#8217;usuari en sol\u00b7licitar-nos informaci\u00f3 a trav\u00e9s del nostre formulari de contactes i en marcar la casella d&#8217;acceptaci\u00f3 d&#8217;enviament d&#8217;informaci\u00f3.<br \/>\n<strong>Conservaci\u00f3<\/strong>: Una vegada resolta la seva sol\u00b7licitud per mitj\u00e0 del nostre formulari o contestada per correu electr\u00f2nic, si no ha generat un nou tractament, i en cas d&#8217;haver acceptat rebre enviaments comercials, fins que sol\u00b7liciti la baixa d&#8217;aquests.<\/li>\n<\/ul>\n<p>&nbsp;<\/p>\n<ul>\n<li>ENVIAMENT DE CORREUS ELECTR\u00d2NICS.<br \/>\n<strong>Finalitat<\/strong>: Contestar a les seves sol\u00b7licituds d&#8217;informaci\u00f3, atendre les seves peticions i respondre les seves consultes o dubtes.<br \/>\n<strong>Legitimaci\u00f3<\/strong>: El consentiment de l&#8217;usuari en sol\u00b7licitar-nos informaci\u00f3 a trav\u00e9s de l&#8217;adre\u00e7a de correu electr\u00f2nic.<br \/>\n<strong>Conservaci\u00f3<\/strong>: Una vegada resolta la seva petici\u00f3 per correu electr\u00f2nic, si no ha generat un nou tractament.<\/li>\n<\/ul>\n<p>&nbsp;<\/p>\n<ul>\n<li>ENVIAMENT DEL CURR\u00cdCULUM VITAE PER CORREU ELECTR\u00d2NIC O MITJAN\u00c7ANT EL FORMULARI APLICAR.<br \/>\n<strong>Finalitat<\/strong>: Disposar del seu curr\u00edculum per participar en els nostres processos de selecci\u00f3 de personal.<br \/>\n<strong>Legitimaci\u00f3<\/strong>: El consentiment de l&#8217;usuari en remetre&#8217;ns la seva informaci\u00f3 personal i curr\u00edculum per als nostres processos de selecci\u00f3 de personal.<br \/>\n<strong>Conservaci\u00f3<\/strong>: Durant el desenvolupament dels processos de selecci\u00f3 de personal oberts i durant 1 any per a futurs processos.<\/li>\n<\/ul>\n<p>&nbsp;<\/p>\n<ul>\n<li>SUBSCRIPCI\u00d3 A NOSTRA NEWSLETTER<br \/>\n<strong>Finalitat<\/strong>: Enviament del nostre butllet\u00ed comercial i de comunicacions informatives i publicit\u00e0ries sobre els nostres productes o serveis que siguin del seu inter\u00e8s, fins i tot per mitjans electr\u00f2nics.<br \/>\n<strong>Legitimaci\u00f3<\/strong>: El consentiment de l&#8217;usuari en subscriure&#8217;s als nostres enviaments comercials i\/o newsletters.<br \/>\n<strong>Conservaci\u00f3<\/strong>: Fins que l&#8217;interessat rebutgi el consentiment i sol\u00b7liciti la baixa del servei.<\/li>\n<\/ul>\n<p>&nbsp;<\/p>\n<p>&nbsp;<\/p>\n<h2>Obligaci\u00f3 de facilitar-nos les seves dades personals i conseq\u00fc\u00e8ncies de no fer-ho.<\/h2>\n<p>&nbsp;<\/p>\n<p>El subministrament de dades personals requereix una edat m\u00ednima de 14 anys, o si escau, disposar de capacitat jur\u00eddica suficient per contractar.<br \/>\nLes dades personals sol\u00b7licitades s\u00f3n necess\u00e0ries per gestionar les seves sol\u00b7licituds i\/o prestar-li els serveis que pugui contractar, per la qual cosa, si no ens les facilita, no podrem atendre-li correctament ni prestar-li el servei que ha sol\u00b7licitat.<\/p>\n<p>&nbsp;<\/p>\n<p>&nbsp;<\/p>\n<h2>3. Destinataris de les seves dades<\/h2>\n<p>&nbsp;<\/p>\n<p>Les seves dades s\u00f3n confidencials i no se cediran a tercers, tret que existeixi obligaci\u00f3 legal.<\/p>\n<p>&nbsp;<\/p>\n<p>&nbsp;<\/p>\n<h2>4. Drets en relaci\u00f3 amb les seves dades personals<\/h2>\n<p>&nbsp;<\/p>\n<p>Qualsevol persona pot retirar el seu consentiment en qualsevol moment, quan el mateix s&#8217;hagi atorgat per al tractament de les seves dades. En cap cas, la retirada d&#8217;aquest consentiment condiciona l&#8217;execuci\u00f3 del contracte de subscripci\u00f3 o les relacions generades amb anterioritat.<\/p>\n<p>&nbsp;<\/p>\n<p>Igualment, pot exercir els seg\u00fcents drets:<\/p>\n<p>&nbsp;<\/p>\n<ul>\n<li>Sol\u00b7licitar l&#8217;acc\u00e9s a les seves dades personals o la seva rectificaci\u00f3 quan siguin inexactes.<\/li>\n<li>Sol\u00b7licitar la seva supressi\u00f3 quan, entre altres motius, les dades ja no siguin necessaris per a les finalitats pels quals van ser recollits.<\/li>\n<li>Sol\u00b7licitar la limitaci\u00f3 del seu tractament en determinades circumst\u00e0ncies.<\/li>\n<li>Sol\u00b7licitar l&#8217;oposici\u00f3 al tractament de les seves dades per motius relacionats amb la seva situaci\u00f3 particular.<\/li>\n<li>Sol\u00b7licitar la portabilitat de les dades en els casos previstos en la normativa.<\/li>\n<li>Altres drets reconeguts en les normatives aplicables.<\/li>\n<\/ul>\n<p>&nbsp;<\/p>\n<p>On i com sol\u00b7licitar els seus Drets: Mitjan\u00e7ant un escrit dirigit al responsable a la seva adre\u00e7a postal o electr\u00f2nica (indicades a l&#8217;apartat A), indicant la referencia &#8220;Dades Personals&#8221;, especificant el dret que es vol exercir i respecte a quines dades personals.<\/p>\n<p>&nbsp;<\/p>\n<p>En cas de diverg\u00e8ncies amb l&#8217;empresa en relaci\u00f3 al tractament de les seves dades, pot presentar una reclamaci\u00f3 davant l&#8217;Autoritat de Protecci\u00f3 de Dades (<a href=\"http:\/\/www.agpd.es\" target=\"_blank\" rel=\"noopener\">www.agpd.es<\/a>).<\/p>\n<p>&nbsp;<\/p>\n<p>&nbsp;<\/p>\n<h2>5. Cookies<\/h2>\n<p>&nbsp;<\/p>\n<p>Aquesta p\u00e0gina web, \u00fanicament utilitza cookies t\u00e8cniques, de personalitzaci\u00f3 i an\u00e0lisi, pr\u00f2pies i de tercers, que en cap cas tracten dades de car\u00e0cter personal ni capten h\u00e0bits de navegaci\u00f3 per a finalitats publicit\u00e0ries.<\/p>\n<p>&nbsp;<\/p>\n<p>Per aix\u00f2, en accedir a la nostra web, en compliment de l&#8217;article 22 de la Llei de Serveis de la Societat de la Informaci\u00f3, en tractar cookies d&#8217;an\u00e0lisi, li hem sol\u00b7licitat el seu consentiment per al seu \u00fas i facilitat informaci\u00f3 d&#8217;aquestes, que en tot cas s&#8217;instal\u00b7laran passat un termini de temps prudencial perqu\u00e8 l&#8217;usuari tingui temps de decidir prestar el seu consentiment o no.<\/p>\n<p>&nbsp;<\/p>\n<p>&nbsp;<\/p>\n<h2>6. Seguretat de les seves dades personals<\/h2>\n<p>&nbsp;<\/p>\n<p>Amb l&#8217;objectiu de salvaguardar la seguretat de les seves dades personals, l&#8217;informem que hem adoptat totes les mesures d&#8217;\u00edndole t\u00e8cnica i organitzativa necess\u00e0ries per garantir la seguretat de les dades personals subministrades de la seva alteraci\u00f3, p\u00e8rdua, i tractaments o accessos no autoritzats.<\/p>\n<p>&nbsp;<\/p>\n<p>&nbsp;<\/p>\n<h2>7. Actualitzaci\u00f3 de les seves dades<\/h2>\n<p>&nbsp;<\/p>\n<p>\u00c9s important que perqu\u00e8 puguem mantenir les seves dades personals actualitzades, ens informi sempre que hi hagi hagut alguna modificaci\u00f3 en elles, en cas contrari, no responem de la veracitat d&#8217;aquestes.<\/p>\n<p>&nbsp;<\/p>\n<p>No ens fem responsables de la pol\u00edtica de privadesa respecte a les dades personals que pugui facilitar a tercers per mitj\u00e0 dels enlla\u00e7os disponibles a la nostra p\u00e0gina web.<\/p>\n<p>&nbsp;<\/p>\n<p>La present Pol\u00edtica de Privadesa pot ser modificada per adaptar-la als canvis que es produeixin a la nostra web, aix\u00ed com modificacions legislatives o jurisprudencials sobre dades personals que vagin apareixent, per la qual cosa exigeix la seva lectura, cada vegada que ens faciliti les seves dades a trav\u00e9s d&#8217;aquesta Web.[\/vc_column_text][\/vc_column][\/vc_row]<\/p>\n","protected":false},"excerpt":{"rendered":"<p>[vc_row css_animation=&#8221;&#8221; row_type=&#8221;row&#8221; use_row_as_full_screen_section=&#8221;no&#8221; type=&#8221;grid&#8221; angled_section=&#8221;no&#8221; text_align=&#8221;left&#8221; background_image_as_pattern=&#8221;without_pattern&#8221; el_id=&#8221;avislegal&#8221;][vc_column][vc_column_text] POL\u00cdTICA DE PRIVACITAT &nbsp; La confidencialitat i la seguretat s\u00f3n valors primordials de MAT GROUP i, en conseq\u00fc\u00e8ncia, assumim el comprom\u00eds de garantir la privacitat de l&#8217;usuari a tot moment i de no recaptar informaci\u00f3 innecess\u00e0ria&#8230;<\/p>\n","protected":false},"author":1,"featured_media":0,"parent":0,"menu_order":0,"comment_status":"closed","ping_status":"closed","template":"","meta":{"footnotes":""},"class_list":["post-3393","page","type-page","status-publish","hentry"],"aioseo_notices":[],"_links":{"self":[{"href":"https:\/\/matgroup.com\/index.php\/wp-json\/wp\/v2\/pages\/3393","targetHints":{"allow":["GET"]}}],"collection":[{"href":"https:\/\/matgroup.com\/index.php\/wp-json\/wp\/v2\/pages"}],"about":[{"href":"https:\/\/matgroup.com\/index.php\/wp-json\/wp\/v2\/types\/page"}],"author":[{"embeddable":true,"href":"https:\/\/matgroup.com\/index.php\/wp-json\/wp\/v2\/users\/1"}],"replies":[{"embeddable":true,"href":"https:\/\/matgroup.com\/index.php\/wp-json\/wp\/v2\/comments?post=3393"}],"version-history":[{"count":17,"href":"https:\/\/matgroup.com\/index.php\/wp-json\/wp\/v2\/pages\/3393\/revisions"}],"predecessor-version":[{"id":5861,"href":"https:\/\/matgroup.com\/index.php\/wp-json\/wp\/v2\/pages\/3393\/revisions\/5861"}],"wp:attachment":[{"href":"https:\/\/matgroup.com\/index.php\/wp-json\/wp\/v2\/media?parent=3393"}],"curies":[{"name":"wp","href":"https:\/\/api.w.org\/{rel}","templated":true}]}}