{"id":5866,"date":"2022-09-29T14:40:12","date_gmt":"2022-09-29T13:40:12","guid":{"rendered":"https:\/\/matgroup.com\/index.php\/cookie-policy"},"modified":"2022-10-03T14:30:05","modified_gmt":"2022-10-03T13:30:05","slug":"politica-de-cookes","status":"publish","type":"page","link":"https:\/\/matgroup.com\/index.php\/politica-de-cookes?lang=ca","title":{"rendered":"Pol\u00edtica de cookes"},"content":{"rendered":"<p>[vc_row css_animation=&#8221;&#8221; row_type=&#8221;row&#8221; use_row_as_full_screen_section=&#8221;no&#8221; type=&#8221;full_width&#8221; angled_section=&#8221;no&#8221; text_align=&#8221;left&#8221; background_image_as_pattern=&#8221;without_pattern&#8221;][vc_column][vc_column_text css=&#8221;.vc_custom_1664803195523{padding-bottom: 20px !important;}&#8221;]<\/p>\n<h1>INFORMACI\u00d3 DE L\u2019\u00daS DE COOKIES<\/h1>\n<p>[\/vc_column_text][vc_column_text]<\/p>\n<h2>Qu\u00e8 s\u00f3n les cookies?<\/h2>\n<p>&nbsp;<\/p>\n<p>Les cookies s\u00f3n petits arxius de dades que es reben en el terminal des del lloc web visitat i s&#8217;usen per a registrar certes interaccions de la navegaci\u00f3 en un lloc web emmagatzemant dades que podran ser actualitzats i recuperats. Aquests arxius s&#8217;emmagatzemen en l&#8217;ordinador de l&#8217;usuari i cont\u00e9 dades an\u00f2nimes que no s\u00f3n perjudicials per al seu equip. S&#8217;utilitzen per a recordar les prefer\u00e8ncies de l&#8217;usuari, com l&#8217;idioma seleccionat, dades d&#8217;acc\u00e9s o personalitzaci\u00f3 de la p\u00e0gina.<\/p>\n<p>&nbsp;<\/p>\n<p>Les Cookies tamb\u00e9 poden ser utilitzades per a registrar informaci\u00f3 an\u00f2nima sobre com un visitant utilitza un lloc. Per exemple, des de quina p\u00e0gina Web ha accedit, o si ha utilitzat un &#8220;b\u00e0ner&#8221; publicitari per a arribar.[\/vc_column_text][vc_empty_space height=&#8221;20px&#8221;][vc_column_text]<\/p>\n<h2>Quin \u00fas li donem als diferents tipus de cookies?<\/h2>\n<p>&nbsp;<\/p>\n<h3>Segons la seva finalitat:<\/h3>\n<p>&nbsp;<\/p>\n<table>\n<tbody>\n<tr style=\"background-color: #f7f6f4;\">\n<td style=\"text-align: left;\"><strong>Cookies t\u00e8cniques<\/strong><\/td>\n<td style=\"text-align: left;\">Les cookies t\u00e8cniques s\u00f3n aquelles faciliten la navegaci\u00f3 de l&#8217;usuari i la utilitzaci\u00f3 de les diferents opcions o serveis que ofereix la web com identificar la sessi\u00f3, permetre l&#8217;acc\u00e9s a determinades \u00e0rees, facilitar comandes, compres, emplenament de formularis, inscripcions, seguretat, facilitar funcionalitats (v\u00eddeos, xarxes socials\u2026).<\/td>\n<\/tr>\n<tr>\n<td style=\"text-align: left;\"><strong>Cookies de personalitzaci\u00f3<\/strong><\/td>\n<td style=\"text-align: left;\">Les cookies de personalitzaci\u00f3 permeten a l&#8217;usuari accedir als serveis segons les seves prefer\u00e8ncies (idioma, navegador, configuraci\u00f3\u2026).<br \/>\nLas cookies de personalitzaci\u00f3 permeten a l\u2019usuari.<br \/>\n.<\/td>\n<\/tr>\n<tr style=\"background-color: #f7f6f4;\">\n<td style=\"text-align: left;\"><strong>Cookies anal\u00edtiques<\/strong><\/td>\n<td style=\"text-align: left;\">Les cookies d&#8217;an\u00e0lisis s\u00f3n les utilitzades per a dur a terme l&#8217;an\u00e0lisi an\u00f2nima del comportament dels usuaris de la web i que permeten mesurar l&#8217;activitat de l&#8217;usuari i elaborar perfils de navegaci\u00f3 amb la fi objectiva de millorar els llocs web.<\/td>\n<\/tr>\n<tr>\n<td style=\"text-align: left;\"><strong>Cookies publicit\u00e0ries<\/strong><\/td>\n<td style=\"text-align: left;\">Les cookies publicit\u00e0ries permeten la gesti\u00f3 dels espais publicitaris de la web. A m\u00e9s, aquestes cookies poden ser de publicitat personalitzada i permetre aix\u00ed la gesti\u00f3 dels espais publicitaris de la web sobre la base del comportament i h\u00e0bits de navegaci\u00f3 d&#8217;usuari, d&#8217;on s&#8217;obt\u00e9 el seu perfil i permeten personalitzar la publicitat que es mostra en el navegador de l&#8217;usuari o altres perfils i xarxes socials de l&#8217;usuari.<\/td>\n<\/tr>\n<\/tbody>\n<\/table>\n<p>[\/vc_column_text][vc_empty_space height=&#8221;20px&#8221;][vc_column_text]<\/p>\n<h3>Segons el seu termini:<\/h3>\n<p>&nbsp;<\/p>\n<table>\n<tbody>\n<tr style=\"background-color: #f7f6f4;\">\n<td style=\"text-align: left;\"><strong>Cookies de sessi\u00f3<\/strong><\/td>\n<td style=\"text-align: left;\">Les cookies de sessi\u00f3 s\u00f3n aquelles que duren el temps que l&#8217;usuari est\u00e0 navegant per la p\u00e0gina Web i s&#8217;esborren en tancar el navegador.<\/td>\n<\/tr>\n<tr>\n<td style=\"text-align: left;\"><strong>Cookies persistents<\/strong><\/td>\n<td style=\"text-align: left;\">Aquestes cookies queden emmagatzemades en el terminal de l&#8217;usuari fins que s\u00f3n eliminades manualment o hagi concl\u00f2s el per\u00edode de durada establert per a aquesta cookie<\/td>\n<\/tr>\n<\/tbody>\n<\/table>\n<p>[\/vc_column_text][vc_empty_space height=&#8221;20px&#8221;][vc_column_text]<\/p>\n<h3>Segons la seva titularitat:<\/h3>\n<p>&nbsp;<\/p>\n<table>\n<tbody>\n<tr style=\"background-color: #f7f6f4;\">\n<td style=\"text-align: left;\"><strong>Cookies pr\u00f2pies <\/strong><\/td>\n<td style=\"text-align: left;\">Aquelles que s&#8217;envien a l&#8217;equip terminal de l&#8217;usuari des d&#8217;un equip o domini gestionat pel propi editor i des del qual es presta el servei sol\u00b7licitat per l&#8217;usuari.<\/td>\n<\/tr>\n<tr>\n<td style=\"text-align: left;\"><strong>Cookies de tercers<\/strong><\/td>\n<td style=\"text-align: left;\">Aquelles que s&#8217;envien a l&#8217;equip terminal de l&#8217;usuari des d&#8217;un equip o domini que no \u00e9s gestionat per l&#8217;editor, sin\u00f3 per una altra entitat que tracta les dades obtingudes trav\u00e9s de les cookies.<\/td>\n<\/tr>\n<\/tbody>\n<\/table>\n<p>[\/vc_column_text][vc_empty_space height=&#8221;20px&#8221;][vc_column_text]La seg\u00fcent taula recull la classificaci\u00f3 i descripci\u00f3 de les cookies utilitzades en la present p\u00e0gina web perqu\u00e8 puguis identificar-les en el teu navegador:<\/p>\n<p>&nbsp;<\/p>\n<div style=\"text-align: left !important;\"><table class=\"wt-cli-element cookielawinfo-classic cookielawinfo-row-cat-table\"><thead><tr><th scope=\"col\" class=\"cookielawinfo-column-1\">Cookie<\/th><th scope=\"col\" class=\"cookielawinfo-column-2\">Type<\/th><th scope=\"col\" class=\"cookielawinfo-column-3\">Duration<\/th><th scope=\"col\" class=\"cookielawinfo-column-4\">Description<\/th><\/thead><tbody><tr class=\"cookielawinfo-row-cat-title\"><th colspan=\"4\" class=\"cookielawinfo-row-cat-title-head\">Necessary<\/th><\/tr><tr class=\"cookielawinfo-row\"><td class=\"cookielawinfo-column-1\">CookieLawInfoConsent<\/td><td class=\"cookielawinfo-column-2\">HTTP Cookie<\/td><td class=\"cookielawinfo-column-3\">1 year<\/td><td class=\"cookielawinfo-column-4\">Records the default button state of the corresponding category &amp; the status of CCPA. It works only in coordination with the primary cookie.<\/td><\/tr><tr class=\"cookielawinfo-row\"><td class=\"cookielawinfo-column-1\">cookielawinfo-checkbox-advertisement<\/td><td class=\"cookielawinfo-column-2\">HTTP Cookie<\/td><td class=\"cookielawinfo-column-3\">1 year<\/td><td class=\"cookielawinfo-column-4\">Set by the GDPR Cookie Consent plugin, this cookie is used to record the user consent for the cookies in the \"Advertisement\" category .<\/td><\/tr><tr class=\"cookielawinfo-row\"><td class=\"cookielawinfo-column-1\">cookielawinfo-checkbox-necessary<\/td><td class=\"cookielawinfo-column-2\">HTTP Cookie<\/td><td class=\"cookielawinfo-column-3\">11 months<\/td><td class=\"cookielawinfo-column-4\">This cookie is set by GDPR Cookie Consent plugin. The cookies is used to store the user consent for the cookies in the category \"Necessary\".<\/td><\/tr><tr class=\"cookielawinfo-row\"><td class=\"cookielawinfo-column-1\">cookielawinfo-checkbox-functional<\/td><td class=\"cookielawinfo-column-2\">HTTP Cookie<\/td><td class=\"cookielawinfo-column-3\">11 months<\/td><td class=\"cookielawinfo-column-4\">The cookie is set by GDPR cookie consent to record the user consent for the cookies in the category \"Functional\".<\/td><\/tr><tr class=\"cookielawinfo-row\"><td class=\"cookielawinfo-column-1\">cookielawinfo-checkbox-performance<\/td><td class=\"cookielawinfo-column-2\">HTTP Cookie<\/td><td class=\"cookielawinfo-column-3\">11 months<\/td><td class=\"cookielawinfo-column-4\">This cookie is set by GDPR Cookie Consent plugin. The cookie is used to store the user consent for the cookies in the category \"Performance\".<\/td><\/tr><tr class=\"cookielawinfo-row\"><td class=\"cookielawinfo-column-1\">cookielawinfo-checkbox-analytics<\/td><td class=\"cookielawinfo-column-2\">HTTP Cookie<\/td><td class=\"cookielawinfo-column-3\">11 months<\/td><td class=\"cookielawinfo-column-4\">This cookie is set by GDPR Cookie Consent plugin. The cookie is used to store the user consent for the cookies in the category \"Analytics\".<\/td><\/tr><tr class=\"cookielawinfo-row\"><td class=\"cookielawinfo-column-1\">cookielawinfo-checkbox-others<\/td><td class=\"cookielawinfo-column-2\">HTTP Cookie<\/td><td class=\"cookielawinfo-column-3\">11 months<\/td><td class=\"cookielawinfo-column-4\">This cookie is set by GDPR Cookie Consent plugin. The cookie is used to store the user consent for the cookies in the category \"Other.<\/td><\/tr><tr class=\"cookielawinfo-row\"><td class=\"cookielawinfo-column-1\">viewed_cookie_policy<\/td><td class=\"cookielawinfo-column-2\">HTTP Cookie<\/td><td class=\"cookielawinfo-column-3\">11 months<\/td><td class=\"cookielawinfo-column-4\">The cookie is set by the GDPR Cookie Consent plugin and is used to store whether or not user has consented to the use of cookies. It does not store any personal data.<\/td><\/tr><tr class=\"cookielawinfo-row-cat-title\"><th colspan=\"4\" class=\"cookielawinfo-row-cat-title-head\">Performance<\/th><\/tr><tr class=\"cookielawinfo-row\"><td class=\"cookielawinfo-column-1\">__utmc<\/td><td class=\"cookielawinfo-column-2\">Google Analytics<\/td><td class=\"cookielawinfo-column-3\">session<\/td><td class=\"cookielawinfo-column-4\">The cookie is set by Google Analytics and is deleted when the user closes the browser. It is used to enable interoperability with urchin.js, which is an older version of Google Analytics and is used in conjunction with the __utmb cookie to determine new sessions\/visits.<\/td><\/tr><tr class=\"cookielawinfo-row\"><td class=\"cookielawinfo-column-1\">__utmz<\/td><td class=\"cookielawinfo-column-2\">Google Analytics<\/td><td class=\"cookielawinfo-column-3\">6 months<\/td><td class=\"cookielawinfo-column-4\">Google Analytics sets this cookie to store the traffic source or campaign by which the visitor reached the site.<\/td><\/tr><tr class=\"cookielawinfo-row\"><td class=\"cookielawinfo-column-1\">__utmt<\/td><td class=\"cookielawinfo-column-2\">Google Analytics<\/td><td class=\"cookielawinfo-column-3\">10 minutes<\/td><td class=\"cookielawinfo-column-4\">Google Analytics sets this cookie to inhibit request rate.<\/td><\/tr><tr class=\"cookielawinfo-row\"><td class=\"cookielawinfo-column-1\">__utmb<\/td><td class=\"cookielawinfo-column-2\">Google Analytics<\/td><td class=\"cookielawinfo-column-3\">30 minutes<\/td><td class=\"cookielawinfo-column-4\">Google Analytics sets this cookie, to determine new sessions\/visits. __utmb cookie is created when the JavaScript library executes and there are no existing __utma cookies. It is updated every time data is sent to Google Analytics.<\/td><\/tr><tr class=\"cookielawinfo-row\"><td class=\"cookielawinfo-column-1\">__utma<\/td><td class=\"cookielawinfo-column-2\">Google Analytics<\/td><td class=\"cookielawinfo-column-3\">2 years<\/td><td class=\"cookielawinfo-column-4\">This cookie is set by Google Analytics and is used to distinguish users and sessions. The cookie is created when the JavaScript library executes and there are no existing __utma cookies. The cookie is updated every time data is sent to Google Analytics.<\/td><\/tr><tr class=\"cookielawinfo-row-cat-title\"><th colspan=\"4\" class=\"cookielawinfo-row-cat-title-head\">Analytics<\/th><\/tr><tr class=\"cookielawinfo-row\"><td class=\"cookielawinfo-column-1\">CONSENT<\/td><td class=\"cookielawinfo-column-2\">HTTP Cookie<\/td><td class=\"cookielawinfo-column-3\">2 years<\/td><td class=\"cookielawinfo-column-4\">YouTube sets this cookie via embedded youtube-videos and registers anonymous statistical data.<\/td><\/tr><\/tbody><\/table><\/div>\n<p>[\/vc_column_text][vc_empty_space height=&#8221;20px&#8221;][vc_column_text]<strong>MAT PRODUCT and TECHNOLOGY SL<\/strong> utilitza cookies t\u00e8cniques, de personalitzaci\u00f3 i an\u00e0lisis, pr\u00f2pies i de tercers, que tracten dades de connexi\u00f3 i\/o dispositiu, aix\u00ed com h\u00e0bits de navegaci\u00f3 per a finalitats estad\u00edstiques.<\/p>\n<p>&nbsp;<\/p>\n<p>Per aix\u00f2, al accedir a la nostra web, en compliment de l\u2019article 22 de la Llei de Serveis de la Societat de la Informaci\u00f3 li hem sol\u00b7licitat el seu consentiment per al seu \u00fas.<\/p>\n<p>&nbsp;<\/p>\n<p>El subministrament de dades personals a trav\u00e9s del nostre portal i el consentiment per a l\u2019\u00fas de cookies requereix una edat m\u00ednima de 14 anys i l\u2019acceptaci\u00f3 expressa de la nostra Pol\u00edtica de Privacitat.[\/vc_column_text][vc_empty_space height=&#8221;20px&#8221;][vc_column_text]De totes maneres, li informem que pot activar o desactivar les cookies seguint les instruccions del seu navegador d\u2019Internet:<\/p>\n<table>\n<tbody>\n<tr style=\"background-color: #f7f6f4;\">\n<td style=\"text-align: left;\"><strong>Chrome<\/strong><\/td>\n<td style=\"text-align: left;\">Configuraci\u00f3 \u2192 Mostrar opcions avan\u00e7ades \u2192 Privacitat \u2192 Configuraci\u00f3 de contingut.<\/td>\n<td style=\"text-align: left;\"><a href=\"https:\/\/support.google.com\/\" target=\"_blank\" rel=\"noopener\">support.google.com<\/a><\/td>\n<\/tr>\n<tr>\n<td style=\"text-align: left;\"><strong>Firefox<\/strong><\/td>\n<td style=\"text-align: left;\">Eines \u2192 Opcions \u2192 Privacitat \u2192 Historial \u2192 Configuraci\u00f3 Personalitzada.<\/td>\n<td style=\"text-align: left;\"><a href=\"https:\/\/support.mozilla.org\/\" target=\"_blank\" rel=\"noopener\">support.mozilla.org<\/a><\/td>\n<\/tr>\n<tr style=\"background-color: #f7f6f4;\">\n<td style=\"text-align: left;\"><strong>Internet Explorer <\/strong><\/td>\n<td style=\"text-align: left;\">Eines \u2192 Opcions d\u2019Internet \u2192 Privacitat \u2192 Configuraci\u00f3.<\/td>\n<td style=\"text-align: left;\"><a href=\"https:\/\/windows.microsoft.com\" target=\"_blank\" rel=\"noopener\">windows.microsoft.com<\/a><\/td>\n<\/tr>\n<tr>\n<td style=\"text-align: left;\"><strong>Opera <\/strong><\/td>\n<td style=\"text-align: left;\">Eines \u2192 Prefer\u00e8ncies \u2192 Editar prefer\u00e8ncies \u2192 Cookies.<\/td>\n<td style=\"text-align: left;\"><a href=\"http:\/\/www.opera.com\/help\/tutorials\/security\/cookies\/\" target=\"_blank\" rel=\"noopener\">http:\/\/www.opera.com\/help\/tutorials\/security\/cookies\/<\/a><\/td>\n<\/tr>\n<tr style=\"background-color: #f7f6f4;\">\n<td style=\"text-align: left;\"><strong>Safari<\/strong><\/td>\n<td style=\"text-align: left;\">Prefer\u00e8ncies \u2192 Seguretat<\/td>\n<td style=\"text-align: left;\"><a href=\"http:\/\/www.apple.com\" target=\"_blank\" rel=\"noopener\">http:\/\/www.apple.com<\/a><\/td>\n<\/tr>\n<tr>\n<td style=\"text-align: left;\"><strong>Edge<\/strong><\/td>\n<td style=\"text-align: left;\">Configuraci\u00f3 \u2192 Veure configuraci\u00f3 avan\u00e7ada \u2192 Privacitat i serveis \u2192 Cookies.<\/td>\n<td style=\"text-align: left;\"><a href=\"https:\/\/privacy.microsoft.com\/es-es\/windows-10-microsoft-edge-and-privacy\" target=\"_blank\" rel=\"noopener\">https:\/\/privacy.microsoft.com\/es-es\/windows-10-microsoft-edge-and-privacy<\/a><\/td>\n<\/tr>\n<\/tbody>\n<\/table>\n<p>[\/vc_column_text][\/vc_column][\/vc_row]<\/p>\n","protected":false},"excerpt":{"rendered":"<p>[vc_row css_animation=&#8221;&#8221; row_type=&#8221;row&#8221; use_row_as_full_screen_section=&#8221;no&#8221; type=&#8221;full_width&#8221; angled_section=&#8221;no&#8221; text_align=&#8221;left&#8221; background_image_as_pattern=&#8221;without_pattern&#8221;][vc_column][vc_column_text css=&#8221;.vc_custom_1664803195523{padding-bottom: 20px !important;}&#8221;] INFORMACI\u00d3 DE L\u2019\u00daS DE COOKIES [\/vc_column_text][vc_column_text] Qu\u00e8 s\u00f3n les cookies? &nbsp; Les cookies s\u00f3n petits arxius de dades que es reben en el terminal des del lloc web visitat i s&#8217;usen per a registrar&#8230;<\/p>\n","protected":false},"author":1,"featured_media":0,"parent":0,"menu_order":0,"comment_status":"closed","ping_status":"closed","template":"","meta":{"footnotes":""},"class_list":["post-5866","page","type-page","status-publish","hentry"],"aioseo_notices":[],"_links":{"self":[{"href":"https:\/\/matgroup.com\/index.php\/wp-json\/wp\/v2\/pages\/5866","targetHints":{"allow":["GET"]}}],"collection":[{"href":"https:\/\/matgroup.com\/index.php\/wp-json\/wp\/v2\/pages"}],"about":[{"href":"https:\/\/matgroup.com\/index.php\/wp-json\/wp\/v2\/types\/page"}],"author":[{"embeddable":true,"href":"https:\/\/matgroup.com\/index.php\/wp-json\/wp\/v2\/users\/1"}],"replies":[{"embeddable":true,"href":"https:\/\/matgroup.com\/index.php\/wp-json\/wp\/v2\/comments?post=5866"}],"version-history":[{"count":4,"href":"https:\/\/matgroup.com\/index.php\/wp-json\/wp\/v2\/pages\/5866\/revisions"}],"predecessor-version":[{"id":5914,"href":"https:\/\/matgroup.com\/index.php\/wp-json\/wp\/v2\/pages\/5866\/revisions\/5914"}],"wp:attachment":[{"href":"https:\/\/matgroup.com\/index.php\/wp-json\/wp\/v2\/media?parent=5866"}],"curies":[{"name":"wp","href":"https:\/\/api.w.org\/{rel}","templated":true}]}}