{"id":6154,"date":"2023-01-23T09:47:13","date_gmt":"2023-01-23T08:47:13","guid":{"rendered":"https:\/\/matgroup.com\/index.php\/projects"},"modified":"2023-06-09T11:42:18","modified_gmt":"2023-06-09T10:42:18","slug":"projects","status":"publish","type":"page","link":"https:\/\/matgroup.com\/index.php\/projects?lang=ca","title":{"rendered":"CENTRE PER AL DESENVOLUPAMENT TECNOL\u00d2GIC I LA INNOVACI\u00d3 -E.P.E. CDTI- PROJECTE COFINAN\u00c7AT PEL FONS EUROPEU DE DESENVOLUPAMENT REGIONAL -FEDER-"},"content":{"rendered":"<p>[vc_row css_animation=&#8221;&#8221; row_type=&#8221;row&#8221; use_row_as_full_screen_section=&#8221;no&#8221; type=&#8221;full_width&#8221; angled_section=&#8221;no&#8221; text_align=&#8221;left&#8221; background_image_as_pattern=&#8221;without_pattern&#8221;][vc_column][vc_column_text]<\/p>\n<h1 style=\"text-align: center; font-size: 22px;\">CENTRE PER AL DESENVOLUPAMENT TECNOL\u00d2GIC I LA INNOVACI\u00d3 -E.P.E. CDTI- PROJECTE COFINAN\u00c7AT PEL FONS EUROPEU DE DESENVOLUPAMENT REGIONAL -FEDER-<\/h1>\n<p>&nbsp;<\/p>\n<p>&nbsp;<\/p>\n<p>MAT PRODUCT &amp; TECHNOLOGY, S.L. ha participat en el projecte de Recerca i desenvolupament del vestit d&#8217;una sola pe\u00e7a amb gesti\u00f3 del clima i escut facial respiratori integrat.<\/p>\n<p>&nbsp;<\/p>\n<p>Aquest projecte (IDI-20210208) amb data d&#8217;inici 01.01.2021 i data de finalitzaci\u00f3 31.10.2022 ha estat cofinan\u00e7at pel Fons Europeu de Desenvolupament Regional (FEDER) a trav\u00e9s del Programa Operatiu pluriregional d&#8217;Espanya 2014-2020.<\/p>\n<p>Pressupost del projecte: 611.394,00\u20ac &#8211; Finan\u00e7ament-CDTI- FEDER: 519.683,68\u20ac<\/p>\n<p>&nbsp;<\/p>\n<p style=\"text-align: center;\">Fons Europeu de Desenvolupament Regional (FEDER)<br \/>\n<em>Una manera de fer Europa<\/em><\/p>\n<p>[\/vc_column_text][\/vc_column][\/vc_row][vc_row css_animation=&#8221;&#8221; row_type=&#8221;row&#8221; use_row_as_full_screen_section=&#8221;no&#8221; type=&#8221;full_width&#8221; angled_section=&#8221;no&#8221; text_align=&#8221;left&#8221; background_image_as_pattern=&#8221;without_pattern&#8221; css=&#8221;.vc_custom_1674463942809{margin-top: 30px !important;}&#8221; z_index=&#8221;&#8221;][vc_column width=&#8221;1\/2&#8243;][vc_single_image image=&#8221;6148&#8243; img_size=&#8221;full&#8221; alignment=&#8221;center&#8221; qode_css_animation=&#8221;&#8221; css=&#8221;.vc_custom_1686126050992{padding-top: 30px !important;}&#8221;][\/vc_column][vc_column width=&#8221;1\/2&#8243;][vc_single_image image=&#8221;5476&#8243; img_size=&#8221;full&#8221; alignment=&#8221;center&#8221; qode_css_animation=&#8221;&#8221;][\/vc_column][\/vc_row]<\/p>\n","protected":false},"excerpt":{"rendered":"<p>[vc_row css_animation=&#8221;&#8221; row_type=&#8221;row&#8221; use_row_as_full_screen_section=&#8221;no&#8221; type=&#8221;full_width&#8221; angled_section=&#8221;no&#8221; text_align=&#8221;left&#8221; background_image_as_pattern=&#8221;without_pattern&#8221;][vc_column][vc_column_text] CENTRE PER AL DESENVOLUPAMENT TECNOL\u00d2GIC I LA INNOVACI\u00d3 -E.P.E. CDTI- PROJECTE COFINAN\u00c7AT PEL FONS EUROPEU DE DESENVOLUPAMENT REGIONAL -FEDER- &nbsp; &nbsp; MAT PRODUCT &amp; TECHNOLOGY, S.L. ha participat en el projecte de Recerca i desenvolupament del vestit&#8230;<\/p>\n","protected":false},"author":1,"featured_media":0,"parent":0,"menu_order":0,"comment_status":"closed","ping_status":"closed","template":"","meta":{"footnotes":""},"class_list":["post-6154","page","type-page","status-publish","hentry"],"aioseo_notices":[],"_links":{"self":[{"href":"https:\/\/matgroup.com\/index.php\/wp-json\/wp\/v2\/pages\/6154","targetHints":{"allow":["GET"]}}],"collection":[{"href":"https:\/\/matgroup.com\/index.php\/wp-json\/wp\/v2\/pages"}],"about":[{"href":"https:\/\/matgroup.com\/index.php\/wp-json\/wp\/v2\/types\/page"}],"author":[{"embeddable":true,"href":"https:\/\/matgroup.com\/index.php\/wp-json\/wp\/v2\/users\/1"}],"replies":[{"embeddable":true,"href":"https:\/\/matgroup.com\/index.php\/wp-json\/wp\/v2\/comments?post=6154"}],"version-history":[{"count":4,"href":"https:\/\/matgroup.com\/index.php\/wp-json\/wp\/v2\/pages\/6154\/revisions"}],"predecessor-version":[{"id":6169,"href":"https:\/\/matgroup.com\/index.php\/wp-json\/wp\/v2\/pages\/6154\/revisions\/6169"}],"wp:attachment":[{"href":"https:\/\/matgroup.com\/index.php\/wp-json\/wp\/v2\/media?parent=6154"}],"curies":[{"name":"wp","href":"https:\/\/api.w.org\/{rel}","templated":true}]}}